{"id":1100,"date":"2017-11-15T01:03:39","date_gmt":"2017-11-15T00:03:39","guid":{"rendered":"https:\/\/resurs.edlead.edu.rs\/?page_id=1100"},"modified":"2017-11-16T11:30:13","modified_gmt":"2017-11-16T10:30:13","slug":"planiranje-rada-ustanove","status":"publish","type":"page","link":"http:\/\/edlead.pefja.kg.ac.rs\/resurs\/planiranje-rada-ustanove\/","title":{"rendered":"Planiranje rada ustanove"},"content":{"rendered":"<p>Opis standarda: Direktor obezbe\u0111uje dono\u0161enje i sprovo\u0111enje planova rada ustanove.<\/p>\n<p>&nbsp;<\/p>\n\t\t\t\t\t\t<style>\r\n\t\t\t\t\r\n\t\t\t\t\t#tab_container_1280 {\r\n\toverflow:hidden;\r\n\tdisplay:block;\r\n\twidth:100%;\r\n\tborder:0px solid #ddd;\r\n\tmargin-bottom:30px;\r\n\t}\r\n\r\n#tab_container_1280 .tab-content{\r\n\tpadding:20px;\r\n\tborder: 1px solid #e6e6e6 !important;\r\n\tmargin-top: 0px;\r\n\tbackground-color:#ffffff !important;\r\n\tcolor: #000000 !important;\r\n\tfont-size:16px !important;\r\n\tfont-family: Open Sans !important;\r\n\t\r\n\t\t\tborder: 0px solid #e6e6e6 !important;\r\n\t\t\r\n\t}\r\n#tab_container_1280 .wpsm_nav-tabs {\r\n    border-bottom: 0px solid #ddd;\r\n}\r\n#tab_container_1280 .wpsm_nav-tabs > li.active > a, #tab_container_1280 .wpsm_nav-tabs > li.active > a:hover, #tab_container_1280 .wpsm_nav-tabs > li.active > a:focus {\r\n\tcolor: #000000 !important;\r\n\tcursor: default;\r\n\tbackground-color: #ffffff !important;\r\n\tborder: 1px solid #e6e6e6 !important;\r\n}\r\n\r\n#tab_container_1280 .wpsm_nav-tabs > li > a {\r\n    margin-right: 0px !important; \r\n    line-height: 1.42857143 !important;\r\n    border: 1px solid #d5d5d5 !important;\r\n    border-radius: 0px 0px 0 0 !important; \r\n\tbackground-color: #e8e8e8 !important;\r\n\tcolor: #000000 !important;\r\n\tpadding: 15px 18px 15px 18px !important;\r\n\ttext-decoration: none !important;\r\n\tfont-size: 14px !important;\r\n\ttext-align:center !important;\r\n\tfont-family: Open Sans !important;\r\n}\r\n#tab_container_1280 .wpsm_nav-tabs > li > a:focus {\r\noutline: 0px !important;\r\n}\r\n\r\n#tab_container_1280 .wpsm_nav-tabs > li > a:before {\r\n\tdisplay:none !important;\r\n}\r\n#tab_container_1280 .wpsm_nav-tabs > li > a:after {\r\n\tdisplay:none !important ;\r\n}\r\n#tab_container_1280 .wpsm_nav-tabs > li{\r\npadding:0px !important ;\r\nmargin:0px;\r\n}\r\n\r\n#tab_container_1280 .wpsm_nav-tabs > li > a:hover , #tab_container_1280 .wpsm_nav-tabs > li > a:focus {\r\n    color: #000000 !important;\r\n    background-color: #e8e8e8 !important;\r\n\tborder: 1px solid #d5d5d5 !important;\r\n\t\r\n}\r\n#tab_container_1280 .wpsm_nav-tabs > li > a .fa{\r\n\r\nmargin-right:5px !important;\r\n\r\nmargin-left:5px !important;\r\n\r\n\r\n}\r\n\r\n\t\t#tab_container_1280 .wpsm_nav-tabs a{\r\n\t\t\tbackground-image: none;\r\n\t\t\tbackground-position: 0 0;\r\n\t\t\tbackground-repeat: repeat-x;\r\n\t\t}\r\n\t\t\t\r\n\r\n\r\n#tab_container_1280 .wpsm_nav-tabs > li {\r\n    float: left;\r\n    margin-bottom: -1px !important;\r\n\tmargin-right:0px !important; \r\n}\r\n\r\n\r\n#tab_container_1280 .tab-content{\r\noverflow:hidden !important;\r\n}\r\n\r\n\r\n@media (min-width: 769px) {\r\n\r\n\t#tab_container_1280 .wpsm_nav-tabs > li{\r\n\t\tfloat:left !important ;\r\n\t\t\t\tmargin-right:-1px !important;\r\n\t\t\t\t\t}\r\n\t#tab_container_1280 .wpsm_nav-tabs{\r\n\t\tfloat:none !important;\r\n\t\tmargin:0px !important;\r\n\t}\r\n\r\n\t#tab_container_1280 .wpsm_nav-tabs > li {\r\n\t\t\t\t\r\n\t}\r\n\t#tab_container_1280 .wpsm_nav{\r\n\t\t\t}\r\n\r\n}\r\n\r\n\r\n\r\n@media (max-width: 768px) {\r\n\t#tab_container_1280 .wpsm_nav-tabs > li {\r\n\t\t\t\t\r\n\t}\r\n\t#tab_container_1280 .wpsm_nav{\r\n\t\t\t}\r\n}\r\n\r\n\r\n\t.wpsm_nav-tabs li:before{\r\n\t\tdisplay:none !important;\r\n\t}\r\n\r\n\t@media (max-width: 768px) {\r\n\t\t\t\t\r\n\t\t\t\t.wpsm_nav-tabs{\r\n\t\t\tmargin-left:0px !important;\r\n\t\t\tmargin-right:0px !important; \r\n\t\t\t\r\n\t\t}\r\n\t\t\t\t#tab_container_1280 .wpsm_nav-tabs > li{\r\n\t\t\tfloat:none !important;\r\n\t\t}\r\n\t\t\t\r\n\t}\t\t\t\t<\/style>\r\n\t\t\t\t<div id=\"tab_container_1280\" >\r\n\t \r\n\t\t\t\t\t<ul class=\"wpsm_nav wpsm_nav-tabs\" role=\"tablist\" id=\"myTab_1280\">\r\n\t\t\t\t\t\t\t\r\n\t\t\t\t\t\t\t<li role=\"presentation\"  class=\"active\"  onclick=\"do_resize()\">\r\n\t\t\t\t\t\t\t\t<a href=\"#tabs_desc_1280_1\" aria-controls=\"tabs_desc_1280_1\" role=\"tab\" data-toggle=\"tab\">\r\n\t\t\t\t\t\t\t\t\t\r\n\t\t\t\t\t\t\t\t\t\t\t\t\t\t\t\t\t\t\t\t\t\t\t\t\t\t\t\t\r\n\t\t\t\t\t\t\t\t\t\t\t\t\t\t\t\t\t\t\r\n\t\t\t\t\t\t\t\t\t<span>Srpski jezik<\/span>\r\n\t\t\t\t\t\t\t\t\t\r\n\t\t\t\t\t\t\t\t\t\t\t\t\t\t\t\t\t\t\r\n\t\t\t\t\t\t\t\t\t\t\t\t\t\t\t\t\t\t\t\t\r\n\t\t\t\t\t\t\t\t\t\r\n\t\t\t\t\t\t\t\t<\/a>\r\n\t\t\t\t\t\t\t<\/li>\r\n\t\t\t\t\t\t\t\r\n\t\t\t\t\t\t\t<li role=\"presentation\"  onclick=\"do_resize()\">\r\n\t\t\t\t\t\t\t\t<a href=\"#tabs_desc_1280_2\" aria-controls=\"tabs_desc_1280_2\" role=\"tab\" data-toggle=\"tab\">\r\n\t\t\t\t\t\t\t\t\t\r\n\t\t\t\t\t\t\t\t\t\t\t\t\t\t\t\t\t\t\t\t\t\t\t\t\t\t\t\t\r\n\t\t\t\t\t\t\t\t\t\t\t\t\t\t\t\t\t\t\r\n\t\t\t\t\t\t\t\t\t<span>Engleski jezik<\/span>\r\n\t\t\t\t\t\t\t\t\t\r\n\t\t\t\t\t\t\t\t\t\t\t\t\t\t\t\t\t\t\r\n\t\t\t\t\t\t\t\t\t\t\t\t\t\t\t\t\t\t\t\t\r\n\t\t\t\t\t\t\t\t\t\r\n\t\t\t\t\t\t\t\t<\/a>\r\n\t\t\t\t\t\t\t<\/li>\r\n\t\t\t\t\t\t\t\t\t\t\t <\/ul>\r\n\r\n\t\t\t\t\t  <!-- Tab panes -->\r\n\t\t\t\t\t  <div class=\"tab-content\" id=\"tab-content_1280\">\r\n\t\t\t\t\t\t\t\t\t\t\t\t <div role=\"tabpanel\" class=\"tab-pane  in active \" id=\"tabs_desc_1280_1\">\r\n\t\t\t\t\t\t\t\t<table width=\"100%\">\r\n<tbody>\r\n<tr>\r\n<td width=\"35%\">\r\n<p style=\"text-align: center;\"><strong>Naziv<\/strong><\/p>\r\n<\/td>\r\n<td style=\"text-align: center;\" width=\"35%\"><strong>Autor<\/strong><\/td>\r\n<td width=\"29%\">\r\n<p style=\"text-align: center;\"><strong>Godina<\/strong><\/p>\r\n<\/td>\r\n<\/tr>\r\n<tr>\r\n<td width=\"35%\"><a href=\"http:\/\/www.unicef.rs\/wp-content\/uploads\/2016\/09\/Prepoznaj_promovisi_i_prosiri_Price_o_uspesnim_skolama.pdf\">Prepoznaj, promovi\u0161i i Pro\u0161iri \u2013 pri\u010de o uspe\u0161nim \u0161kolama<\/a><\/td>\r\n<td width=\"35%\">Urednici:\r\nAleksandar Baucal,\r\nDragica Pavlovi\u0107 Babi\u0107<\/td>\r\n<td width=\"29%\">2016<\/td>\r\n<\/tr>\r\n<tr>\r\n<td width=\"35%\"><a href=\"http:\/\/www.unicef.rs\/wp-content\/uploads\/2017\/01\/SRP_Webinar_Booklet_14.pdf\">Vebinar: Planiranje, pra\u0107enje i evaluacija<\/a><\/td>\r\n<td width=\"35%\">UNICEF<\/td>\r\n<td width=\"29%\">2014<\/td>\r\n<\/tr>\r\n<tr>\r\n<td width=\"35%\"><a href=\"http:\/\/www.ipisr.org.rs\/Upload\/Dokumenta\/Strane\/ZbornikInstituta\/43(1)2011\/Zbornik-10-102.pdf\">\u0160kolsko razvojno planiranje u Srbiji:<\/a>\u00a0<a href=\"http:\/\/www.ipisr.org.rs\/Upload\/Dokumenta\/Strane\/ZbornikInstituta\/43(1)2011\/Zbornik-10-102.pdf\">Kako ga vrednuju nastavnici<\/a><\/td>\r\n<td width=\"35%\">Dejan Stankovi\u0107<\/td>\r\n<td width=\"29%\">2011<\/td>\r\n<\/tr>\r\n<tr>\r\n<td width=\"35%\"><a href=\"http:\/\/www.mreza-mira.net\/wp-content\/uploads\/Pristup-putem-logickog-okvira.pdf\">Pristup putem logi\u010dkog<\/a>\u00a0<a href=\"http:\/\/www.mreza-mira.net\/wp-content\/uploads\/Pristup-putem-logickog-okvira.pdf\">okvira (LFA) -<\/a>\r\n<a href=\"http:\/\/www.mreza-mira.net\/wp-content\/uploads\/Pristup-putem-logickog-okvira.pdf\">Priru\u010dnik za planiranje usmereno na ciljeve<\/a><\/td>\r\n<td width=\"35%\">NORAD Norve\u0161ka agencija za razvoj i saradnju<\/td>\r\n<td width=\"29%\">2003<\/td>\r\n<\/tr>\r\n<tr>\r\n<td width=\"35%\"><a href=\"https:\/\/resurs.edlead.edu.rs\/wp-content\/uploads\/2017\/11\/dok265-srp-Skolsko_razvojno_planiranje_put_ka_skoli_kakvu_zelimo1.pdf\">\u0160kolsko razvojno planiranje - put ka \u0161koli kakvu \u017eelimo<\/a><\/td>\r\n<td width=\"35%\">Ministarstvo prosvete i sporta RS<\/td>\r\n<td width=\"29%\">2002<\/td>\r\n<\/tr>\r\n<tr>\r\n<td width=\"35%\"><a href=\"http:\/\/www.suk.gov.rs\/dotAsset\/7310.pdf\">Priru\u010dnik za izradu logi\u010dke matrice: klju\u010dni instrument za upravljanje projektnim ciklusom<\/a><\/td>\r\n<td width=\"35%\">Ministarstvo finansija Republike Srbije<\/td>\r\n<td width=\"29%\">Nedatirano<\/td>\r\n<\/tr>\r\n<tr>\r\n<td width=\"35%\"><a href=\"http:\/\/projects.tempus.ac.rs\/attachments\/project_resource\/759\/1013_M%20Chapter%203%20SWOT_Manual%20R_Nikolic.pdf\">Swot analiza: \u0161ta je to i kako se primenjuje<\/a><\/td>\r\n<td width=\"35%\">Ru\u017eica Nikoli\u0107<\/td>\r\n<td width=\"29%\">Nedatirano<\/td>\r\n<\/tr>\r\n<\/tbody>\r\n<\/table>\t\t\t\t\t\t <\/div>\r\n\t\t\t\t\t\t\t\t\t\t\t\t <div role=\"tabpanel\" class=\"tab-pane \" id=\"tabs_desc_1280_2\">\r\n\t\t\t\t\t\t\t\t<table width=\"100%\">\r\n<tbody>\r\n<tr>\r\n<td width=\"35%\">\r\n<p style=\"text-align: center;\"><strong>Naziv<\/strong><\/p>\r\n<\/td>\r\n<td style=\"text-align: center;\" width=\"35%\"><strong>Autor<\/strong><\/td>\r\n<td width=\"29%\">\r\n<p style=\"text-align: center;\"><strong>Godina<\/strong><\/p>\r\n<\/td>\r\n<\/tr>\r\n<tr>\r\n<td width=\"35%\"><a href=\"http:\/\/www.ncpublicschools.org\/docs\/program-monitoring\/planning\/sip-guide.pdf\">North Carolina School Improvement Planning Implementation Guide<\/a><\/td>\r\n<td width=\"35%\">North Carolina Department of Public Instruction<\/td>\r\n<td width=\"29%\">2016<\/td>\r\n<\/tr>\r\n<tr>\r\n<td width=\"35%\"><a href=\"https:\/\/www.carnegiefoundation.org\/wp-content\/uploads\/2014\/09\/carnegie-foundation_continuous-improvement_2013.05.pdf\">Continuous improvement in education<\/a><\/td>\r\n<td width=\"35%\">Sandra Park, Stephanie Hironaka, Penny Carver, Lee Nordstrum<\/td>\r\n<td width=\"29%\">2013<\/td>\r\n<\/tr>\r\n<tr>\r\n<td width=\"35%\"><a href=\"https:\/\/www.education-ni.gov.uk\/sites\/default\/files\/publications\/de\/every-school-a-good-school-school-development-planning-guidance-2010-english-version.pdf\">Every School a Good School -\u00a0<\/a><a href=\"https:\/\/www.education-ni.gov.uk\/sites\/default\/files\/publications\/de\/every-school-a-good-school-school-development-planning-guidance-2010-english-version.pdf\">School Development\u00a0<\/a><a href=\"https:\/\/www.education-ni.gov.uk\/sites\/default\/files\/publications\/de\/every-school-a-good-school-school-development-planning-guidance-2010-english-version.pdf\">Planning<\/a><\/td>\r\n<td width=\"35%\">Department of Education, Northern Ireland<\/td>\r\n<td width=\"29%\">2010<\/td>\r\n<\/tr>\r\n<tr>\r\n<td width=\"35%\"><a href=\"http:\/\/www.edu.gov.on.ca\/eng\/document\/reports\/sihande.pdf\">School Improvement Planning: A Handbook<\/a><\/td>\r\n<td width=\"35%\">Education Improvement Commission \u2013 Ontario Ministry of Education<\/td>\r\n<td width=\"29%\">2000<\/td>\r\n<\/tr>\r\n<tr>\r\n<td width=\"35%\"><a href=\"http:\/\/www.educatetogether.ie\/wordpress\/wp-content\/uploads\/2010\/02\/developing_a_school_plan_guidelines.pdf\">School Planning.<\/a>\r\n<a href=\"http:\/\/www.educatetogether.ie\/wordpress\/wp-content\/uploads\/2010\/02\/developing_a_school_plan_guidelines.pdf\">Developing a School Plan<\/a>\u00a0<a href=\"http:\/\/www.educatetogether.ie\/wordpress\/wp-content\/uploads\/2010\/02\/developing_a_school_plan_guidelines.pdf\">Guidelines for Primary Schools<\/a><\/td>\r\n<td width=\"35%\">Department of Education and Science\r\nIreland<\/td>\r\n<td width=\"29%\">1999<\/td>\r\n<\/tr>\r\n<tr>\r\n<td width=\"35%\"><a href=\"http:\/\/sitool.ascd.org\/Default.aspx?ReturnUrl=%2f\">ASCD school improvement tool<\/a><\/td>\r\n<td width=\"35%\">Association for Supervision and Curriculum Development<\/td>\r\n<td width=\"29%\">Nedatirano<\/td>\r\n<\/tr>\r\n<\/tbody>\r\n<\/table>\t\t\t\t\t\t <\/div>\r\n\t\t\t\t\t\t\t\r\n\t\t\t\t\t <\/div>\r\n\t\t\t\t\t \r\n\t\t\t\t <\/div>\r\n <script>\r\n\t\tjQuery(function () {\r\n\t\t\tjQuery('#myTab_1280 a:first').tab('show')\r\n\t\t});\r\n\t\t\r\n\t\t\t\tjQuery(function(){\r\n\t\t\tvar b=\"fadeIn\";\r\n\t\t\tvar c;\r\n\t\t\tvar a;\r\n\t\t\td(jQuery(\"#myTab_1280 a\"),jQuery(\"#tab-content_1280\"));function d(e,f,g){\r\n\t\t\t\te.click(function(i){\r\n\t\t\t\t\ti.preventDefault();\r\n\t\t\t\t\tjQuery(this).tab(\"show\");\r\n\t\t\t\t\tvar h=jQuery(this).data(\"easein\");\r\n\t\t\t\t\tif(c){c.removeClass(a);}\r\n\t\t\t\t\tif(h){f.find(\"div.active\").addClass(\"animated \"+h);a=h;}\r\n\t\t\t\t\telse{if(g){f.find(\"div.active\").addClass(\"animated \"+g);a=g;}else{f.find(\"div.active\").addClass(\"animated \"+b);a=b;}}c=f.find(\"div.active\");\r\n\t\t\t\t});\r\n\t\t\t}\r\n\t\t});\r\n\t\t\r\n\r\n\t\tfunction do_resize(){\r\n\r\n\t\t\tvar width=jQuery( '.tab-content .tab-pane iframe' ).width();\r\n\t\t\tvar height=jQuery( '.tab-content .tab-pane iframe' ).height();\r\n\r\n\t\t\tvar toggleSize = true;\r\n\t\t\tjQuery('iframe').animate({\r\n\t\t\t    width: toggleSize ? width : 640,\r\n\t\t\t    height: toggleSize ? height : 360\r\n\t\t\t  }, 250);\r\n\r\n\t\t\t  toggleSize = !toggleSize;\r\n\t\t}\r\n\r\n\r\n\t<\/script>\r\n\t\t\t\t\r\n\t\t\t\n<p>&nbsp;<\/p>\n","protected":false},"excerpt":{"rendered":"<p>Opis standarda: Direktor obezbe\u0111uje dono\u0161enje i sprovo\u0111enje planova rada ustanove. &nbsp; &nbsp;<\/p>\n","protected":false},"author":1,"featured_media":0,"parent":0,"menu_order":0,"comment_status":"closed","ping_status":"closed","template":"","meta":{"_bbp_topic_count":0,"_bbp_reply_count":0,"_bbp_total_topic_count":0,"_bbp_total_reply_count":0,"_bbp_voice_count":0,"_bbp_anonymous_reply_count":0,"_bbp_topic_count_hidden":0,"_bbp_reply_count_hidden":0,"_bbp_forum_subforum_count":0,"footnotes":""},"class_list":["post-1100","page","type-page","status-publish","hentry"],"_links":{"self":[{"href":"http:\/\/edlead.pefja.kg.ac.rs\/resurs\/wp-json\/wp\/v2\/pages\/1100","targetHints":{"allow":["GET"]}}],"collection":[{"href":"http:\/\/edlead.pefja.kg.ac.rs\/resurs\/wp-json\/wp\/v2\/pages"}],"about":[{"href":"http:\/\/edlead.pefja.kg.ac.rs\/resurs\/wp-json\/wp\/v2\/types\/page"}],"author":[{"embeddable":true,"href":"http:\/\/edlead.pefja.kg.ac.rs\/resurs\/wp-json\/wp\/v2\/users\/1"}],"replies":[{"embeddable":true,"href":"http:\/\/edlead.pefja.kg.ac.rs\/resurs\/wp-json\/wp\/v2\/comments?post=1100"}],"version-history":[{"count":11,"href":"http:\/\/edlead.pefja.kg.ac.rs\/resurs\/wp-json\/wp\/v2\/pages\/1100\/revisions"}],"predecessor-version":[{"id":1431,"href":"http:\/\/edlead.pefja.kg.ac.rs\/resurs\/wp-json\/wp\/v2\/pages\/1100\/revisions\/1431"}],"wp:attachment":[{"href":"http:\/\/edlead.pefja.kg.ac.rs\/resurs\/wp-json\/wp\/v2\/media?parent=1100"}],"curies":[{"name":"wp","href":"https:\/\/api.w.org\/{rel}","templated":true}]}}