{"id":1102,"date":"2017-11-15T01:03:45","date_gmt":"2017-11-15T00:03:45","guid":{"rendered":"https:\/\/resurs.edlead.edu.rs\/?page_id=1102"},"modified":"2017-11-16T11:31:04","modified_gmt":"2017-11-16T10:31:04","slug":"organizacija-ustanove","status":"publish","type":"page","link":"http:\/\/edlead.pefja.kg.ac.rs\/resurs\/organizacija-ustanove\/","title":{"rendered":"Organizacija ustanove"},"content":{"rendered":"<p>&nbsp;<\/p>\n<p>Opis standarda: Direktor obezbe\u0111uje efikasnu organizaciju ustanove.<\/p>\n<p>&nbsp;<\/p>\n\t\t\t\t\t\t<style>\r\n\t\t\t\t\r\n\t\t\t\t\t#tab_container_1290 {\r\n\toverflow:hidden;\r\n\tdisplay:block;\r\n\twidth:100%;\r\n\tborder:0px solid #ddd;\r\n\tmargin-bottom:30px;\r\n\t}\r\n\r\n#tab_container_1290 .tab-content{\r\n\tpadding:20px;\r\n\tborder: 1px solid #e6e6e6 !important;\r\n\tmargin-top: 0px;\r\n\tbackground-color:#ffffff !important;\r\n\tcolor: #000000 !important;\r\n\tfont-size:16px !important;\r\n\tfont-family: Open Sans !important;\r\n\t\r\n\t\t\tborder: 0px solid #e6e6e6 !important;\r\n\t\t\r\n\t}\r\n#tab_container_1290 .wpsm_nav-tabs {\r\n    border-bottom: 0px solid #ddd;\r\n}\r\n#tab_container_1290 .wpsm_nav-tabs > li.active > a, #tab_container_1290 .wpsm_nav-tabs > li.active > a:hover, #tab_container_1290 .wpsm_nav-tabs > li.active > a:focus {\r\n\tcolor: #000000 !important;\r\n\tcursor: default;\r\n\tbackground-color: #ffffff !important;\r\n\tborder: 1px solid #e6e6e6 !important;\r\n}\r\n\r\n#tab_container_1290 .wpsm_nav-tabs > li > a {\r\n    margin-right: 0px !important; \r\n    line-height: 1.42857143 !important;\r\n    border: 1px solid #d5d5d5 !important;\r\n    border-radius: 0px 0px 0 0 !important; \r\n\tbackground-color: #e8e8e8 !important;\r\n\tcolor: #000000 !important;\r\n\tpadding: 15px 18px 15px 18px !important;\r\n\ttext-decoration: none !important;\r\n\tfont-size: 14px !important;\r\n\ttext-align:center !important;\r\n\tfont-family: Open Sans !important;\r\n}\r\n#tab_container_1290 .wpsm_nav-tabs > li > a:focus {\r\noutline: 0px !important;\r\n}\r\n\r\n#tab_container_1290 .wpsm_nav-tabs > li > a:before {\r\n\tdisplay:none !important;\r\n}\r\n#tab_container_1290 .wpsm_nav-tabs > li > a:after {\r\n\tdisplay:none !important ;\r\n}\r\n#tab_container_1290 .wpsm_nav-tabs > li{\r\npadding:0px !important ;\r\nmargin:0px;\r\n}\r\n\r\n#tab_container_1290 .wpsm_nav-tabs > li > a:hover , #tab_container_1290 .wpsm_nav-tabs > li > a:focus {\r\n    color: #000000 !important;\r\n    background-color: #e8e8e8 !important;\r\n\tborder: 1px solid #d5d5d5 !important;\r\n\t\r\n}\r\n#tab_container_1290 .wpsm_nav-tabs > li > a .fa{\r\n\r\nmargin-right:5px !important;\r\n\r\nmargin-left:5px !important;\r\n\r\n\r\n}\r\n\r\n\t\t#tab_container_1290 .wpsm_nav-tabs a{\r\n\t\t\tbackground-image: none;\r\n\t\t\tbackground-position: 0 0;\r\n\t\t\tbackground-repeat: repeat-x;\r\n\t\t}\r\n\t\t\t\r\n\r\n\r\n#tab_container_1290 .wpsm_nav-tabs > li {\r\n    float: left;\r\n    margin-bottom: -1px !important;\r\n\tmargin-right:0px !important; \r\n}\r\n\r\n\r\n#tab_container_1290 .tab-content{\r\noverflow:hidden !important;\r\n}\r\n\r\n\r\n@media (min-width: 769px) {\r\n\r\n\t#tab_container_1290 .wpsm_nav-tabs > li{\r\n\t\tfloat:left !important ;\r\n\t\t\t\tmargin-right:-1px !important;\r\n\t\t\t\t\t}\r\n\t#tab_container_1290 .wpsm_nav-tabs{\r\n\t\tfloat:none !important;\r\n\t\tmargin:0px !important;\r\n\t}\r\n\r\n\t#tab_container_1290 .wpsm_nav-tabs > li {\r\n\t\t\t\t\r\n\t}\r\n\t#tab_container_1290 .wpsm_nav{\r\n\t\t\t}\r\n\r\n}\r\n\r\n\r\n\r\n@media (max-width: 768px) {\r\n\t#tab_container_1290 .wpsm_nav-tabs > li {\r\n\t\t\t\t\r\n\t}\r\n\t#tab_container_1290 .wpsm_nav{\r\n\t\t\t}\r\n}\r\n\r\n\r\n\t.wpsm_nav-tabs li:before{\r\n\t\tdisplay:none !important;\r\n\t}\r\n\r\n\t@media (max-width: 768px) {\r\n\t\t\t\t\r\n\t\t\t\t.wpsm_nav-tabs{\r\n\t\t\tmargin-left:0px !important;\r\n\t\t\tmargin-right:0px !important; \r\n\t\t\t\r\n\t\t}\r\n\t\t\t\t#tab_container_1290 .wpsm_nav-tabs > li{\r\n\t\t\tfloat:none !important;\r\n\t\t}\r\n\t\t\t\r\n\t}\t\t\t\t<\/style>\r\n\t\t\t\t<div id=\"tab_container_1290\" >\r\n\t \r\n\t\t\t\t\t<ul class=\"wpsm_nav wpsm_nav-tabs\" role=\"tablist\" id=\"myTab_1290\">\r\n\t\t\t\t\t\t\t\r\n\t\t\t\t\t\t\t<li role=\"presentation\"  class=\"active\"  onclick=\"do_resize()\">\r\n\t\t\t\t\t\t\t\t<a href=\"#tabs_desc_1290_1\" aria-controls=\"tabs_desc_1290_1\" role=\"tab\" data-toggle=\"tab\">\r\n\t\t\t\t\t\t\t\t\t\r\n\t\t\t\t\t\t\t\t\t\t\t\t\t\t\t\t\t\t\t\t\t\t\t\t\t\t\t\t\r\n\t\t\t\t\t\t\t\t\t\t\t\t\t\t\t\t\t\t\r\n\t\t\t\t\t\t\t\t\t<span>Srpski jezik<\/span>\r\n\t\t\t\t\t\t\t\t\t\r\n\t\t\t\t\t\t\t\t\t\t\t\t\t\t\t\t\t\t\r\n\t\t\t\t\t\t\t\t\t\t\t\t\t\t\t\t\t\t\t\t\r\n\t\t\t\t\t\t\t\t\t\r\n\t\t\t\t\t\t\t\t<\/a>\r\n\t\t\t\t\t\t\t<\/li>\r\n\t\t\t\t\t\t\t\r\n\t\t\t\t\t\t\t<li role=\"presentation\"  onclick=\"do_resize()\">\r\n\t\t\t\t\t\t\t\t<a href=\"#tabs_desc_1290_2\" aria-controls=\"tabs_desc_1290_2\" role=\"tab\" data-toggle=\"tab\">\r\n\t\t\t\t\t\t\t\t\t\r\n\t\t\t\t\t\t\t\t\t\t\t\t\t\t\t\t\t\t\t\t\t\t\t\t\t\t\t\t\r\n\t\t\t\t\t\t\t\t\t\t\t\t\t\t\t\t\t\t\r\n\t\t\t\t\t\t\t\t\t<span>Engleski jezik<\/span>\r\n\t\t\t\t\t\t\t\t\t\r\n\t\t\t\t\t\t\t\t\t\t\t\t\t\t\t\t\t\t\r\n\t\t\t\t\t\t\t\t\t\t\t\t\t\t\t\t\t\t\t\t\r\n\t\t\t\t\t\t\t\t\t\r\n\t\t\t\t\t\t\t\t<\/a>\r\n\t\t\t\t\t\t\t<\/li>\r\n\t\t\t\t\t\t\t\t\t\t\t <\/ul>\r\n\r\n\t\t\t\t\t  <!-- Tab panes -->\r\n\t\t\t\t\t  <div class=\"tab-content\" id=\"tab-content_1290\">\r\n\t\t\t\t\t\t\t\t\t\t\t\t <div role=\"tabpanel\" class=\"tab-pane  in active \" id=\"tabs_desc_1290_1\">\r\n\t\t\t\t\t\t\t\t<table width=\"100%\">\r\n<tbody>\r\n<tr>\r\n<td width=\"33%\">\r\n<p style=\"text-align: center;\"><strong>Naziv<\/strong><\/p>\r\n<\/td>\r\n<td style=\"text-align: center;\" width=\"35%\"><strong>Autor<\/strong><\/td>\r\n<td width=\"30%\">\r\n<p style=\"text-align: center;\"><strong>Godina<\/strong><\/p>\r\n<\/td>\r\n<\/tr>\r\n<tr>\r\n<td width=\"33%\"><a href=\"http:\/\/www.unicef.rs\/wp-content\/uploads\/2016\/09\/Prepoznaj_promovisi_i_prosiri_Price_o_uspesnim_skolama.pdf\">Prepoznaj, promovi\u0161i i pro\u0161iri \u2013 pri\u010de o uspe\u0161nim \u0161kolama<\/a><\/td>\r\n<td width=\"35%\">Urednici:\r\nAleksandar Baucal,\r\nDragica Pavlovi\u0107 Babi\u0107<\/td>\r\n<td width=\"30%\">2016<\/td>\r\n<\/tr>\r\n<tr>\r\n<td width=\"33%\"><a href=\"http:\/\/socijalnoukljucivanje.gov.rs\/wp-content\/uploads\/2014\/06\/Prosirena-delatnost-skola-Integralni-dokument.doc\">U\u010deni\u010dke zadruge i pro\u0161irena delatnost \u0161kola u cilju pove\u0107anja kvaliteta obrazovanja i ve\u0107e socijalne uklju\u010denosti \u0161kolske dece u Republici Srbiji<\/a><\/td>\r\n<td width=\"35%\">Mirosinka Dinki\u0107,\r\nKosovka Ognjenovi\u0107,\r\nAleksandra Brankovi\u0107\r\n\r\n&nbsp;<\/td>\r\n<td width=\"30%\">2010<\/td>\r\n<\/tr>\r\n<tr>\r\n<td width=\"33%\"><a href=\"https:\/\/s3.amazonaws.com\/academia.edu.documents\/4873335\/0031-38071002236p.pdf?AWSAccessKeyId=AKIAIWOWYYGZ2Y53UL3A&amp;Expires=1510613054&amp;Signature=sa2hbj%2Flm3AHH5nL%2FkcYppPgMx8%3D&amp;response-content-disposition=inline%3B%20filename%3DFrom_the_team_to_the_learning_community.pdf\">Od tima do zajednice u\u010denja<\/a><\/td>\r\n<td width=\"35%\">Dragana Pavlovi\u0107 Breneselovi\u0107<\/td>\r\n<td width=\"30%\">2010<\/td>\r\n<\/tr>\r\n<tr>\r\n<td width=\"33%\"><a href=\"http:\/\/www.suk.gov.rs\/dotAsset\/7310.pdf\">Priru\u010dnik za izradu logi\u010dke matrice: klju\u010dni instrument za pravljanje projektnim ciklusom<\/a><\/td>\r\n<td width=\"35%\">Ministarstvo finansija Republike Srbije<\/td>\r\n<td width=\"30%\">nedatirano<\/td>\r\n<\/tr>\r\n<\/tbody>\r\n<\/table>\t\t\t\t\t\t <\/div>\r\n\t\t\t\t\t\t\t\t\t\t\t\t <div role=\"tabpanel\" class=\"tab-pane \" id=\"tabs_desc_1290_2\">\r\n\t\t\t\t\t\t\t\t<table width=\"100%\">\r\n<tbody>\r\n<tr>\r\n<td width=\"41%\">\r\n<p style=\"text-align: center;\"><strong>Naziv<\/strong><\/p>\r\n<\/td>\r\n<td style=\"text-align: center;\" width=\"35%\"><strong>Autor<\/strong><\/td>\r\n<td width=\"22%\">\r\n<p style=\"text-align: center;\"><strong>Godina<\/strong><\/p>\r\n<\/td>\r\n<\/tr>\r\n<tr>\r\n<td width=\"41%\"><a href=\"https:\/\/publications.europa.eu\/en\/publication-detail\/-\/publication\/9d2adfd6-99c1-11e7-b92d-01aa75ed71a1\/language-en\/format-PDF\/source-44153858\">The Organisation of School Time in Europe. Primary and General Secondary Education \u2013 2017\/18<\/a><\/td>\r\n<td width=\"35%\">Eurydice<\/td>\r\n<td width=\"22%\">2017<\/td>\r\n<\/tr>\r\n<tr>\r\n<td width=\"41%\"><a href=\"https:\/\/publications.europa.eu\/en\/publication-detail\/-\/publication\/86d6a78f-5174-11e7-a5ca-01aa75ed71a1\/language-en\/format-PDF\/source-31418561\">Recommended Annual Instruction Time in Full-time Compulsory Education in Europe \u2013 2016\/17<\/a><\/td>\r\n<td width=\"35%\">Eurydice<\/td>\r\n<td width=\"22%\">2017<\/td>\r\n<\/tr>\r\n<tr>\r\n<td width=\"41%\"><a href=\"https:\/\/www.egfl.org.uk\/sites\/default\/files\/School_effectiveness\/heads_briefing\/2Jul15\/3Secondary\/4.%20Strong%20teams%20strong%20schools%20-%20Sparks%202013.pdf\">Strong teams, strong schools<\/a><\/td>\r\n<td width=\"35%\">Dennis Sparks<\/td>\r\n<td width=\"22%\">2013<\/td>\r\n<\/tr>\r\n<tr>\r\n<td width=\"41%\"><a href=\"https:\/\/www.into.ie\/ROI\/Publications\/PublicationsPre2000\/EffectiveSchoolOrganisation1996.pdf\">Effective School Organisation<\/a><\/td>\r\n<td width=\"35%\">Irish National Teachers' Organisation<\/td>\r\n<td width=\"22%\">1996<\/td>\r\n<\/tr>\r\n<\/tbody>\r\n<\/table>\t\t\t\t\t\t <\/div>\r\n\t\t\t\t\t\t\t\r\n\t\t\t\t\t <\/div>\r\n\t\t\t\t\t \r\n\t\t\t\t <\/div>\r\n <script>\r\n\t\tjQuery(function () {\r\n\t\t\tjQuery('#myTab_1290 a:first').tab('show')\r\n\t\t});\r\n\t\t\r\n\t\t\t\tjQuery(function(){\r\n\t\t\tvar b=\"fadeIn\";\r\n\t\t\tvar c;\r\n\t\t\tvar a;\r\n\t\t\td(jQuery(\"#myTab_1290 a\"),jQuery(\"#tab-content_1290\"));function d(e,f,g){\r\n\t\t\t\te.click(function(i){\r\n\t\t\t\t\ti.preventDefault();\r\n\t\t\t\t\tjQuery(this).tab(\"show\");\r\n\t\t\t\t\tvar h=jQuery(this).data(\"easein\");\r\n\t\t\t\t\tif(c){c.removeClass(a);}\r\n\t\t\t\t\tif(h){f.find(\"div.active\").addClass(\"animated \"+h);a=h;}\r\n\t\t\t\t\telse{if(g){f.find(\"div.active\").addClass(\"animated \"+g);a=g;}else{f.find(\"div.active\").addClass(\"animated \"+b);a=b;}}c=f.find(\"div.active\");\r\n\t\t\t\t});\r\n\t\t\t}\r\n\t\t});\r\n\t\t\r\n\r\n\t\tfunction do_resize(){\r\n\r\n\t\t\tvar width=jQuery( '.tab-content .tab-pane iframe' ).width();\r\n\t\t\tvar height=jQuery( '.tab-content .tab-pane iframe' ).height();\r\n\r\n\t\t\tvar toggleSize = true;\r\n\t\t\tjQuery('iframe').animate({\r\n\t\t\t    width: toggleSize ? width : 640,\r\n\t\t\t    height: toggleSize ? height : 360\r\n\t\t\t  }, 250);\r\n\r\n\t\t\t  toggleSize = !toggleSize;\r\n\t\t}\r\n\r\n\r\n\t<\/script>\r\n\t\t\t\t\r\n\t\t\t\n","protected":false},"excerpt":{"rendered":"<p>&nbsp; Opis standarda: Direktor obezbe\u0111uje efikasnu organizaciju ustanove. &nbsp;<\/p>\n","protected":false},"author":1,"featured_media":0,"parent":0,"menu_order":0,"comment_status":"closed","ping_status":"closed","template":"","meta":{"_bbp_topic_count":0,"_bbp_reply_count":0,"_bbp_total_topic_count":0,"_bbp_total_reply_count":0,"_bbp_voice_count":0,"_bbp_anonymous_reply_count":0,"_bbp_topic_count_hidden":0,"_bbp_reply_count_hidden":0,"_bbp_forum_subforum_count":0,"footnotes":""},"class_list":["post-1102","page","type-page","status-publish","hentry"],"_links":{"self":[{"href":"http:\/\/edlead.pefja.kg.ac.rs\/resurs\/wp-json\/wp\/v2\/pages\/1102","targetHints":{"allow":["GET"]}}],"collection":[{"href":"http:\/\/edlead.pefja.kg.ac.rs\/resurs\/wp-json\/wp\/v2\/pages"}],"about":[{"href":"http:\/\/edlead.pefja.kg.ac.rs\/resurs\/wp-json\/wp\/v2\/types\/page"}],"author":[{"embeddable":true,"href":"http:\/\/edlead.pefja.kg.ac.rs\/resurs\/wp-json\/wp\/v2\/users\/1"}],"replies":[{"embeddable":true,"href":"http:\/\/edlead.pefja.kg.ac.rs\/resurs\/wp-json\/wp\/v2\/comments?post=1102"}],"version-history":[{"count":6,"href":"http:\/\/edlead.pefja.kg.ac.rs\/resurs\/wp-json\/wp\/v2\/pages\/1102\/revisions"}],"predecessor-version":[{"id":1432,"href":"http:\/\/edlead.pefja.kg.ac.rs\/resurs\/wp-json\/wp\/v2\/pages\/1102\/revisions\/1432"}],"wp:attachment":[{"href":"http:\/\/edlead.pefja.kg.ac.rs\/resurs\/wp-json\/wp\/v2\/media?parent=1102"}],"curies":[{"name":"wp","href":"https:\/\/api.w.org\/{rel}","templated":true}]}}