{"id":1104,"date":"2017-11-15T01:03:52","date_gmt":"2017-11-15T00:03:52","guid":{"rendered":"https:\/\/resurs.edlead.edu.rs\/?page_id=1104"},"modified":"2017-11-16T11:31:44","modified_gmt":"2017-11-16T10:31:44","slug":"kontrola-rada-ustanove","status":"publish","type":"page","link":"http:\/\/edlead.pefja.kg.ac.rs\/resurs\/kontrola-rada-ustanove\/","title":{"rendered":"Kontrola rada ustanove"},"content":{"rendered":"<p>Opis standarda: Direktor obezbe\u0111uje pra\u0107enje, izve\u0161tavanje, analizu rezultata rada ustanove i preduzimanje korektivnih mera.<\/p>\n<p>&nbsp;<\/p>\n\t\t\t\t\t\t<style>\r\n\t\t\t\t\r\n\t\t\t\t\t#tab_container_1293 {\r\n\toverflow:hidden;\r\n\tdisplay:block;\r\n\twidth:100%;\r\n\tborder:0px solid #ddd;\r\n\tmargin-bottom:30px;\r\n\t}\r\n\r\n#tab_container_1293 .tab-content{\r\n\tpadding:20px;\r\n\tborder: 1px solid #e6e6e6 !important;\r\n\tmargin-top: 0px;\r\n\tbackground-color:#ffffff !important;\r\n\tcolor: #000000 !important;\r\n\tfont-size:16px !important;\r\n\tfont-family: Open Sans !important;\r\n\t\r\n\t\t\tborder: 0px solid #e6e6e6 !important;\r\n\t\t\r\n\t}\r\n#tab_container_1293 .wpsm_nav-tabs {\r\n    border-bottom: 0px solid #ddd;\r\n}\r\n#tab_container_1293 .wpsm_nav-tabs > li.active > a, #tab_container_1293 .wpsm_nav-tabs > li.active > a:hover, #tab_container_1293 .wpsm_nav-tabs > li.active > a:focus {\r\n\tcolor: #000000 !important;\r\n\tcursor: default;\r\n\tbackground-color: #ffffff !important;\r\n\tborder: 1px solid #e6e6e6 !important;\r\n}\r\n\r\n#tab_container_1293 .wpsm_nav-tabs > li > a {\r\n    margin-right: 0px !important; \r\n    line-height: 1.42857143 !important;\r\n    border: 1px solid #d5d5d5 !important;\r\n    border-radius: 0px 0px 0 0 !important; \r\n\tbackground-color: #e8e8e8 !important;\r\n\tcolor: #000000 !important;\r\n\tpadding: 15px 18px 15px 18px !important;\r\n\ttext-decoration: none !important;\r\n\tfont-size: 14px !important;\r\n\ttext-align:center !important;\r\n\tfont-family: Open Sans !important;\r\n}\r\n#tab_container_1293 .wpsm_nav-tabs > li > a:focus {\r\noutline: 0px !important;\r\n}\r\n\r\n#tab_container_1293 .wpsm_nav-tabs > li > a:before {\r\n\tdisplay:none !important;\r\n}\r\n#tab_container_1293 .wpsm_nav-tabs > li > a:after {\r\n\tdisplay:none !important ;\r\n}\r\n#tab_container_1293 .wpsm_nav-tabs > li{\r\npadding:0px !important ;\r\nmargin:0px;\r\n}\r\n\r\n#tab_container_1293 .wpsm_nav-tabs > li > a:hover , #tab_container_1293 .wpsm_nav-tabs > li > a:focus {\r\n    color: #000000 !important;\r\n    background-color: #e8e8e8 !important;\r\n\tborder: 1px solid #d5d5d5 !important;\r\n\t\r\n}\r\n#tab_container_1293 .wpsm_nav-tabs > li > a .fa{\r\n\r\nmargin-right:5px !important;\r\n\r\nmargin-left:5px !important;\r\n\r\n\r\n}\r\n\r\n\t\t#tab_container_1293 .wpsm_nav-tabs a{\r\n\t\t\tbackground-image: none;\r\n\t\t\tbackground-position: 0 0;\r\n\t\t\tbackground-repeat: repeat-x;\r\n\t\t}\r\n\t\t\t\r\n\r\n\r\n#tab_container_1293 .wpsm_nav-tabs > li {\r\n    float: left;\r\n    margin-bottom: -1px !important;\r\n\tmargin-right:0px !important; \r\n}\r\n\r\n\r\n#tab_container_1293 .tab-content{\r\noverflow:hidden !important;\r\n}\r\n\r\n\r\n@media (min-width: 769px) {\r\n\r\n\t#tab_container_1293 .wpsm_nav-tabs > li{\r\n\t\tfloat:left !important ;\r\n\t\t\t\tmargin-right:-1px !important;\r\n\t\t\t\t\t}\r\n\t#tab_container_1293 .wpsm_nav-tabs{\r\n\t\tfloat:none !important;\r\n\t\tmargin:0px !important;\r\n\t}\r\n\r\n\t#tab_container_1293 .wpsm_nav-tabs > li {\r\n\t\t\t\t\r\n\t}\r\n\t#tab_container_1293 .wpsm_nav{\r\n\t\t\t}\r\n\r\n}\r\n\r\n\r\n\r\n@media (max-width: 768px) {\r\n\t#tab_container_1293 .wpsm_nav-tabs > li {\r\n\t\t\t\t\r\n\t}\r\n\t#tab_container_1293 .wpsm_nav{\r\n\t\t\t}\r\n}\r\n\r\n\r\n\t.wpsm_nav-tabs li:before{\r\n\t\tdisplay:none !important;\r\n\t}\r\n\r\n\t@media (max-width: 768px) {\r\n\t\t\t\t\r\n\t\t\t\t.wpsm_nav-tabs{\r\n\t\t\tmargin-left:0px !important;\r\n\t\t\tmargin-right:0px !important; \r\n\t\t\t\r\n\t\t}\r\n\t\t\t\t#tab_container_1293 .wpsm_nav-tabs > li{\r\n\t\t\tfloat:none !important;\r\n\t\t}\r\n\t\t\t\r\n\t}\t\t\t\t<\/style>\r\n\t\t\t\t<div id=\"tab_container_1293\" >\r\n\t \r\n\t\t\t\t\t<ul class=\"wpsm_nav wpsm_nav-tabs\" role=\"tablist\" id=\"myTab_1293\">\r\n\t\t\t\t\t\t\t\r\n\t\t\t\t\t\t\t<li role=\"presentation\"  class=\"active\"  onclick=\"do_resize()\">\r\n\t\t\t\t\t\t\t\t<a href=\"#tabs_desc_1293_1\" aria-controls=\"tabs_desc_1293_1\" role=\"tab\" data-toggle=\"tab\">\r\n\t\t\t\t\t\t\t\t\t\r\n\t\t\t\t\t\t\t\t\t\t\t\t\t\t\t\t\t\t\t\t\t\t\t\t\t\t\t\t\r\n\t\t\t\t\t\t\t\t\t\t\t\t\t\t\t\t\t\t\r\n\t\t\t\t\t\t\t\t\t<span>Srpski jezik<\/span>\r\n\t\t\t\t\t\t\t\t\t\r\n\t\t\t\t\t\t\t\t\t\t\t\t\t\t\t\t\t\t\r\n\t\t\t\t\t\t\t\t\t\t\t\t\t\t\t\t\t\t\t\t\r\n\t\t\t\t\t\t\t\t\t\r\n\t\t\t\t\t\t\t\t<\/a>\r\n\t\t\t\t\t\t\t<\/li>\r\n\t\t\t\t\t\t\t\r\n\t\t\t\t\t\t\t<li role=\"presentation\"  onclick=\"do_resize()\">\r\n\t\t\t\t\t\t\t\t<a href=\"#tabs_desc_1293_2\" aria-controls=\"tabs_desc_1293_2\" role=\"tab\" data-toggle=\"tab\">\r\n\t\t\t\t\t\t\t\t\t\r\n\t\t\t\t\t\t\t\t\t\t\t\t\t\t\t\t\t\t\t\t\t\t\t\t\t\t\t\t\r\n\t\t\t\t\t\t\t\t\t\t\t\t\t\t\t\t\t\t\r\n\t\t\t\t\t\t\t\t\t<span>Engleski jezik<\/span>\r\n\t\t\t\t\t\t\t\t\t\r\n\t\t\t\t\t\t\t\t\t\t\t\t\t\t\t\t\t\t\r\n\t\t\t\t\t\t\t\t\t\t\t\t\t\t\t\t\t\t\t\t\r\n\t\t\t\t\t\t\t\t\t\r\n\t\t\t\t\t\t\t\t<\/a>\r\n\t\t\t\t\t\t\t<\/li>\r\n\t\t\t\t\t\t\t\t\t\t\t <\/ul>\r\n\r\n\t\t\t\t\t  <!-- Tab panes -->\r\n\t\t\t\t\t  <div class=\"tab-content\" id=\"tab-content_1293\">\r\n\t\t\t\t\t\t\t\t\t\t\t\t <div role=\"tabpanel\" class=\"tab-pane  in active \" id=\"tabs_desc_1293_1\">\r\n\t\t\t\t\t\t\t\t<table width=\"100%\">\r\n<tbody>\r\n<tr>\r\n<td width=\"43%\">\r\n<p style=\"text-align: center;\"><strong>Naziv<\/strong><\/p>\r\n<\/td>\r\n<td style=\"text-align: center;\" width=\"35%\"><strong>Autor<\/strong><\/td>\r\n<td width=\"20%\">\r\n<p style=\"text-align: center;\"><strong>Godina<\/strong><\/p>\r\n<\/td>\r\n<\/tr>\r\n<tr>\r\n<td width=\"43%\"><a href=\"http:\/\/vrednovanje.ceo.edu.rs\/sites\/default\/files\/izvestajiEE\/Izvestaj_skolska_2015-2016.pdf\">Izve\u0161taj o spolja\u0161njem vrednovanju kvaliteta rada obrazovno-vaspitnih ustanova - \u0161kolska 2015\/2016<\/a><\/td>\r\n<td width=\"35%\">Zavod za vrednovanje kvaliteta obrazovanja i vaspitanja<\/td>\r\n<td width=\"20%\">2016<\/td>\r\n<\/tr>\r\n<tr>\r\n<td width=\"43%\"><a href=\"http:\/\/vrednovanje.ceo.edu.rs\/sites\/default\/files\/izvestajiEE\/Izvestaj_skolska_2014-2015.pdf\">Izve\u0161taj o spolja\u0161njem vrednovanju kvaliteta rada obrazovno-vaspitnih ustanova - \u0161kolska 2014\/2015<\/a><\/td>\r\n<td width=\"35%\">Zavod za vrednovanje kvaliteta obrazovanja i vaspitanja<\/td>\r\n<td width=\"20%\">2016<\/td>\r\n<\/tr>\r\n<tr>\r\n<td width=\"43%\"><a href=\"http:\/\/www.unicef.rs\/wp-content\/uploads\/2017\/01\/SRP_Webinar_Booklet_14.pdf\">Vebinar: Planiranje, pra\u0107enje i evaluacija<\/a><\/td>\r\n<td width=\"35%\">UNICEF<\/td>\r\n<td width=\"20%\">2014<\/td>\r\n<\/tr>\r\n<tr>\r\n<td width=\"43%\"><a href=\"http:\/\/vrednovanje.ceo.edu.rs\/sites\/default\/files\/izvestajiEE\/Nacionalni%20izvestaj%20EE%20obe%20godine.pdf\">Izve\u0161taj o spolja\u0161njem vrednovanju kvaliteta rada obrazovno-vaspitnih ustanova - \u0161kolska 2012\/2013 i 2013\/2014<\/a><\/td>\r\n<td width=\"35%\">Zavod za vrednovanje kvaliteta obrazovanja i vaspitanja<\/td>\r\n<td width=\"20%\">2014<\/td>\r\n<\/tr>\r\n<tr>\r\n<td width=\"43%\"><a href=\"https:\/\/ceo.edu.rs\/wp-content\/uploads\/publikacije\/Standardi%20predskolske%20ustanove.pdf\">Standardi kvaliteta rada pred\u0161kolskih ustanova<\/a><\/td>\r\n<td width=\"35%\">Zavod za vrednovanje kvaliteta obrazovanja i vaspitanja<\/td>\r\n<td width=\"20%\">2012<\/td>\r\n<\/tr>\r\n<tr>\r\n<td width=\"43%\"><a href=\"http:\/\/ceo.edu.rs\/images\/stories\/OkvirSamovrednovanje\/Vodic%20za%20samovrednovanje%20za%20ustanove%20u%20strucnom%20obrazovanju.pdf\">Vodi\u010d za samovrednovanje za ustanove u stru\u010dnom obrazovanju<\/a><\/td>\r\n<td width=\"35%\">Projekat: Modernizacija sistema srednjeg stru\u010dnog obrazovanja u Srbiji<\/td>\r\n<td width=\"20%\">2012<\/td>\r\n<\/tr>\r\n<tr>\r\n<td width=\"43%\"><a href=\"https:\/\/ceo.edu.rs\/wp-content\/uploads\/publikacije\/Okvir%20kvaliteta.pdf\">Standardi kvaliteta rada obrazovno-vaspitnih ustanova<\/a><\/td>\r\n<td width=\"35%\">Zavod za vrednovanje kvaliteta obrazovanja i vaspitanja<\/td>\r\n<td width=\"20%\">2010<\/td>\r\n<\/tr>\r\n<\/tbody>\r\n<\/table>\t\t\t\t\t\t <\/div>\r\n\t\t\t\t\t\t\t\t\t\t\t\t <div role=\"tabpanel\" class=\"tab-pane \" id=\"tabs_desc_1293_2\">\r\n\t\t\t\t\t\t\t\t<table width=\"100%\">\r\n<tbody>\r\n<tr>\r\n<td width=\"43%\">\r\n<p style=\"text-align: center;\"><strong>Naziv<\/strong><\/p>\r\n<\/td>\r\n<td style=\"text-align: center;\" width=\"35%\"><strong>Autor<\/strong><\/td>\r\n<td width=\"21%\">\r\n<p style=\"text-align: center;\"><strong>Godina<\/strong><\/p>\r\n<\/td>\r\n<\/tr>\r\n<tr>\r\n<td width=\"43%\"><a href=\"https:\/\/www.education.ie\/en\/Publications\/Inspection-Reports-Publications\/Evaluation-Reports-Guidelines\/School-Self-Evaluation-Guidelines-2016-2020-Primary.pdf\">School self-evaluation guideline<\/a>\r\n<a href=\"https:\/\/www.education.ie\/en\/Publications\/Inspection-Reports-Publications\/Evaluation-Reports-Guidelines\/School-Self-Evaluation-Guidelines-2016-2020-Primary.pdf\">2016-2020<\/a><\/td>\r\n<td width=\"35%\">Department of Education and Skills, Ireland<\/td>\r\n<td width=\"21%\">2016<\/td>\r\n<\/tr>\r\n<tr>\r\n<td width=\"43%\"><a href=\"https:\/\/www.educationdevelopmenttrust.com\/~\/media\/EDT\/Reports\/Research\/2013\/r-school-self-evaluation-2013.pdf\">School self-evaluation<\/a>\r\n<a href=\"https:\/\/www.educationdevelopmenttrust.com\/~\/media\/EDT\/Reports\/Research\/2013\/r-school-self-evaluation-2013.pdf\">for school improvement:<\/a>\r\n<a href=\"https:\/\/www.educationdevelopmenttrust.com\/~\/media\/EDT\/Reports\/Research\/2013\/r-school-self-evaluation-2013.pdf\">what works and why?<\/a><\/td>\r\n<td width=\"35%\">Christopher Chapman, Pamela Sammons<\/td>\r\n<td width=\"21%\">2013<\/td>\r\n<\/tr>\r\n<tr>\r\n<td width=\"43%\"><a href=\"http:\/\/pcscommcentral.pbworks.com\/w\/file\/fetch\/48668665\/6.%20Marshall%20Time%20to%20Rethink%20Eval.pdf\">It's time to rethink teacher supervision and evaluation<\/a><\/td>\r\n<td width=\"35%\">Kim Marshall<\/td>\r\n<td width=\"21%\">2005<\/td>\r\n<\/tr>\r\n<tr>\r\n<td width=\"43%\"><a href=\"https:\/\/s3.amazonaws.com\/academia.edu.documents\/46122162\/s0191-491x_2804_2990002-820160601-22055-l8ncsq.pdf?AWSAccessKeyId=AKIAIWOWYYGZ2Y53UL3A&amp;Expires=1510601273&amp;Signature=0rOwXlp751JVcba1xQGBsZf8E48%3D&amp;response-content-disposition=inline%3B%20filename%3DSchool_self-evaluation_and_school_improv.pdf\">School self-evaluation and school improvement: A critique of values and procedures<\/a><\/td>\r\n<td width=\"35%\">Leonidas Kyriakides, R.J. Campbell<\/td>\r\n<td width=\"21%\">2004<\/td>\r\n<\/tr>\r\n<\/tbody>\r\n<\/table>\t\t\t\t\t\t <\/div>\r\n\t\t\t\t\t\t\t\r\n\t\t\t\t\t <\/div>\r\n\t\t\t\t\t \r\n\t\t\t\t <\/div>\r\n <script>\r\n\t\tjQuery(function () {\r\n\t\t\tjQuery('#myTab_1293 a:first').tab('show')\r\n\t\t});\r\n\t\t\r\n\t\t\t\tjQuery(function(){\r\n\t\t\tvar b=\"fadeIn\";\r\n\t\t\tvar c;\r\n\t\t\tvar a;\r\n\t\t\td(jQuery(\"#myTab_1293 a\"),jQuery(\"#tab-content_1293\"));function d(e,f,g){\r\n\t\t\t\te.click(function(i){\r\n\t\t\t\t\ti.preventDefault();\r\n\t\t\t\t\tjQuery(this).tab(\"show\");\r\n\t\t\t\t\tvar h=jQuery(this).data(\"easein\");\r\n\t\t\t\t\tif(c){c.removeClass(a);}\r\n\t\t\t\t\tif(h){f.find(\"div.active\").addClass(\"animated \"+h);a=h;}\r\n\t\t\t\t\telse{if(g){f.find(\"div.active\").addClass(\"animated \"+g);a=g;}else{f.find(\"div.active\").addClass(\"animated \"+b);a=b;}}c=f.find(\"div.active\");\r\n\t\t\t\t});\r\n\t\t\t}\r\n\t\t});\r\n\t\t\r\n\r\n\t\tfunction do_resize(){\r\n\r\n\t\t\tvar width=jQuery( '.tab-content .tab-pane iframe' ).width();\r\n\t\t\tvar height=jQuery( '.tab-content .tab-pane iframe' ).height();\r\n\r\n\t\t\tvar toggleSize = true;\r\n\t\t\tjQuery('iframe').animate({\r\n\t\t\t    width: toggleSize ? width : 640,\r\n\t\t\t    height: toggleSize ? height : 360\r\n\t\t\t  }, 250);\r\n\r\n\t\t\t  toggleSize = !toggleSize;\r\n\t\t}\r\n\r\n\r\n\t<\/script>\r\n\t\t\t\t\r\n\t\t\t\n","protected":false},"excerpt":{"rendered":"<p>Opis standarda: Direktor obezbe\u0111uje pra\u0107enje, izve\u0161tavanje, analizu rezultata rada ustanove i preduzimanje korektivnih mera. &nbsp;<\/p>\n","protected":false},"author":1,"featured_media":0,"parent":0,"menu_order":0,"comment_status":"closed","ping_status":"closed","template":"","meta":{"_bbp_topic_count":0,"_bbp_reply_count":0,"_bbp_total_topic_count":0,"_bbp_total_reply_count":0,"_bbp_voice_count":0,"_bbp_anonymous_reply_count":0,"_bbp_topic_count_hidden":0,"_bbp_reply_count_hidden":0,"_bbp_forum_subforum_count":0,"footnotes":""},"class_list":["post-1104","page","type-page","status-publish","hentry"],"_links":{"self":[{"href":"http:\/\/edlead.pefja.kg.ac.rs\/resurs\/wp-json\/wp\/v2\/pages\/1104","targetHints":{"allow":["GET"]}}],"collection":[{"href":"http:\/\/edlead.pefja.kg.ac.rs\/resurs\/wp-json\/wp\/v2\/pages"}],"about":[{"href":"http:\/\/edlead.pefja.kg.ac.rs\/resurs\/wp-json\/wp\/v2\/types\/page"}],"author":[{"embeddable":true,"href":"http:\/\/edlead.pefja.kg.ac.rs\/resurs\/wp-json\/wp\/v2\/users\/1"}],"replies":[{"embeddable":true,"href":"http:\/\/edlead.pefja.kg.ac.rs\/resurs\/wp-json\/wp\/v2\/comments?post=1104"}],"version-history":[{"count":6,"href":"http:\/\/edlead.pefja.kg.ac.rs\/resurs\/wp-json\/wp\/v2\/pages\/1104\/revisions"}],"predecessor-version":[{"id":1433,"href":"http:\/\/edlead.pefja.kg.ac.rs\/resurs\/wp-json\/wp\/v2\/pages\/1104\/revisions\/1433"}],"wp:attachment":[{"href":"http:\/\/edlead.pefja.kg.ac.rs\/resurs\/wp-json\/wp\/v2\/media?parent=1104"}],"curies":[{"name":"wp","href":"https:\/\/api.w.org\/{rel}","templated":true}]}}