{"id":1189,"date":"2017-11-15T10:00:20","date_gmt":"2017-11-15T09:00:20","guid":{"rendered":"https:\/\/resurs.edlead.edu.rs\/?page_id=1189"},"modified":"2017-11-15T19:23:33","modified_gmt":"2017-11-15T18:23:33","slug":"saradnja-sa-roditeljimastarateljima","status":"publish","type":"page","link":"http:\/\/edlead.pefja.kg.ac.rs\/resurs\/saradnja-sa-roditeljimastarateljima\/","title":{"rendered":"Saradnja sa roditeljima\/starateljima"},"content":{"rendered":"<p>Opis standarda: Direktor razvija konstruktivne odnose sa roditeljima\/starateljima i pru\u017ea podr\u0161ku radu saveta roditelja.<\/p>\n\t\t\t\t\t\t<style>\r\n\t\t\t\t\r\n\t\t\t\t\t#tab_container_1315 {\r\n\toverflow:hidden;\r\n\tdisplay:block;\r\n\twidth:100%;\r\n\tborder:0px solid #ddd;\r\n\tmargin-bottom:30px;\r\n\t}\r\n\r\n#tab_container_1315 .tab-content{\r\n\tpadding:20px;\r\n\tborder: 1px solid #e6e6e6 !important;\r\n\tmargin-top: 0px;\r\n\tbackground-color:#ffffff !important;\r\n\tcolor: #000000 !important;\r\n\tfont-size:16px !important;\r\n\tfont-family: Open Sans !important;\r\n\t\r\n\t\t\tborder: 0px solid #e6e6e6 !important;\r\n\t\t\r\n\t}\r\n#tab_container_1315 .wpsm_nav-tabs {\r\n    border-bottom: 0px solid #ddd;\r\n}\r\n#tab_container_1315 .wpsm_nav-tabs > li.active > a, #tab_container_1315 .wpsm_nav-tabs > li.active > a:hover, #tab_container_1315 .wpsm_nav-tabs > li.active > a:focus {\r\n\tcolor: #000000 !important;\r\n\tcursor: default;\r\n\tbackground-color: #ffffff !important;\r\n\tborder: 1px solid #e6e6e6 !important;\r\n}\r\n\r\n#tab_container_1315 .wpsm_nav-tabs > li > a {\r\n    margin-right: 0px !important; \r\n    line-height: 1.42857143 !important;\r\n    border: 1px solid #d5d5d5 !important;\r\n    border-radius: 0px 0px 0 0 !important; \r\n\tbackground-color: #e8e8e8 !important;\r\n\tcolor: #000000 !important;\r\n\tpadding: 15px 18px 15px 18px !important;\r\n\ttext-decoration: none !important;\r\n\tfont-size: 14px !important;\r\n\ttext-align:center !important;\r\n\tfont-family: Open Sans !important;\r\n}\r\n#tab_container_1315 .wpsm_nav-tabs > li > a:focus {\r\noutline: 0px !important;\r\n}\r\n\r\n#tab_container_1315 .wpsm_nav-tabs > li > a:before {\r\n\tdisplay:none !important;\r\n}\r\n#tab_container_1315 .wpsm_nav-tabs > li > a:after {\r\n\tdisplay:none !important ;\r\n}\r\n#tab_container_1315 .wpsm_nav-tabs > li{\r\npadding:0px !important ;\r\nmargin:0px;\r\n}\r\n\r\n#tab_container_1315 .wpsm_nav-tabs > li > a:hover , #tab_container_1315 .wpsm_nav-tabs > li > a:focus {\r\n    color: #000000 !important;\r\n    background-color: #e8e8e8 !important;\r\n\tborder: 1px solid #d5d5d5 !important;\r\n\t\r\n}\r\n#tab_container_1315 .wpsm_nav-tabs > li > a .fa{\r\n\r\nmargin-right:5px !important;\r\n\r\nmargin-left:5px !important;\r\n\r\n\r\n}\r\n\r\n\t\t#tab_container_1315 .wpsm_nav-tabs a{\r\n\t\t\tbackground-image: none;\r\n\t\t\tbackground-position: 0 0;\r\n\t\t\tbackground-repeat: repeat-x;\r\n\t\t}\r\n\t\t\t\r\n\r\n\r\n#tab_container_1315 .wpsm_nav-tabs > li {\r\n    float: left;\r\n    margin-bottom: -1px !important;\r\n\tmargin-right:0px !important; \r\n}\r\n\r\n\r\n#tab_container_1315 .tab-content{\r\noverflow:hidden !important;\r\n}\r\n\r\n\r\n@media (min-width: 769px) {\r\n\r\n\t#tab_container_1315 .wpsm_nav-tabs > li{\r\n\t\tfloat:left !important ;\r\n\t\t\t\tmargin-right:-1px !important;\r\n\t\t\t\t\t}\r\n\t#tab_container_1315 .wpsm_nav-tabs{\r\n\t\tfloat:none !important;\r\n\t\tmargin:0px !important;\r\n\t}\r\n\r\n\t#tab_container_1315 .wpsm_nav-tabs > li {\r\n\t\t\t\t\r\n\t}\r\n\t#tab_container_1315 .wpsm_nav{\r\n\t\t\t}\r\n\r\n}\r\n\r\n\r\n\r\n@media (max-width: 768px) {\r\n\t#tab_container_1315 .wpsm_nav-tabs > li {\r\n\t\t\t\t\r\n\t}\r\n\t#tab_container_1315 .wpsm_nav{\r\n\t\t\t}\r\n}\r\n\r\n\r\n\t.wpsm_nav-tabs li:before{\r\n\t\tdisplay:none !important;\r\n\t}\r\n\r\n\t@media (max-width: 768px) {\r\n\t\t\t\t\r\n\t\t\t\t.wpsm_nav-tabs{\r\n\t\t\tmargin-left:0px !important;\r\n\t\t\tmargin-right:0px !important; \r\n\t\t\t\r\n\t\t}\r\n\t\t\t\t#tab_container_1315 .wpsm_nav-tabs > li{\r\n\t\t\tfloat:none !important;\r\n\t\t}\r\n\t\t\t\r\n\t}\t\t\t\t<\/style>\r\n\t\t\t\t<div id=\"tab_container_1315\" >\r\n\t \r\n\t\t\t\t\t<ul class=\"wpsm_nav wpsm_nav-tabs\" role=\"tablist\" id=\"myTab_1315\">\r\n\t\t\t\t\t\t\t\r\n\t\t\t\t\t\t\t<li role=\"presentation\"  class=\"active\"  onclick=\"do_resize()\">\r\n\t\t\t\t\t\t\t\t<a href=\"#tabs_desc_1315_1\" aria-controls=\"tabs_desc_1315_1\" role=\"tab\" data-toggle=\"tab\">\r\n\t\t\t\t\t\t\t\t\t\r\n\t\t\t\t\t\t\t\t\t\t\t\t\t\t\t\t\t\t\t\t\t\t\t\t\t\t\t\t\r\n\t\t\t\t\t\t\t\t\t\t\t\t\t\t\t\t\t\t\r\n\t\t\t\t\t\t\t\t\t<span>Srpski jezik<\/span>\r\n\t\t\t\t\t\t\t\t\t\r\n\t\t\t\t\t\t\t\t\t\t\t\t\t\t\t\t\t\t\r\n\t\t\t\t\t\t\t\t\t\t\t\t\t\t\t\t\t\t\t\t\r\n\t\t\t\t\t\t\t\t\t\r\n\t\t\t\t\t\t\t\t<\/a>\r\n\t\t\t\t\t\t\t<\/li>\r\n\t\t\t\t\t\t\t\r\n\t\t\t\t\t\t\t<li role=\"presentation\"  onclick=\"do_resize()\">\r\n\t\t\t\t\t\t\t\t<a href=\"#tabs_desc_1315_2\" aria-controls=\"tabs_desc_1315_2\" role=\"tab\" data-toggle=\"tab\">\r\n\t\t\t\t\t\t\t\t\t\r\n\t\t\t\t\t\t\t\t\t\t\t\t\t\t\t\t\t\t\t\t\t\t\t\t\t\t\t\t\r\n\t\t\t\t\t\t\t\t\t\t\t\t\t\t\t\t\t\t\r\n\t\t\t\t\t\t\t\t\t<span>Engleski jezik<\/span>\r\n\t\t\t\t\t\t\t\t\t\r\n\t\t\t\t\t\t\t\t\t\t\t\t\t\t\t\t\t\t\r\n\t\t\t\t\t\t\t\t\t\t\t\t\t\t\t\t\t\t\t\t\r\n\t\t\t\t\t\t\t\t\t\r\n\t\t\t\t\t\t\t\t<\/a>\r\n\t\t\t\t\t\t\t<\/li>\r\n\t\t\t\t\t\t\t\t\t\t\t <\/ul>\r\n\r\n\t\t\t\t\t  <!-- Tab panes -->\r\n\t\t\t\t\t  <div class=\"tab-content\" id=\"tab-content_1315\">\r\n\t\t\t\t\t\t\t\t\t\t\t\t <div role=\"tabpanel\" class=\"tab-pane  in active \" id=\"tabs_desc_1315_1\">\r\n\t\t\t\t\t\t\t\t<table>\r\n<tbody>\r\n<tr>\r\n<td width=\"134\">\r\n<p style=\"text-align: center;\"><strong>Naziv<\/strong><\/p>\r\n<\/td>\r\n<td style=\"text-align: center;\" width=\"121\"><strong>Autor<\/strong><\/td>\r\n<td width=\"82\">\r\n<p style=\"text-align: center;\"><strong>Godina<\/strong><\/p>\r\n<\/td>\r\n<\/tr>\r\n<tr>\r\n<td width=\"134\"><a href=\"http:\/\/www.obrazovanje.org\/rs\/uploaded\/dokumenta\/Skola-za-pocetnike.pdf\">\u0160kola za po\u010detnike<\/a><\/td>\r\n<td width=\"121\">Melita Ran\u0111elovi\u0107,\r\nDu\u0161anka Nigrenji,\r\n<span style=\"font-family: inherit; font-size: inherit;\">Jelena Dobrani\u0107,\r\n<\/span>Aleksandra Radevi\u0107<\/td>\r\n<td width=\"82\">2016<\/td>\r\n<\/tr>\r\n<tr>\r\n<td width=\"134\"><a href=\"http:\/\/www.unicef.rs\/files\/Korak%20napred%20u%20saradnji%20skole%20i%20roditelja.pdf\">Korak napred u saradnji \u0161kole i roditelja -<\/a>\u00a0<a href=\"http:\/\/www.unicef.rs\/files\/Korak%20napred%20u%20saradnji%20skole%20i%20roditelja.pdf\">Vodi\u010d za odeljenjske stare\u0161ine<\/a><\/td>\r\n<td width=\"121\">Grupa autora<\/td>\r\n<td width=\"82\">2016<\/td>\r\n<\/tr>\r\n<tr>\r\n<td width=\"134\"><a href=\"http:\/\/www.academia.edu\/6326375\/Partnerstvo_sa_porodicom_tri_paradigme_dva_modela_jedna_ili_vi%C5%A1e_stvarnosti\">Partnerstvo sa porodicom: tri paradigme, dva modela, jedna ili vi\u0161e stvarnosti<\/a><\/td>\r\n<td width=\"121\">Dragana Pavlovi\u0107 Breneselovi\u0107<\/td>\r\n<td width=\"82\">2014<\/td>\r\n<\/tr>\r\n<tr>\r\n<td width=\"134\"><a href=\"http:\/\/www.obrazovanje.org\/rs\/uploaded\/dokumenta\/Participacija-roditelja-u-obrazovno-vaspitnom-procesu-mogucnosti-i-ogranicenja.pdf\">Participacija roditelja u obrazovno-vaspitnom procesu: mogu\u0107nosti i ograni\u010denja<\/a><\/td>\r\n<td width=\"121\">Jelena Vranje\u0161evi\u0107<\/td>\r\n<td width=\"82\">2011<\/td>\r\n<\/tr>\r\n<tr>\r\n<td width=\"134\"><a href=\"http:\/\/www.obrazovanje.org\/rs\/uploaded\/dokumenta\/participacija-roditelja-u-skolskom-zivotu-iz-ugla-samih-roditelja-njihovih-predstavnika-i-direktora.pdf\">Participacija roditelja u \u0161kolskom \u017eivotu iz ugla samih roditelja, njihovih predstavnika i direktora<\/a><\/td>\r\n<td width=\"121\">Jelena Vranje\u0161evi\u0107<\/td>\r\n<td width=\"82\">2010<\/td>\r\n<\/tr>\r\n<tr>\r\n<td width=\"134\"><a href=\"http:\/\/www.obrazovanje.org\/rs\/uploaded\/dokumenta\/vodic-kroz-savet-roditelja.pdf\">Vodi\u010d kroz savet roditelja<\/a><\/td>\r\n<td width=\"121\">Jelena \u017duni\u0107-Cicvari\u0107,\r\n\r\nRadovan Cicvari\u0107<\/td>\r\n<td width=\"82\">2009<\/td>\r\n<\/tr>\r\n<tr>\r\n<td width=\"134\"><a href=\"http:\/\/www.obrazovanje.org\/rs\/uploaded\/dokumenta\/Ukljucenost-roditelja-u-rad-skola-u-jugoistocnoj-Evropi.pdf\">Uklju\u010denost roditelja u rad \u0161kola u jugoisto\u010dnoj Evropi \u2013 Stavovi direktora<\/a><\/td>\r\n<td width=\"121\">Yoon Durbin,\r\nGordana Miljevi\u0107,\r\nDaniel Pop<\/td>\r\n<td width=\"82\">2009<\/td>\r\n<\/tr>\r\n<tr>\r\n<td width=\"134\"><a href=\"http:\/\/www.obrazovanje.org\/rs\/uploaded\/dokumenta\/modeli-odnosa-roditelja-i-skolevrtica.pdf\">Modeli odnosa roditelja i \u0161kole\/vrti\u0107a<\/a><\/td>\r\n<td width=\"121\">Dragana Pavlovi\u0107,\r\nBreneselovi\u0107<\/td>\r\n<td width=\"82\">Nedatirano<\/td>\r\n<\/tr>\r\n<tr>\r\n<td width=\"134\"><a href=\"http:\/\/www.obrazovanje.org\/rs\/uploaded\/dokumenta\/Istrazivanja-efekata-saradnje_Koristi-od-saradnje-porodice-i-vrtica_skole.pdf\">Koristi od saradnje porodice i vrti\u0107a\/\u0161kole<\/a><\/td>\r\n<td width=\"121\">Dragana Pavlovi\u0107,\r\nBreneselovi\u0107<\/td>\r\n<td width=\"82\">Nedatirano<\/td>\r\n<\/tr>\r\n<tr>\r\n<td width=\"134\"><a href=\"http:\/\/www.obrazovanje.org\/rs\/uploaded\/dokumenta\/Pregled-uloga-funkcija-i-doprinosa-nastavnicko-roditeljskog-organizovanja-u-Srbiji-regionu-i-svetu_1.pdf\">Pregled uloga, funkcija i doprinosa nastavni\u010dko-roditeljskog organizovanja u Srbiji, regionu i svetu<\/a><\/td>\r\n<td width=\"121\">Tanja Azanjac Janjatovi\u0107<\/td>\r\n<td width=\"82\">Nedatirano<\/td>\r\n<\/tr>\r\n<\/tbody>\r\n<\/table>\t\t\t\t\t\t <\/div>\r\n\t\t\t\t\t\t\t\t\t\t\t\t <div role=\"tabpanel\" class=\"tab-pane \" id=\"tabs_desc_1315_2\">\r\n\t\t\t\t\t\t\t\t<table>\r\n<tbody>\r\n<tr>\r\n<td style=\"text-align: center;\" width=\"134\"><strong>Naziv<\/strong><\/td>\r\n<td style=\"text-align: center;\" width=\"121\"><strong>Autor<\/strong><\/td>\r\n<td width=\"82\">\r\n<p style=\"text-align: center;\"><strong>Godina<\/strong><\/p>\r\n<\/td>\r\n<\/tr>\r\n<tr>\r\n<td width=\"134\"><a href=\"http:\/\/www.oecd.org\/pisa\/pisaproducts\/Parent%20Factor_e-book-new%20logo_FINAL_new%20page%2047.pdf\">Let's Read Them a Story! The Parent Factor in Education<\/a><\/td>\r\n<td width=\"121\">OECD<\/td>\r\n<td width=\"82\">2012<\/td>\r\n<\/tr>\r\n<tr>\r\n<td width=\"134\"><a href=\"https:\/\/www.oecd.org\/site\/schoolingfortomorrowknowledgebase\/themes\/demand\/41173457.pdf\">Parent and community \u201cvoice\u201d in schools<\/a><\/td>\r\n<td width=\"121\">OECD<\/td>\r\n<td width=\"82\">2006<\/td>\r\n<\/tr>\r\n<tr>\r\n<td width=\"134\"><a href=\"https:\/\/www.sedl.org\/connections\/resources\/evidence.pdf\">A New Wave of Evidence<\/a>\u00a0<a href=\"https:\/\/www.sedl.org\/connections\/resources\/evidence.pdf\">The Impact of School, Family, and Community<\/a>\u00a0<a href=\"https:\/\/www.sedl.org\/connections\/resources\/evidence.pdf\">Connections on Student Achievement<\/a><\/td>\r\n<td width=\"121\">Anne T. Henderson,\r\nKaren L. Mapp<\/td>\r\n<td width=\"82\">2002<\/td>\r\n<\/tr>\r\n<tr>\r\n<td width=\"134\"><a href=\"https:\/\/www.gpo.gov\/fdsys\/pkg\/ERIC-ED467082\/pdf\/ERIC-ED467082.pdf\">School, Family, and Community Partnerships<\/a><\/td>\r\n<td width=\"121\">Grupa autora<\/td>\r\n<td width=\"82\">2002<\/td>\r\n<\/tr>\r\n<tr>\r\n<td width=\"134\"><a href=\"http:\/\/unesdoc.unesco.org\/images\/0012\/001254\/125451e.pdf\">Parents<\/a>\u00a0<a href=\"http:\/\/unesdoc.unesco.org\/images\/0012\/001254\/125451e.pdf\">and<\/a>\u00a0<a href=\"http:\/\/unesdoc.unesco.org\/images\/0012\/001254\/125451e.pdf\">learning<\/a><\/td>\r\n<td width=\"121\">Sam Redding<\/td>\r\n<td width=\"82\">2002<\/td>\r\n<\/tr>\r\n<\/tbody>\r\n<\/table>\t\t\t\t\t\t <\/div>\r\n\t\t\t\t\t\t\t\r\n\t\t\t\t\t <\/div>\r\n\t\t\t\t\t \r\n\t\t\t\t <\/div>\r\n <script>\r\n\t\tjQuery(function () {\r\n\t\t\tjQuery('#myTab_1315 a:first').tab('show')\r\n\t\t});\r\n\t\t\r\n\t\t\t\tjQuery(function(){\r\n\t\t\tvar b=\"fadeIn\";\r\n\t\t\tvar c;\r\n\t\t\tvar a;\r\n\t\t\td(jQuery(\"#myTab_1315 a\"),jQuery(\"#tab-content_1315\"));function d(e,f,g){\r\n\t\t\t\te.click(function(i){\r\n\t\t\t\t\ti.preventDefault();\r\n\t\t\t\t\tjQuery(this).tab(\"show\");\r\n\t\t\t\t\tvar h=jQuery(this).data(\"easein\");\r\n\t\t\t\t\tif(c){c.removeClass(a);}\r\n\t\t\t\t\tif(h){f.find(\"div.active\").addClass(\"animated \"+h);a=h;}\r\n\t\t\t\t\telse{if(g){f.find(\"div.active\").addClass(\"animated \"+g);a=g;}else{f.find(\"div.active\").addClass(\"animated \"+b);a=b;}}c=f.find(\"div.active\");\r\n\t\t\t\t});\r\n\t\t\t}\r\n\t\t});\r\n\t\t\r\n\r\n\t\tfunction do_resize(){\r\n\r\n\t\t\tvar width=jQuery( '.tab-content .tab-pane iframe' ).width();\r\n\t\t\tvar height=jQuery( '.tab-content .tab-pane iframe' ).height();\r\n\r\n\t\t\tvar toggleSize = true;\r\n\t\t\tjQuery('iframe').animate({\r\n\t\t\t    width: toggleSize ? width : 640,\r\n\t\t\t    height: toggleSize ? height : 360\r\n\t\t\t  }, 250);\r\n\r\n\t\t\t  toggleSize = !toggleSize;\r\n\t\t}\r\n\r\n\r\n\t<\/script>\r\n\t\t\t\t\r\n\t\t\t\n","protected":false},"excerpt":{"rendered":"<p>Opis standarda: Direktor razvija konstruktivne odnose sa roditeljima\/starateljima i pru\u017ea podr\u0161ku radu saveta roditelja.<\/p>\n","protected":false},"author":1,"featured_media":0,"parent":0,"menu_order":0,"comment_status":"closed","ping_status":"closed","template":"","meta":{"_bbp_topic_count":0,"_bbp_reply_count":0,"_bbp_total_topic_count":0,"_bbp_total_reply_count":0,"_bbp_voice_count":0,"_bbp_anonymous_reply_count":0,"_bbp_topic_count_hidden":0,"_bbp_reply_count_hidden":0,"_bbp_forum_subforum_count":0,"footnotes":""},"class_list":["post-1189","page","type-page","status-publish","hentry"],"_links":{"self":[{"href":"http:\/\/edlead.pefja.kg.ac.rs\/resurs\/wp-json\/wp\/v2\/pages\/1189","targetHints":{"allow":["GET"]}}],"collection":[{"href":"http:\/\/edlead.pefja.kg.ac.rs\/resurs\/wp-json\/wp\/v2\/pages"}],"about":[{"href":"http:\/\/edlead.pefja.kg.ac.rs\/resurs\/wp-json\/wp\/v2\/types\/page"}],"author":[{"embeddable":true,"href":"http:\/\/edlead.pefja.kg.ac.rs\/resurs\/wp-json\/wp\/v2\/users\/1"}],"replies":[{"embeddable":true,"href":"http:\/\/edlead.pefja.kg.ac.rs\/resurs\/wp-json\/wp\/v2\/comments?post=1189"}],"version-history":[{"count":4,"href":"http:\/\/edlead.pefja.kg.ac.rs\/resurs\/wp-json\/wp\/v2\/pages\/1189\/revisions"}],"predecessor-version":[{"id":1316,"href":"http:\/\/edlead.pefja.kg.ac.rs\/resurs\/wp-json\/wp\/v2\/pages\/1189\/revisions\/1316"}],"wp:attachment":[{"href":"http:\/\/edlead.pefja.kg.ac.rs\/resurs\/wp-json\/wp\/v2\/media?parent=1189"}],"curies":[{"name":"wp","href":"https:\/\/api.w.org\/{rel}","templated":true}]}}