{"id":1191,"date":"2017-11-15T10:00:29","date_gmt":"2017-11-15T09:00:29","guid":{"rendered":"https:\/\/resurs.edlead.edu.rs\/?page_id=1191"},"modified":"2017-11-15T19:28:49","modified_gmt":"2017-11-15T18:28:49","slug":"saradnja-sa-organom-upravljanja-i-reprezentativnim-sindikatom-u-ustanovi","status":"publish","type":"page","link":"http:\/\/edlead.pefja.kg.ac.rs\/resurs\/saradnja-sa-organom-upravljanja-i-reprezentativnim-sindikatom-u-ustanovi\/","title":{"rendered":"Saradnja sa organom upravljanja i reprezentativnim sindikatom u ustanovi"},"content":{"rendered":"<p>&nbsp;<\/p>\n<p>Opis standarda: Direktor pru\u017ea podr\u0161ku radu organa upravljanja i reprezentativnom sindikatu.<\/p>\n<p>&nbsp;<\/p>\n\t\t\t\t\t\t<style>\r\n\t\t\t\t\r\n\t\t\t\t\t#tab_container_1318 {\r\n\toverflow:hidden;\r\n\tdisplay:block;\r\n\twidth:100%;\r\n\tborder:0px solid #ddd;\r\n\tmargin-bottom:30px;\r\n\t}\r\n\r\n#tab_container_1318 .tab-content{\r\n\tpadding:20px;\r\n\tborder: 1px solid #e6e6e6 !important;\r\n\tmargin-top: 0px;\r\n\tbackground-color:#ffffff !important;\r\n\tcolor: #000000 !important;\r\n\tfont-size:16px !important;\r\n\tfont-family: Open Sans !important;\r\n\t\r\n\t\t\tborder: 0px solid #e6e6e6 !important;\r\n\t\t\r\n\t}\r\n#tab_container_1318 .wpsm_nav-tabs {\r\n    border-bottom: 0px solid #ddd;\r\n}\r\n#tab_container_1318 .wpsm_nav-tabs > li.active > a, #tab_container_1318 .wpsm_nav-tabs > li.active > a:hover, #tab_container_1318 .wpsm_nav-tabs > li.active > a:focus {\r\n\tcolor: #000000 !important;\r\n\tcursor: default;\r\n\tbackground-color: #ffffff !important;\r\n\tborder: 1px solid #e6e6e6 !important;\r\n}\r\n\r\n#tab_container_1318 .wpsm_nav-tabs > li > a {\r\n    margin-right: 0px !important; \r\n    line-height: 1.42857143 !important;\r\n    border: 1px solid #d5d5d5 !important;\r\n    border-radius: 0px 0px 0 0 !important; \r\n\tbackground-color: #e8e8e8 !important;\r\n\tcolor: #000000 !important;\r\n\tpadding: 15px 18px 15px 18px !important;\r\n\ttext-decoration: none !important;\r\n\tfont-size: 14px !important;\r\n\ttext-align:center !important;\r\n\tfont-family: Open Sans !important;\r\n}\r\n#tab_container_1318 .wpsm_nav-tabs > li > a:focus {\r\noutline: 0px !important;\r\n}\r\n\r\n#tab_container_1318 .wpsm_nav-tabs > li > a:before {\r\n\tdisplay:none !important;\r\n}\r\n#tab_container_1318 .wpsm_nav-tabs > li > a:after {\r\n\tdisplay:none !important ;\r\n}\r\n#tab_container_1318 .wpsm_nav-tabs > li{\r\npadding:0px !important ;\r\nmargin:0px;\r\n}\r\n\r\n#tab_container_1318 .wpsm_nav-tabs > li > a:hover , #tab_container_1318 .wpsm_nav-tabs > li > a:focus {\r\n    color: #000000 !important;\r\n    background-color: #e8e8e8 !important;\r\n\tborder: 1px solid #d5d5d5 !important;\r\n\t\r\n}\r\n#tab_container_1318 .wpsm_nav-tabs > li > a .fa{\r\n\r\nmargin-right:5px !important;\r\n\r\nmargin-left:5px !important;\r\n\r\n\r\n}\r\n\r\n\t\t#tab_container_1318 .wpsm_nav-tabs a{\r\n\t\t\tbackground-image: none;\r\n\t\t\tbackground-position: 0 0;\r\n\t\t\tbackground-repeat: repeat-x;\r\n\t\t}\r\n\t\t\t\r\n\r\n\r\n#tab_container_1318 .wpsm_nav-tabs > li {\r\n    float: left;\r\n    margin-bottom: -1px !important;\r\n\tmargin-right:0px !important; \r\n}\r\n\r\n\r\n#tab_container_1318 .tab-content{\r\noverflow:hidden !important;\r\n}\r\n\r\n\r\n@media (min-width: 769px) {\r\n\r\n\t#tab_container_1318 .wpsm_nav-tabs > li{\r\n\t\tfloat:left !important ;\r\n\t\t\t\tmargin-right:-1px !important;\r\n\t\t\t\t\t}\r\n\t#tab_container_1318 .wpsm_nav-tabs{\r\n\t\tfloat:none !important;\r\n\t\tmargin:0px !important;\r\n\t}\r\n\r\n\t#tab_container_1318 .wpsm_nav-tabs > li {\r\n\t\t\t\t\r\n\t}\r\n\t#tab_container_1318 .wpsm_nav{\r\n\t\t\t}\r\n\r\n}\r\n\r\n\r\n\r\n@media (max-width: 768px) {\r\n\t#tab_container_1318 .wpsm_nav-tabs > li {\r\n\t\t\t\t\r\n\t}\r\n\t#tab_container_1318 .wpsm_nav{\r\n\t\t\t}\r\n}\r\n\r\n\r\n\t.wpsm_nav-tabs li:before{\r\n\t\tdisplay:none !important;\r\n\t}\r\n\r\n\t@media (max-width: 768px) {\r\n\t\t\t\t\r\n\t\t\t\t.wpsm_nav-tabs{\r\n\t\t\tmargin-left:0px !important;\r\n\t\t\tmargin-right:0px !important; \r\n\t\t\t\r\n\t\t}\r\n\t\t\t\t#tab_container_1318 .wpsm_nav-tabs > li{\r\n\t\t\tfloat:none !important;\r\n\t\t}\r\n\t\t\t\r\n\t}\t\t\t\t<\/style>\r\n\t\t\t\t<div id=\"tab_container_1318\" >\r\n\t \r\n\t\t\t\t\t<ul class=\"wpsm_nav wpsm_nav-tabs\" role=\"tablist\" id=\"myTab_1318\">\r\n\t\t\t\t\t\t\t\r\n\t\t\t\t\t\t\t<li role=\"presentation\"  class=\"active\"  onclick=\"do_resize()\">\r\n\t\t\t\t\t\t\t\t<a href=\"#tabs_desc_1318_1\" aria-controls=\"tabs_desc_1318_1\" role=\"tab\" data-toggle=\"tab\">\r\n\t\t\t\t\t\t\t\t\t\r\n\t\t\t\t\t\t\t\t\t\t\t\t\t\t\t\t\t\t\t\t\t\t\t\t\t\t\t\t\r\n\t\t\t\t\t\t\t\t\t\t\t\t\t\t\t\t\t\t\r\n\t\t\t\t\t\t\t\t\t<span>Srpski jezik<\/span>\r\n\t\t\t\t\t\t\t\t\t\r\n\t\t\t\t\t\t\t\t\t\t\t\t\t\t\t\t\t\t\r\n\t\t\t\t\t\t\t\t\t\t\t\t\t\t\t\t\t\t\t\t\r\n\t\t\t\t\t\t\t\t\t\r\n\t\t\t\t\t\t\t\t<\/a>\r\n\t\t\t\t\t\t\t<\/li>\r\n\t\t\t\t\t\t\t\r\n\t\t\t\t\t\t\t<li role=\"presentation\"  onclick=\"do_resize()\">\r\n\t\t\t\t\t\t\t\t<a href=\"#tabs_desc_1318_2\" aria-controls=\"tabs_desc_1318_2\" role=\"tab\" data-toggle=\"tab\">\r\n\t\t\t\t\t\t\t\t\t\r\n\t\t\t\t\t\t\t\t\t\t\t\t\t\t\t\t\t\t\t\t\t\t\t\t\t\t\t\t\r\n\t\t\t\t\t\t\t\t\t\t\t\t\t\t\t\t\t\t\r\n\t\t\t\t\t\t\t\t\t<span>Engleski jezik<\/span>\r\n\t\t\t\t\t\t\t\t\t\r\n\t\t\t\t\t\t\t\t\t\t\t\t\t\t\t\t\t\t\r\n\t\t\t\t\t\t\t\t\t\t\t\t\t\t\t\t\t\t\t\t\r\n\t\t\t\t\t\t\t\t\t\r\n\t\t\t\t\t\t\t\t<\/a>\r\n\t\t\t\t\t\t\t<\/li>\r\n\t\t\t\t\t\t\t\t\t\t\t <\/ul>\r\n\r\n\t\t\t\t\t  <!-- Tab panes -->\r\n\t\t\t\t\t  <div class=\"tab-content\" id=\"tab-content_1318\">\r\n\t\t\t\t\t\t\t\t\t\t\t\t <div role=\"tabpanel\" class=\"tab-pane  in active \" id=\"tabs_desc_1318_1\">\r\n\t\t\t\t\t\t\t\t<table>\r\n<tbody>\r\n<tr>\r\n<td width=\"95\">\r\n<p style=\"text-align: center;\"><strong>Naziv<\/strong><\/p>\r\n<\/td>\r\n<td style=\"text-align: center;\" width=\"87\"><strong>Autor<\/strong><\/td>\r\n<td width=\"76\">\r\n<p style=\"text-align: center;\"><strong>Godina<\/strong><\/p>\r\n<\/td>\r\n<\/tr>\r\n<tr>\r\n<td width=\"95\"><a href=\"http:\/\/www.cep.edu.rs\/public\/Vodic_za_nastavnicko_udruzivanje1.pdf\">Vodi\u010d za nastavni\u010dko udru\u017eivanje<\/a><\/td>\r\n<td width=\"87\">Urednice:\r\nJasminka \u010ceki\u0107 Markovi\u0107, Mirjana Ili\u0107,\r\nTatjana Stoji\u0107<\/td>\r\n<td width=\"76\">2013<\/td>\r\n<\/tr>\r\n<tr>\r\n<td width=\"95\"><a href=\"http:\/\/www.sind-obr.org.rs\/images\/PUBLIKACIJE\/tumacenje_pku_2016.pdf\">Tuma\u010denje posebnog kolektivnog ugovora za osnovne i srednje \u0161kole i domove u\u010denika<\/a><\/td>\r\n<td width=\"87\">Sindikat obrazovanja Srbije<\/td>\r\n<td width=\"76\"><\/td>\r\n<\/tr>\r\n<\/tbody>\r\n<\/table>\t\t\t\t\t\t <\/div>\r\n\t\t\t\t\t\t\t\t\t\t\t\t <div role=\"tabpanel\" class=\"tab-pane \" id=\"tabs_desc_1318_2\">\r\n\t\t\t\t\t\t\t\t<table>\r\n<tbody>\r\n<tr>\r\n<td width=\"95\">\r\n<p style=\"text-align: center;\"><strong>Naziv<\/strong><\/p>\r\n<\/td>\r\n<td style=\"text-align: center;\" width=\"87\"><strong>Autor<\/strong><\/td>\r\n<td width=\"76\">\r\n<p style=\"text-align: center;\"><strong>Godina<\/strong><\/p>\r\n<\/td>\r\n<\/tr>\r\n<tr>\r\n<td width=\"95\"><a href=\"http:\/\/education.msu.edu\/epc\/library\/documents\/wp%2042%20how%20do%20teachers%20unions%20influence%20education%20policy.pdf\">How Do Teachers\u2019 Unions Influence Education Policy? What We Know and What We Need to Learn<\/a><\/td>\r\n<td width=\"87\">Joshua Cowen, Katharine O. Strunk<\/td>\r\n<td width=\"76\">2014<\/td>\r\n<\/tr>\r\n<tr>\r\n<td width=\"95\"><a href=\"http:\/\/files.eric.ed.gov\/fulltext\/ED536074.pdf\">Reforming Public School\r\nSystems through Sustained\r\nUnion-Management Collaboration<\/a><\/td>\r\n<td width=\"87\">Saul A. Rubinstein, John E. McCarthy<\/td>\r\n<td width=\"76\">2011<\/td>\r\n<\/tr>\r\n<tr>\r\n<td width=\"95\"><a href=\"http:\/\/files.eric.ed.gov\/fulltext\/EJ795878.pdf\">Teachers Unions and Student Performance:\r\nHelp or Hindrance?<\/a><\/td>\r\n<td width=\"87\">Randall W. Eberts<\/td>\r\n<td width=\"76\">2007<\/td>\r\n<\/tr>\r\n<tr>\r\n<td width=\"95\"><a href=\"http:\/\/nepc.colorado.edu\/files\/Chapter10-Carini-Final.pdf\">Teacher unions and student achievement -Executive summary<\/a><\/td>\r\n<td width=\"87\">Robert M. Carini<\/td>\r\n<td width=\"76\">Nedatirano<\/td>\r\n<\/tr>\r\n<\/tbody>\r\n<\/table>\t\t\t\t\t\t <\/div>\r\n\t\t\t\t\t\t\t\r\n\t\t\t\t\t <\/div>\r\n\t\t\t\t\t \r\n\t\t\t\t <\/div>\r\n <script>\r\n\t\tjQuery(function () {\r\n\t\t\tjQuery('#myTab_1318 a:first').tab('show')\r\n\t\t});\r\n\t\t\r\n\t\t\t\tjQuery(function(){\r\n\t\t\tvar b=\"fadeIn\";\r\n\t\t\tvar c;\r\n\t\t\tvar a;\r\n\t\t\td(jQuery(\"#myTab_1318 a\"),jQuery(\"#tab-content_1318\"));function d(e,f,g){\r\n\t\t\t\te.click(function(i){\r\n\t\t\t\t\ti.preventDefault();\r\n\t\t\t\t\tjQuery(this).tab(\"show\");\r\n\t\t\t\t\tvar h=jQuery(this).data(\"easein\");\r\n\t\t\t\t\tif(c){c.removeClass(a);}\r\n\t\t\t\t\tif(h){f.find(\"div.active\").addClass(\"animated \"+h);a=h;}\r\n\t\t\t\t\telse{if(g){f.find(\"div.active\").addClass(\"animated \"+g);a=g;}else{f.find(\"div.active\").addClass(\"animated \"+b);a=b;}}c=f.find(\"div.active\");\r\n\t\t\t\t});\r\n\t\t\t}\r\n\t\t});\r\n\t\t\r\n\r\n\t\tfunction do_resize(){\r\n\r\n\t\t\tvar width=jQuery( '.tab-content .tab-pane iframe' ).width();\r\n\t\t\tvar height=jQuery( '.tab-content .tab-pane iframe' ).height();\r\n\r\n\t\t\tvar toggleSize = true;\r\n\t\t\tjQuery('iframe').animate({\r\n\t\t\t    width: toggleSize ? width : 640,\r\n\t\t\t    height: toggleSize ? height : 360\r\n\t\t\t  }, 250);\r\n\r\n\t\t\t  toggleSize = !toggleSize;\r\n\t\t}\r\n\r\n\r\n\t<\/script>\r\n\t\t\t\t\r\n\t\t\t\n","protected":false},"excerpt":{"rendered":"<p>&nbsp; Opis standarda: Direktor pru\u017ea podr\u0161ku radu organa upravljanja i reprezentativnom sindikatu. &nbsp;<\/p>\n","protected":false},"author":1,"featured_media":0,"parent":0,"menu_order":0,"comment_status":"closed","ping_status":"closed","template":"","meta":{"_bbp_topic_count":0,"_bbp_reply_count":0,"_bbp_total_topic_count":0,"_bbp_total_reply_count":0,"_bbp_voice_count":0,"_bbp_anonymous_reply_count":0,"_bbp_topic_count_hidden":0,"_bbp_reply_count_hidden":0,"_bbp_forum_subforum_count":0,"footnotes":""},"class_list":["post-1191","page","type-page","status-publish","hentry"],"_links":{"self":[{"href":"http:\/\/edlead.pefja.kg.ac.rs\/resurs\/wp-json\/wp\/v2\/pages\/1191","targetHints":{"allow":["GET"]}}],"collection":[{"href":"http:\/\/edlead.pefja.kg.ac.rs\/resurs\/wp-json\/wp\/v2\/pages"}],"about":[{"href":"http:\/\/edlead.pefja.kg.ac.rs\/resurs\/wp-json\/wp\/v2\/types\/page"}],"author":[{"embeddable":true,"href":"http:\/\/edlead.pefja.kg.ac.rs\/resurs\/wp-json\/wp\/v2\/users\/1"}],"replies":[{"embeddable":true,"href":"http:\/\/edlead.pefja.kg.ac.rs\/resurs\/wp-json\/wp\/v2\/comments?post=1191"}],"version-history":[{"count":4,"href":"http:\/\/edlead.pefja.kg.ac.rs\/resurs\/wp-json\/wp\/v2\/pages\/1191\/revisions"}],"predecessor-version":[{"id":1319,"href":"http:\/\/edlead.pefja.kg.ac.rs\/resurs\/wp-json\/wp\/v2\/pages\/1191\/revisions\/1319"}],"wp:attachment":[{"href":"http:\/\/edlead.pefja.kg.ac.rs\/resurs\/wp-json\/wp\/v2\/media?parent=1191"}],"curies":[{"name":"wp","href":"https:\/\/api.w.org\/{rel}","templated":true}]}}