{"id":1193,"date":"2017-11-15T10:00:38","date_gmt":"2017-11-15T09:00:38","guid":{"rendered":"https:\/\/resurs.edlead.edu.rs\/?page_id=1193"},"modified":"2017-11-15T19:40:43","modified_gmt":"2017-11-15T18:40:43","slug":"saradnja-sa-drzavnom-upravom-i-lokalnom-samoupravom","status":"publish","type":"page","link":"http:\/\/edlead.pefja.kg.ac.rs\/resurs\/saradnja-sa-drzavnom-upravom-i-lokalnom-samoupravom\/","title":{"rendered":"Saradnja sa dr\u017eavnom upravom i lokalnom samoupravom"},"content":{"rendered":"<p>Opis standarda: Direktor ostvaruje konstruktivnu saradnju sa organima dr\u017eavne uprave i lokalne samouprave.<\/p>\n<p>&nbsp;<\/p>\n\t\t\t\t\t\t<style>\r\n\t\t\t\t\r\n\t\t\t\t\t#tab_container_1320 {\r\n\toverflow:hidden;\r\n\tdisplay:block;\r\n\twidth:100%;\r\n\tborder:0px solid #ddd;\r\n\tmargin-bottom:30px;\r\n\t}\r\n\r\n#tab_container_1320 .tab-content{\r\n\tpadding:20px;\r\n\tborder: 1px solid #e6e6e6 !important;\r\n\tmargin-top: 0px;\r\n\tbackground-color:#ffffff !important;\r\n\tcolor: #000000 !important;\r\n\tfont-size:16px !important;\r\n\tfont-family: Open Sans !important;\r\n\t\r\n\t\t\tborder: 0px solid #e6e6e6 !important;\r\n\t\t\r\n\t}\r\n#tab_container_1320 .wpsm_nav-tabs {\r\n    border-bottom: 0px solid #ddd;\r\n}\r\n#tab_container_1320 .wpsm_nav-tabs > li.active > a, #tab_container_1320 .wpsm_nav-tabs > li.active > a:hover, #tab_container_1320 .wpsm_nav-tabs > li.active > a:focus {\r\n\tcolor: #000000 !important;\r\n\tcursor: default;\r\n\tbackground-color: #ffffff !important;\r\n\tborder: 1px solid #e6e6e6 !important;\r\n}\r\n\r\n#tab_container_1320 .wpsm_nav-tabs > li > a {\r\n    margin-right: 0px !important; \r\n    line-height: 1.42857143 !important;\r\n    border: 1px solid #d5d5d5 !important;\r\n    border-radius: 0px 0px 0 0 !important; \r\n\tbackground-color: #e8e8e8 !important;\r\n\tcolor: #000000 !important;\r\n\tpadding: 15px 18px 15px 18px !important;\r\n\ttext-decoration: none !important;\r\n\tfont-size: 14px !important;\r\n\ttext-align:center !important;\r\n\tfont-family: Open Sans !important;\r\n}\r\n#tab_container_1320 .wpsm_nav-tabs > li > a:focus {\r\noutline: 0px !important;\r\n}\r\n\r\n#tab_container_1320 .wpsm_nav-tabs > li > a:before {\r\n\tdisplay:none !important;\r\n}\r\n#tab_container_1320 .wpsm_nav-tabs > li > a:after {\r\n\tdisplay:none !important ;\r\n}\r\n#tab_container_1320 .wpsm_nav-tabs > li{\r\npadding:0px !important ;\r\nmargin:0px;\r\n}\r\n\r\n#tab_container_1320 .wpsm_nav-tabs > li > a:hover , #tab_container_1320 .wpsm_nav-tabs > li > a:focus {\r\n    color: #000000 !important;\r\n    background-color: #e8e8e8 !important;\r\n\tborder: 1px solid #d5d5d5 !important;\r\n\t\r\n}\r\n#tab_container_1320 .wpsm_nav-tabs > li > a .fa{\r\n\r\nmargin-right:5px !important;\r\n\r\nmargin-left:5px !important;\r\n\r\n\r\n}\r\n\r\n\t\t#tab_container_1320 .wpsm_nav-tabs a{\r\n\t\t\tbackground-image: none;\r\n\t\t\tbackground-position: 0 0;\r\n\t\t\tbackground-repeat: repeat-x;\r\n\t\t}\r\n\t\t\t\r\n\r\n\r\n#tab_container_1320 .wpsm_nav-tabs > li {\r\n    float: left;\r\n    margin-bottom: -1px !important;\r\n\tmargin-right:0px !important; \r\n}\r\n\r\n\r\n#tab_container_1320 .tab-content{\r\noverflow:hidden !important;\r\n}\r\n\r\n\r\n@media (min-width: 769px) {\r\n\r\n\t#tab_container_1320 .wpsm_nav-tabs > li{\r\n\t\tfloat:left !important ;\r\n\t\t\t\tmargin-right:-1px !important;\r\n\t\t\t\t\t}\r\n\t#tab_container_1320 .wpsm_nav-tabs{\r\n\t\tfloat:none !important;\r\n\t\tmargin:0px !important;\r\n\t}\r\n\r\n\t#tab_container_1320 .wpsm_nav-tabs > li {\r\n\t\t\t\t\r\n\t}\r\n\t#tab_container_1320 .wpsm_nav{\r\n\t\t\t}\r\n\r\n}\r\n\r\n\r\n\r\n@media (max-width: 768px) {\r\n\t#tab_container_1320 .wpsm_nav-tabs > li {\r\n\t\t\t\t\r\n\t}\r\n\t#tab_container_1320 .wpsm_nav{\r\n\t\t\t}\r\n}\r\n\r\n\r\n\t.wpsm_nav-tabs li:before{\r\n\t\tdisplay:none !important;\r\n\t}\r\n\r\n\t@media (max-width: 768px) {\r\n\t\t\t\t\r\n\t\t\t\t.wpsm_nav-tabs{\r\n\t\t\tmargin-left:0px !important;\r\n\t\t\tmargin-right:0px !important; \r\n\t\t\t\r\n\t\t}\r\n\t\t\t\t#tab_container_1320 .wpsm_nav-tabs > li{\r\n\t\t\tfloat:none !important;\r\n\t\t}\r\n\t\t\t\r\n\t}\t\t\t\t<\/style>\r\n\t\t\t\t<div id=\"tab_container_1320\" >\r\n\t \r\n\t\t\t\t\t<ul class=\"wpsm_nav wpsm_nav-tabs\" role=\"tablist\" id=\"myTab_1320\">\r\n\t\t\t\t\t\t\t\r\n\t\t\t\t\t\t\t<li role=\"presentation\"  class=\"active\"  onclick=\"do_resize()\">\r\n\t\t\t\t\t\t\t\t<a href=\"#tabs_desc_1320_1\" aria-controls=\"tabs_desc_1320_1\" role=\"tab\" data-toggle=\"tab\">\r\n\t\t\t\t\t\t\t\t\t\r\n\t\t\t\t\t\t\t\t\t\t\t\t\t\t\t\t\t\t\t\t\t\t\t\t\t\t\t\t\r\n\t\t\t\t\t\t\t\t\t\t\t\t\t\t\t\t\t\t\r\n\t\t\t\t\t\t\t\t\t<span>Srpski jezik<\/span>\r\n\t\t\t\t\t\t\t\t\t\r\n\t\t\t\t\t\t\t\t\t\t\t\t\t\t\t\t\t\t\r\n\t\t\t\t\t\t\t\t\t\t\t\t\t\t\t\t\t\t\t\t\r\n\t\t\t\t\t\t\t\t\t\r\n\t\t\t\t\t\t\t\t<\/a>\r\n\t\t\t\t\t\t\t<\/li>\r\n\t\t\t\t\t\t\t\r\n\t\t\t\t\t\t\t<li role=\"presentation\"  onclick=\"do_resize()\">\r\n\t\t\t\t\t\t\t\t<a href=\"#tabs_desc_1320_2\" aria-controls=\"tabs_desc_1320_2\" role=\"tab\" data-toggle=\"tab\">\r\n\t\t\t\t\t\t\t\t\t\r\n\t\t\t\t\t\t\t\t\t\t\t\t\t\t\t\t\t\t\t\t\t\t\t\t\t\t\t\t\r\n\t\t\t\t\t\t\t\t\t\t\t\t\t\t\t\t\t\t\r\n\t\t\t\t\t\t\t\t\t<span>Engleski jezik<\/span>\r\n\t\t\t\t\t\t\t\t\t\r\n\t\t\t\t\t\t\t\t\t\t\t\t\t\t\t\t\t\t\r\n\t\t\t\t\t\t\t\t\t\t\t\t\t\t\t\t\t\t\t\t\r\n\t\t\t\t\t\t\t\t\t\r\n\t\t\t\t\t\t\t\t<\/a>\r\n\t\t\t\t\t\t\t<\/li>\r\n\t\t\t\t\t\t\t\t\t\t\t <\/ul>\r\n\r\n\t\t\t\t\t  <!-- Tab panes -->\r\n\t\t\t\t\t  <div class=\"tab-content\" id=\"tab-content_1320\">\r\n\t\t\t\t\t\t\t\t\t\t\t\t <div role=\"tabpanel\" class=\"tab-pane  in active \" id=\"tabs_desc_1320_1\">\r\n\t\t\t\t\t\t\t\t<table>\r\n<tbody>\r\n<tr>\r\n<td style=\"text-align: center;\" width=\"234\"><strong>Naziv<\/strong><\/td>\r\n<td style=\"text-align: center;\" width=\"85\"><strong>Autor<\/strong><\/td>\r\n<td style=\"text-align: center;\" width=\"53\"><strong>Godina<\/strong><\/td>\r\n<\/tr>\r\n<tr>\r\n<td width=\"234\"><a href=\"http:\/\/www.unicef.rs\/wp-content\/uploads\/2017\/01\/Vodic_za_rad_interresornih_komisija.pdf\">Vodi\u010d za rad Interresornih komisija<\/a><\/td>\r\n<td width=\"85\">Dragica Vlaovi\u0107-Vasiljevi\u0107,\r\nSanja Miloradovi\u0107,\r\n<span style=\"font-family: inherit; font-size: inherit;\">Milica Pejovi\u0107,\r\nMilovan\u010devi\u0107<\/span><\/td>\r\n<td width=\"53\">2016<\/td>\r\n<\/tr>\r\n<tr>\r\n<td width=\"234\"><a href=\"http:\/\/socijalnoukljucivanje.gov.rs\/wp-content\/uploads\/2015\/11\/Intersektorska_podrska_za_inkluzivno_obrazovanje.pdf\">Smernice za planiranje i pru\u017eanje adekvatne intersektorske podr\u0161ke za inkluzivno obrazovanje u lokalnoj zajednici (predlog prakti\u010dne politike)<\/a><\/td>\r\n<td width=\"85\">Dragica Mira\u017ei\u0107-Nemet,\r\n<span style=\"font-family: inherit; font-size: inherit;\">Sa\u0161a Stefanovi\u0107<\/span><\/td>\r\n<td width=\"53\">2015<\/td>\r\n<\/tr>\r\n<tr>\r\n<td width=\"234\"><a href=\"http:\/\/www.cep.edu.rs\/public\/Nastavnici_u_Srbiji_-_stavovi_o_profesiji.pdf\">Nastavnici u Srbiji: Stavovi o profesiji i o reformama u obrazovanju<\/a><\/td>\r\n<td width=\"85\">Urednice:\r\nNata\u0161a Panti\u0107, Jasminka \u010ceki\u0107,\r\nMarkovi\u0107<\/td>\r\n<td width=\"53\">2012<\/td>\r\n<\/tr>\r\n<tr>\r\n<td width=\"234\"><a href=\"http:\/\/www.ipisr.org.rs\/Upload\/Dokumenta\/Strane\/Izvestaj%20POPS2.pdf\">Predstave o obrazovnim promenama - Refleksije o pro\u0161losti, vizije budu\u0107nosti (II deo). Izve\u0161taj o istra\u017eivanju<\/a><\/td>\r\n<td width=\"85\">Dejan Stankovi\u0107, Jelena Teodorovi\u0107, Vladeta Milin,\r\nIvana \u0110eri\u0107,\r\nBojana Bodro\u017ea, Nikoleta Gutvajn<\/td>\r\n<td width=\"53\">2012<\/td>\r\n<\/tr>\r\n<tr>\r\n<td width=\"234\"><a href=\"http:\/\/www.ipisr.org.rs\/Upload\/Dokumenta\/Strane\/Policy%20brief-final%20(1).pdf\">Od ideje do rezultate: obrazovne promene u o\u010dima prosvetnih radnika<\/a><\/td>\r\n<td width=\"85\">Dejan Stankovi\u0107, Jelena Teodorovi\u0107, Vladeta Milin,\r\nIvana \u0110eri\u0107 Bojana, Bodro\u017ea Nikoleta, Gutvajn<\/td>\r\n<td width=\"53\">2012<\/td>\r\n<\/tr>\r\n<tr>\r\n<td width=\"234\"><a href=\"http:\/\/www.ipisr.org.rs\/Upload\/Dokumenta\/Strane\/Monografija%20POPS%201.pdf\">Predstave o obrazovnim promenama - Refleksije o pro\u0161losti, vizije budu\u0107nosti (I deo).<\/a><\/td>\r\n<td width=\"85\">Milja vuja\u010di\u0107,\r\nJelena Pavlovi\u0107, Dejan Stankovi\u0107, Vladimir D\u017einovi\u0107, Ivana \u0110eri\u0107<\/td>\r\n<td width=\"53\">2011<\/td>\r\n<\/tr>\r\n<\/tbody>\r\n<\/table>\t\t\t\t\t\t <\/div>\r\n\t\t\t\t\t\t\t\t\t\t\t\t <div role=\"tabpanel\" class=\"tab-pane \" id=\"tabs_desc_1320_2\">\r\n\t\t\t\t\t\t\t\t<table>\r\n<tbody>\r\n<tr>\r\n<td width=\"234\">\r\n<p style=\"text-align: center;\"><strong>Naziv<\/strong><\/p>\r\n<\/td>\r\n<td style=\"text-align: center;\" width=\"85\"><strong>Autor<\/strong><\/td>\r\n<td width=\"53\">\r\n<p style=\"text-align: center;\"><strong>Godina<\/strong><\/p>\r\n<\/td>\r\n<\/tr>\r\n<tr>\r\n<td width=\"234\"><a href=\"http:\/\/www.cep.edu.rs\/public\/Rado_Decentralizing_Education_final_WEB.pdf\">Governing Decentralized Education Systems - Systemic Change in South Eastern Europe<\/a><\/td>\r\n<td width=\"85\">Peter Rado<\/td>\r\n<td width=\"53\">2010<\/td>\r\n<\/tr>\r\n<tr>\r\n<td width=\"234\"><a href=\"https:\/\/www.gpo.gov\/fdsys\/pkg\/ERIC-ED467082\/pdf\/ERIC-ED467082.pdf\">School, Family, and Community Partnerships<\/a><\/td>\r\n<td width=\"85\">Grupa autora<\/td>\r\n<td width=\"53\">2002<\/td>\r\n<\/tr>\r\n<tr>\r\n<td width=\"234\"><a href=\"https:\/\/www.google.rs\/url?sa=t&rct=j&q=&esrc=s&source=web&cd=1&ved=0ahUKEwjs3q79ksPXAhXSoaQKHetHA9MQFggnMAA&url=https%3A%2F%2Fcursos.campusvirtualsp.org%2Fmod%2Fresource%2Fview.php%3Fid%3D16044&usg=AOvVaw2oUGzEWOdTNLH784SNQ4dn\">Practical Guide for Policy Analysis: The Eightfold Path to More Effective Problem Solving<\/a><\/td>\r\n<td width=\"85\">Eugene Bardach<\/td>\r\n<td width=\"53\">2000<\/td>\r\n<\/tr>\r\n<tr>\r\n<td width=\"234\"><a href=\"http:\/\/www1.worldbank.org\/publicsector\/decentralization\/Feb2004Course\/Background%20materials\/Fiske.pdf\">Decentralization of Education Politics and Consensus<\/a><\/td>\r\n<td width=\"85\">Edward B. Fiske<\/td>\r\n<td width=\"53\">1996<\/td>\r\n<\/tr>\r\n<tr>\r\n<td width=\"234\"><a href=\"http:\/\/www.unesco.org\/education\/pdf\/11_200.pdf\">Education policy-planning process: an applied framework<\/a><\/td>\r\n<td width=\"85\">Wadi D. Haddad<\/td>\r\n<td width=\"53\">1995<\/td>\r\n<\/tr>\r\n<tr>\r\n<td width=\"234\"><a href=\"https:\/\/www.rand.org\/content\/dam\/rand\/pubs\/monograph_reports\/2006\/MR157.pdf\">School Decentralization - Lessons from the Study of Bureaucracy<\/a><\/td>\r\n<td width=\"85\">Bruce Bimber<\/td>\r\n<td width=\"53\">1993<\/td>\r\n<\/tr>\r\n<\/tbody>\r\n<\/table>\t\t\t\t\t\t <\/div>\r\n\t\t\t\t\t\t\t\r\n\t\t\t\t\t <\/div>\r\n\t\t\t\t\t \r\n\t\t\t\t <\/div>\r\n <script>\r\n\t\tjQuery(function () {\r\n\t\t\tjQuery('#myTab_1320 a:first').tab('show')\r\n\t\t});\r\n\t\t\r\n\t\t\t\tjQuery(function(){\r\n\t\t\tvar b=\"fadeIn\";\r\n\t\t\tvar c;\r\n\t\t\tvar a;\r\n\t\t\td(jQuery(\"#myTab_1320 a\"),jQuery(\"#tab-content_1320\"));function d(e,f,g){\r\n\t\t\t\te.click(function(i){\r\n\t\t\t\t\ti.preventDefault();\r\n\t\t\t\t\tjQuery(this).tab(\"show\");\r\n\t\t\t\t\tvar h=jQuery(this).data(\"easein\");\r\n\t\t\t\t\tif(c){c.removeClass(a);}\r\n\t\t\t\t\tif(h){f.find(\"div.active\").addClass(\"animated \"+h);a=h;}\r\n\t\t\t\t\telse{if(g){f.find(\"div.active\").addClass(\"animated \"+g);a=g;}else{f.find(\"div.active\").addClass(\"animated \"+b);a=b;}}c=f.find(\"div.active\");\r\n\t\t\t\t});\r\n\t\t\t}\r\n\t\t});\r\n\t\t\r\n\r\n\t\tfunction do_resize(){\r\n\r\n\t\t\tvar width=jQuery( '.tab-content .tab-pane iframe' ).width();\r\n\t\t\tvar height=jQuery( '.tab-content .tab-pane iframe' ).height();\r\n\r\n\t\t\tvar toggleSize = true;\r\n\t\t\tjQuery('iframe').animate({\r\n\t\t\t    width: toggleSize ? width : 640,\r\n\t\t\t    height: toggleSize ? height : 360\r\n\t\t\t  }, 250);\r\n\r\n\t\t\t  toggleSize = !toggleSize;\r\n\t\t}\r\n\r\n\r\n\t<\/script>\r\n\t\t\t\t\r\n\t\t\t\n","protected":false},"excerpt":{"rendered":"<p>Opis standarda: Direktor ostvaruje konstruktivnu saradnju sa organima dr\u017eavne uprave i lokalne samouprave. &nbsp;<\/p>\n","protected":false},"author":1,"featured_media":0,"parent":0,"menu_order":0,"comment_status":"closed","ping_status":"closed","template":"","meta":{"_bbp_topic_count":0,"_bbp_reply_count":0,"_bbp_total_topic_count":0,"_bbp_total_reply_count":0,"_bbp_voice_count":0,"_bbp_anonymous_reply_count":0,"_bbp_topic_count_hidden":0,"_bbp_reply_count_hidden":0,"_bbp_forum_subforum_count":0,"footnotes":""},"class_list":["post-1193","page","type-page","status-publish","hentry"],"_links":{"self":[{"href":"http:\/\/edlead.pefja.kg.ac.rs\/resurs\/wp-json\/wp\/v2\/pages\/1193","targetHints":{"allow":["GET"]}}],"collection":[{"href":"http:\/\/edlead.pefja.kg.ac.rs\/resurs\/wp-json\/wp\/v2\/pages"}],"about":[{"href":"http:\/\/edlead.pefja.kg.ac.rs\/resurs\/wp-json\/wp\/v2\/types\/page"}],"author":[{"embeddable":true,"href":"http:\/\/edlead.pefja.kg.ac.rs\/resurs\/wp-json\/wp\/v2\/users\/1"}],"replies":[{"embeddable":true,"href":"http:\/\/edlead.pefja.kg.ac.rs\/resurs\/wp-json\/wp\/v2\/comments?post=1193"}],"version-history":[{"count":4,"href":"http:\/\/edlead.pefja.kg.ac.rs\/resurs\/wp-json\/wp\/v2\/pages\/1193\/revisions"}],"predecessor-version":[{"id":1322,"href":"http:\/\/edlead.pefja.kg.ac.rs\/resurs\/wp-json\/wp\/v2\/pages\/1193\/revisions\/1322"}],"wp:attachment":[{"href":"http:\/\/edlead.pefja.kg.ac.rs\/resurs\/wp-json\/wp\/v2\/media?parent=1193"}],"curies":[{"name":"wp","href":"https:\/\/api.w.org\/{rel}","templated":true}]}}