{"id":1210,"date":"2017-11-15T10:07:05","date_gmt":"2017-11-15T09:07:05","guid":{"rendered":"https:\/\/resurs.edlead.edu.rs\/?page_id=1210"},"modified":"2017-11-15T22:27:04","modified_gmt":"2017-11-15T21:27:04","slug":"upravljanje-administrativnim-procesima","status":"publish","type":"page","link":"http:\/\/edlead.pefja.kg.ac.rs\/resurs\/upravljanje-administrativnim-procesima\/","title":{"rendered":"Upravljanje administrativnim procesima"},"content":{"rendered":"<p>Opis standarda: Direktor efikasno upravlja administrativnim poslovima i dokumentacijom.<\/p>\n<p>&nbsp;<\/p>\n\t\t\t\t\t\t<style>\r\n\t\t\t\t\r\n\t\t\t\t\t#tab_container_1335 {\r\n\toverflow:hidden;\r\n\tdisplay:block;\r\n\twidth:100%;\r\n\tborder:0px solid #ddd;\r\n\tmargin-bottom:30px;\r\n\t}\r\n\r\n#tab_container_1335 .tab-content{\r\n\tpadding:20px;\r\n\tborder: 1px solid #e6e6e6 !important;\r\n\tmargin-top: 0px;\r\n\tbackground-color:#ffffff !important;\r\n\tcolor: #000000 !important;\r\n\tfont-size:16px !important;\r\n\tfont-family: Open Sans !important;\r\n\t\r\n\t\t\tborder: 0px solid #e6e6e6 !important;\r\n\t\t\r\n\t}\r\n#tab_container_1335 .wpsm_nav-tabs {\r\n    border-bottom: 0px solid #ddd;\r\n}\r\n#tab_container_1335 .wpsm_nav-tabs > li.active > a, #tab_container_1335 .wpsm_nav-tabs > li.active > a:hover, #tab_container_1335 .wpsm_nav-tabs > li.active > a:focus {\r\n\tcolor: #000000 !important;\r\n\tcursor: default;\r\n\tbackground-color: #ffffff !important;\r\n\tborder: 1px solid #e6e6e6 !important;\r\n}\r\n\r\n#tab_container_1335 .wpsm_nav-tabs > li > a {\r\n    margin-right: 0px !important; \r\n    line-height: 1.42857143 !important;\r\n    border: 1px solid #d5d5d5 !important;\r\n    border-radius: 0px 0px 0 0 !important; \r\n\tbackground-color: #e8e8e8 !important;\r\n\tcolor: #000000 !important;\r\n\tpadding: 15px 18px 15px 18px !important;\r\n\ttext-decoration: none !important;\r\n\tfont-size: 14px !important;\r\n\ttext-align:center !important;\r\n\tfont-family: Open Sans !important;\r\n}\r\n#tab_container_1335 .wpsm_nav-tabs > li > a:focus {\r\noutline: 0px !important;\r\n}\r\n\r\n#tab_container_1335 .wpsm_nav-tabs > li > a:before {\r\n\tdisplay:none !important;\r\n}\r\n#tab_container_1335 .wpsm_nav-tabs > li > a:after {\r\n\tdisplay:none !important ;\r\n}\r\n#tab_container_1335 .wpsm_nav-tabs > li{\r\npadding:0px !important ;\r\nmargin:0px;\r\n}\r\n\r\n#tab_container_1335 .wpsm_nav-tabs > li > a:hover , #tab_container_1335 .wpsm_nav-tabs > li > a:focus {\r\n    color: #000000 !important;\r\n    background-color: #e8e8e8 !important;\r\n\tborder: 1px solid #d5d5d5 !important;\r\n\t\r\n}\r\n#tab_container_1335 .wpsm_nav-tabs > li > a .fa{\r\n\r\nmargin-right:5px !important;\r\n\r\nmargin-left:5px !important;\r\n\r\n\r\n}\r\n\r\n\t\t#tab_container_1335 .wpsm_nav-tabs a{\r\n\t\t\tbackground-image: none;\r\n\t\t\tbackground-position: 0 0;\r\n\t\t\tbackground-repeat: repeat-x;\r\n\t\t}\r\n\t\t\t\r\n\r\n\r\n#tab_container_1335 .wpsm_nav-tabs > li {\r\n    float: left;\r\n    margin-bottom: -1px !important;\r\n\tmargin-right:0px !important; \r\n}\r\n\r\n\r\n#tab_container_1335 .tab-content{\r\noverflow:hidden !important;\r\n}\r\n\r\n\r\n@media (min-width: 769px) {\r\n\r\n\t#tab_container_1335 .wpsm_nav-tabs > li{\r\n\t\tfloat:left !important ;\r\n\t\t\t\tmargin-right:-1px !important;\r\n\t\t\t\t\t}\r\n\t#tab_container_1335 .wpsm_nav-tabs{\r\n\t\tfloat:none !important;\r\n\t\tmargin:0px !important;\r\n\t}\r\n\r\n\t#tab_container_1335 .wpsm_nav-tabs > li {\r\n\t\t\t\t\r\n\t}\r\n\t#tab_container_1335 .wpsm_nav{\r\n\t\t\t}\r\n\r\n}\r\n\r\n\r\n\r\n@media (max-width: 768px) {\r\n\t#tab_container_1335 .wpsm_nav-tabs > li {\r\n\t\t\t\t\r\n\t}\r\n\t#tab_container_1335 .wpsm_nav{\r\n\t\t\t}\r\n}\r\n\r\n\r\n\t.wpsm_nav-tabs li:before{\r\n\t\tdisplay:none !important;\r\n\t}\r\n\r\n\t@media (max-width: 768px) {\r\n\t\t\t\t\r\n\t\t\t\t.wpsm_nav-tabs{\r\n\t\t\tmargin-left:0px !important;\r\n\t\t\tmargin-right:0px !important; \r\n\t\t\t\r\n\t\t}\r\n\t\t\t\t#tab_container_1335 .wpsm_nav-tabs > li{\r\n\t\t\tfloat:none !important;\r\n\t\t}\r\n\t\t\t\r\n\t}\t\t\t\t<\/style>\r\n\t\t\t\t<div id=\"tab_container_1335\" >\r\n\t \r\n\t\t\t\t\t<ul class=\"wpsm_nav wpsm_nav-tabs\" role=\"tablist\" id=\"myTab_1335\">\r\n\t\t\t\t\t\t\t\r\n\t\t\t\t\t\t\t<li role=\"presentation\"  class=\"active\"  onclick=\"do_resize()\">\r\n\t\t\t\t\t\t\t\t<a href=\"#tabs_desc_1335_1\" aria-controls=\"tabs_desc_1335_1\" role=\"tab\" data-toggle=\"tab\">\r\n\t\t\t\t\t\t\t\t\t\r\n\t\t\t\t\t\t\t\t\t\t\t\t\t\t\t\t\t\t\t\t\t\t\t\t\t\t\t\t\r\n\t\t\t\t\t\t\t\t\t\t\t\t\t\t\t\t\t\t\r\n\t\t\t\t\t\t\t\t\t<span>Srpski jezik<\/span>\r\n\t\t\t\t\t\t\t\t\t\r\n\t\t\t\t\t\t\t\t\t\t\t\t\t\t\t\t\t\t\r\n\t\t\t\t\t\t\t\t\t\t\t\t\t\t\t\t\t\t\t\t\r\n\t\t\t\t\t\t\t\t\t\r\n\t\t\t\t\t\t\t\t<\/a>\r\n\t\t\t\t\t\t\t<\/li>\r\n\t\t\t\t\t\t\t\t\t\t\t <\/ul>\r\n\r\n\t\t\t\t\t  <!-- Tab panes -->\r\n\t\t\t\t\t  <div class=\"tab-content\" id=\"tab-content_1335\">\r\n\t\t\t\t\t\t\t\t\t\t\t\t <div role=\"tabpanel\" class=\"tab-pane  in active \" id=\"tabs_desc_1335_1\">\r\n\t\t\t\t\t\t\t\t<table width=\"58%\">\r\n<tbody>\r\n<tr>\r\n<td width=\"58%\">\r\n<p style=\"text-align: center;\"><strong>Naziv<\/strong><\/p>\r\n<\/td>\r\n<td style=\"text-align: center;\" width=\"26%\"><strong>Autor<\/strong><\/td>\r\n<td width=\"14%\">\r\n<p style=\"text-align: center;\"><strong>Godina<\/strong><\/p>\r\n<\/td>\r\n<\/tr>\r\n<tr>\r\n<td width=\"58%\"><a href=\"https:\/\/www.microsoft.com\/serbia\/obrazovanje\/pil\/obrasci\/za_osnovne_skole.mspx\">Elektronski oblik najvi\u0161e kori\u0161\u0107enih obrazaca za \u0161kolsku evidenciju u osnovnim i srednjim \u0161kolama<\/a><\/td>\r\n<td width=\"26%\">Microsoft<\/td>\r\n<td width=\"14%\">Nedatirano<\/td>\r\n<\/tr>\r\n<tr>\r\n<td width=\"58%\"><a href=\"http:\/\/www.mpn.gov.rs\/wp-content\/uploads\/2015\/08\/%D0%9F%D1%80%D0%B0%D0%B2%D0%B8%D0%BB%D0%BD%D0%B8%D0%BA-%D0%BE-%D1%81%D0%B0%D0%B4%D1%80%D0%B6%D0%B0%D1%98%D1%83-%D0%B8-%D0%BD%D0%B0%D1%87%D0%B8%D0%BD%D1%83-%D0%B2%D0%BE%D1%92%D0%B5%D1%9A%D0%B0-%D0%B5%D0%B2%D0%B8%D0%B4%D0%B5%D0%BD%D1%86%D0%B8%D1%98%D0%B5-%D0%B8-%D0%B8%D0%B7%D0%B4%D0%B0%D0%B2%D0%B0%D1%9A%D1%83-%D1%98%D0%B0%D0%B2%D0%BD%D0%B8%D1%85-%D0%B8%D1%81%D0%BF%D1%80%D0%B0%D0%B2%D0%B0-%D1%83-%D0%BE%D1%81%D0%BD%D0%BE%D0%B2%D0%BD%D0%BE%D1%98-%D1%88%D0%BA%D0%BE%D0%BB%D0%B8.pdf\">Pravilnik o sadr\u017eaju obrazaca i na\u010dinu vo\u0111enja evidencije i izdavanju javnih isprava u osnovnoj \u0161koli<\/a><\/td>\r\n<td width=\"26%\">Ministarstvo prosvete, nauke i tehnolo\u0161kog razvoja<\/td>\r\n<td width=\"14%\">2013<\/td>\r\n<\/tr>\r\n<tr>\r\n<td width=\"58%\"><a href=\"https:\/\/www.google.rs\/url?sa=t&amp;rct=j&amp;q=&amp;esrc=s&amp;source=web&amp;cd=7&amp;cad=rja&amp;uact=8&amp;ved=0ahUKEwj03dvZtr3XAhUSCuwKHbCRCDYQFghUMAY&amp;url=http%3A%2F%2Fwww.uvv.rs%2Fdokumenti%2FPravilnik%2520o%2520sadrzaju%2520obrasca%2520u%2520nacinu%2520vodjenja%2520evidencije%2520i%2520izdavanju%2520javnih%2520isprava%2520u%2520predskolskoj%2520ustanovi.doc&amp;usg=AOvVaw0fZrwb2wHnwMYgKIBO86nt\">Pravilnik o sadr\u017eaju obrazaca i na\u010dinu vo\u0111enja evidencije i izdavanju javnih isprava u pred\u0161kolskoj ustanovi<\/a><\/td>\r\n<td width=\"26%\">Ministarstvo prosvete, nauke i tehnolo\u0161kog razvoja<\/td>\r\n<td width=\"14%\">2010<\/td>\r\n<\/tr>\r\n<tr>\r\n<td width=\"58%\"><a href=\"http:\/\/www.mpn.gov.rs\/wp-content\/uploads\/2015\/08\/Pravilnik-o-evidenciji-u-srednjoj-%C5%A1koli.pdf\">Pravilnik o evidencij u srednjoj \u0161koli<\/a><\/td>\r\n<td width=\"26%\">Ministarstvo prosvete, nauke i tehnolo\u0161kog razvoja<\/td>\r\n<td width=\"14%\">2005<\/td>\r\n<\/tr>\r\n<tr>\r\n<td width=\"58%\"><a href=\"http:\/\/www.ftn.kg.ac.rs\/download\/SIR\/SIR%20Marijana%20Veljkovic.pdf\">Pedago\u0161ka i \u0161kolska dokumentacija i evidencija<\/a><\/td>\r\n<td width=\"26%\">Marijana Veljkovi\u0107<\/td>\r\n<td width=\"14%\">Nedatirano<\/td>\r\n<\/tr>\r\n<\/tbody>\r\n<\/table>\t\t\t\t\t\t <\/div>\r\n\t\t\t\t\t\t\t\r\n\t\t\t\t\t <\/div>\r\n\t\t\t\t\t \r\n\t\t\t\t <\/div>\r\n <script>\r\n\t\tjQuery(function () {\r\n\t\t\tjQuery('#myTab_1335 a:first').tab('show')\r\n\t\t});\r\n\t\t\r\n\t\t\t\tjQuery(function(){\r\n\t\t\tvar b=\"fadeIn\";\r\n\t\t\tvar c;\r\n\t\t\tvar a;\r\n\t\t\td(jQuery(\"#myTab_1335 a\"),jQuery(\"#tab-content_1335\"));function d(e,f,g){\r\n\t\t\t\te.click(function(i){\r\n\t\t\t\t\ti.preventDefault();\r\n\t\t\t\t\tjQuery(this).tab(\"show\");\r\n\t\t\t\t\tvar h=jQuery(this).data(\"easein\");\r\n\t\t\t\t\tif(c){c.removeClass(a);}\r\n\t\t\t\t\tif(h){f.find(\"div.active\").addClass(\"animated \"+h);a=h;}\r\n\t\t\t\t\telse{if(g){f.find(\"div.active\").addClass(\"animated \"+g);a=g;}else{f.find(\"div.active\").addClass(\"animated \"+b);a=b;}}c=f.find(\"div.active\");\r\n\t\t\t\t});\r\n\t\t\t}\r\n\t\t});\r\n\t\t\r\n\r\n\t\tfunction do_resize(){\r\n\r\n\t\t\tvar width=jQuery( '.tab-content .tab-pane iframe' ).width();\r\n\t\t\tvar height=jQuery( '.tab-content .tab-pane iframe' ).height();\r\n\r\n\t\t\tvar toggleSize = true;\r\n\t\t\tjQuery('iframe').animate({\r\n\t\t\t    width: toggleSize ? width : 640,\r\n\t\t\t    height: toggleSize ? height : 360\r\n\t\t\t  }, 250);\r\n\r\n\t\t\t  toggleSize = !toggleSize;\r\n\t\t}\r\n\r\n\r\n\t<\/script>\r\n\t\t\t\t\r\n\t\t\t\n","protected":false},"excerpt":{"rendered":"<p>Opis standarda: Direktor efikasno upravlja administrativnim poslovima i dokumentacijom. &nbsp;<\/p>\n","protected":false},"author":1,"featured_media":0,"parent":0,"menu_order":0,"comment_status":"closed","ping_status":"closed","template":"","meta":{"_bbp_topic_count":0,"_bbp_reply_count":0,"_bbp_total_topic_count":0,"_bbp_total_reply_count":0,"_bbp_voice_count":0,"_bbp_anonymous_reply_count":0,"_bbp_topic_count_hidden":0,"_bbp_reply_count_hidden":0,"_bbp_forum_subforum_count":0,"footnotes":""},"class_list":["post-1210","page","type-page","status-publish","hentry"],"_links":{"self":[{"href":"http:\/\/edlead.pefja.kg.ac.rs\/resurs\/wp-json\/wp\/v2\/pages\/1210","targetHints":{"allow":["GET"]}}],"collection":[{"href":"http:\/\/edlead.pefja.kg.ac.rs\/resurs\/wp-json\/wp\/v2\/pages"}],"about":[{"href":"http:\/\/edlead.pefja.kg.ac.rs\/resurs\/wp-json\/wp\/v2\/types\/page"}],"author":[{"embeddable":true,"href":"http:\/\/edlead.pefja.kg.ac.rs\/resurs\/wp-json\/wp\/v2\/users\/1"}],"replies":[{"embeddable":true,"href":"http:\/\/edlead.pefja.kg.ac.rs\/resurs\/wp-json\/wp\/v2\/comments?post=1210"}],"version-history":[{"count":4,"href":"http:\/\/edlead.pefja.kg.ac.rs\/resurs\/wp-json\/wp\/v2\/pages\/1210\/revisions"}],"predecessor-version":[{"id":1336,"href":"http:\/\/edlead.pefja.kg.ac.rs\/resurs\/wp-json\/wp\/v2\/pages\/1210\/revisions\/1336"}],"wp:attachment":[{"href":"http:\/\/edlead.pefja.kg.ac.rs\/resurs\/wp-json\/wp\/v2\/media?parent=1210"}],"curies":[{"name":"wp","href":"https:\/\/api.w.org\/{rel}","templated":true}]}}