{"id":1218,"date":"2017-11-15T10:25:09","date_gmt":"2017-11-15T09:25:09","guid":{"rendered":"https:\/\/resurs.edlead.edu.rs\/?page_id=1218"},"modified":"2017-11-15T22:33:25","modified_gmt":"2017-11-15T21:33:25","slug":"poznavanje-razumevanje-i-pracenje-relevantnih-propisa","status":"publish","type":"page","link":"http:\/\/edlead.pefja.kg.ac.rs\/resurs\/obezbedivanje-zakonitosti-rada-ustanove\/poznavanje-razumevanje-i-pracenje-relevantnih-propisa\/","title":{"rendered":"Poznavanje, razumevanje i pra\u0107enje relevantnih propisa"},"content":{"rendered":"<p>Opis standarda: Direktor poznaje, razume i prati relevantne propise.<\/p>\n<p>&nbsp;<\/p>\n\t\t\t\t\t\t<style>\r\n\t\t\t\t\r\n\t\t\t\t\t#tab_container_1337 {\r\n\toverflow:hidden;\r\n\tdisplay:block;\r\n\twidth:100%;\r\n\tborder:0px solid #ddd;\r\n\tmargin-bottom:30px;\r\n\t}\r\n\r\n#tab_container_1337 .tab-content{\r\n\tpadding:20px;\r\n\tborder: 1px solid #e6e6e6 !important;\r\n\tmargin-top: 0px;\r\n\tbackground-color:#ffffff !important;\r\n\tcolor: #000000 !important;\r\n\tfont-size:16px !important;\r\n\tfont-family: Open Sans !important;\r\n\t\r\n\t\t\tborder: 0px solid #e6e6e6 !important;\r\n\t\t\r\n\t}\r\n#tab_container_1337 .wpsm_nav-tabs {\r\n    border-bottom: 0px solid #ddd;\r\n}\r\n#tab_container_1337 .wpsm_nav-tabs > li.active > a, #tab_container_1337 .wpsm_nav-tabs > li.active > a:hover, #tab_container_1337 .wpsm_nav-tabs > li.active > a:focus {\r\n\tcolor: #000000 !important;\r\n\tcursor: default;\r\n\tbackground-color: #ffffff !important;\r\n\tborder: 1px solid #e6e6e6 !important;\r\n}\r\n\r\n#tab_container_1337 .wpsm_nav-tabs > li > a {\r\n    margin-right: 0px !important; \r\n    line-height: 1.42857143 !important;\r\n    border: 1px solid #d5d5d5 !important;\r\n    border-radius: 0px 0px 0 0 !important; \r\n\tbackground-color: #e8e8e8 !important;\r\n\tcolor: #000000 !important;\r\n\tpadding: 15px 18px 15px 18px !important;\r\n\ttext-decoration: none !important;\r\n\tfont-size: 14px !important;\r\n\ttext-align:center !important;\r\n\tfont-family: Open Sans !important;\r\n}\r\n#tab_container_1337 .wpsm_nav-tabs > li > a:focus {\r\noutline: 0px !important;\r\n}\r\n\r\n#tab_container_1337 .wpsm_nav-tabs > li > a:before {\r\n\tdisplay:none !important;\r\n}\r\n#tab_container_1337 .wpsm_nav-tabs > li > a:after {\r\n\tdisplay:none !important ;\r\n}\r\n#tab_container_1337 .wpsm_nav-tabs > li{\r\npadding:0px !important ;\r\nmargin:0px;\r\n}\r\n\r\n#tab_container_1337 .wpsm_nav-tabs > li > a:hover , #tab_container_1337 .wpsm_nav-tabs > li > a:focus {\r\n    color: #000000 !important;\r\n    background-color: #e8e8e8 !important;\r\n\tborder: 1px solid #d5d5d5 !important;\r\n\t\r\n}\r\n#tab_container_1337 .wpsm_nav-tabs > li > a .fa{\r\n\r\nmargin-right:5px !important;\r\n\r\nmargin-left:5px !important;\r\n\r\n\r\n}\r\n\r\n\t\t#tab_container_1337 .wpsm_nav-tabs a{\r\n\t\t\tbackground-image: none;\r\n\t\t\tbackground-position: 0 0;\r\n\t\t\tbackground-repeat: repeat-x;\r\n\t\t}\r\n\t\t\t\r\n\r\n\r\n#tab_container_1337 .wpsm_nav-tabs > li {\r\n    float: left;\r\n    margin-bottom: -1px !important;\r\n\tmargin-right:0px !important; \r\n}\r\n\r\n\r\n#tab_container_1337 .tab-content{\r\noverflow:hidden !important;\r\n}\r\n\r\n\r\n@media (min-width: 769px) {\r\n\r\n\t#tab_container_1337 .wpsm_nav-tabs > li{\r\n\t\tfloat:left !important ;\r\n\t\t\t\tmargin-right:-1px !important;\r\n\t\t\t\t\t}\r\n\t#tab_container_1337 .wpsm_nav-tabs{\r\n\t\tfloat:none !important;\r\n\t\tmargin:0px !important;\r\n\t}\r\n\r\n\t#tab_container_1337 .wpsm_nav-tabs > li {\r\n\t\t\t\t\r\n\t}\r\n\t#tab_container_1337 .wpsm_nav{\r\n\t\t\t}\r\n\r\n}\r\n\r\n\r\n\r\n@media (max-width: 768px) {\r\n\t#tab_container_1337 .wpsm_nav-tabs > li {\r\n\t\t\t\t\r\n\t}\r\n\t#tab_container_1337 .wpsm_nav{\r\n\t\t\t}\r\n}\r\n\r\n\r\n\t.wpsm_nav-tabs li:before{\r\n\t\tdisplay:none !important;\r\n\t}\r\n\r\n\t@media (max-width: 768px) {\r\n\t\t\t\t\r\n\t\t\t\t.wpsm_nav-tabs{\r\n\t\t\tmargin-left:0px !important;\r\n\t\t\tmargin-right:0px !important; \r\n\t\t\t\r\n\t\t}\r\n\t\t\t\t#tab_container_1337 .wpsm_nav-tabs > li{\r\n\t\t\tfloat:none !important;\r\n\t\t}\r\n\t\t\t\r\n\t}\t\t\t\t<\/style>\r\n\t\t\t\t<div id=\"tab_container_1337\" >\r\n\t \r\n\t\t\t\t\t<ul class=\"wpsm_nav wpsm_nav-tabs\" role=\"tablist\" id=\"myTab_1337\">\r\n\t\t\t\t\t\t\t\r\n\t\t\t\t\t\t\t<li role=\"presentation\"  class=\"active\"  onclick=\"do_resize()\">\r\n\t\t\t\t\t\t\t\t<a href=\"#tabs_desc_1337_1\" aria-controls=\"tabs_desc_1337_1\" role=\"tab\" data-toggle=\"tab\">\r\n\t\t\t\t\t\t\t\t\t\r\n\t\t\t\t\t\t\t\t\t\t\t\t\t\t\t\t\t\t\t\t\t\t\t\t\t\t\t\t\r\n\t\t\t\t\t\t\t\t\t\t\t\t\t\t\t\t\t\t\r\n\t\t\t\t\t\t\t\t\t<span>Srpski jezik<\/span>\r\n\t\t\t\t\t\t\t\t\t\r\n\t\t\t\t\t\t\t\t\t\t\t\t\t\t\t\t\t\t\r\n\t\t\t\t\t\t\t\t\t\t\t\t\t\t\t\t\t\t\t\t\r\n\t\t\t\t\t\t\t\t\t\r\n\t\t\t\t\t\t\t\t<\/a>\r\n\t\t\t\t\t\t\t<\/li>\r\n\t\t\t\t\t\t\t\t\t\t\t <\/ul>\r\n\r\n\t\t\t\t\t  <!-- Tab panes -->\r\n\t\t\t\t\t  <div class=\"tab-content\" id=\"tab-content_1337\">\r\n\t\t\t\t\t\t\t\t\t\t\t\t <div role=\"tabpanel\" class=\"tab-pane  in active \" id=\"tabs_desc_1337_1\">\r\n\t\t\t\t\t\t\t\t<table width=\"100%\">\r\n<tbody>\r\n<tr>\r\n<td width=\"62%\">\r\n<p style=\"text-align: center;\"><strong>Naziv<\/strong><\/p>\r\n<\/td>\r\n<td style=\"text-align: center;\" width=\"18%\"><strong>Autor<\/strong><\/td>\r\n<td width=\"19%\">\r\n<p style=\"text-align: center;\"><strong>Godina<\/strong><\/p>\r\n<\/td>\r\n<\/tr>\r\n<tr>\r\n<td width=\"62%\"><a href=\"http:\/\/socijalnoukljucivanje.gov.rs\/wp-content\/uploads\/2017\/06\/akcioni_plan_za_primenu_strategije_za_socijalno_ukljufivanje_roma_i_romkinja_u_rs_2016-2025_za_period_od_2017._do_2018._godine.pdf\">Akcioni plan\u00a0<\/a><a href=\"http:\/\/socijalnoukljucivanje.gov.rs\/wp-content\/uploads\/2017\/06\/akcioni_plan_za_primenu_strategije_za_socijalno_ukljufivanje_roma_i_romkinja_u_rs_2016-2025_za_period_od_2017._do_2018._godine.pdf\">za primenu strategije za socijalno uklju\u010divanje Roma i\u00a0<\/a><a href=\"http:\/\/socijalnoukljucivanje.gov.rs\/wp-content\/uploads\/2017\/06\/akcioni_plan_za_primenu_strategije_za_socijalno_ukljufivanje_roma_i_romkinja_u_rs_2016-2025_za_period_od_2017._do_2018._godine.pdf\">Romkinja u Republici Srbiji za period od 2016. do 2025. godine<\/a>\r\n\r\n<a href=\"http:\/\/socijalnoukljucivanje.gov.rs\/wp-content\/uploads\/2017\/06\/akcioni_plan_za_primenu_strategije_za_socijalno_ukljufivanje_roma_i_romkinja_u_rs_2016-2025_za_period_od_2017._do_2018._godine.pdf\">\u2013 Za period od 2017. do 2018. godine \u2013<\/a><\/td>\r\n<td width=\"18%\">Vlada Republike Srbije<\/td>\r\n<td width=\"19%\">2017<\/td>\r\n<\/tr>\r\n<tr>\r\n<td width=\"62%\"><a href=\"https:\/\/ceo.edu.rs\/%D1%81%D1%82%D0%B0%D0%BD%D0%B4%D0%B0%D1%80%D0%B4%D0%B8-%D1%83-%D0%BE%D0%B1%D1%80%D0%B0%D0%B7%D0%BE%D0%B2%D0%B0%D1%9A%D1%83\/\">Op\u0161ti standardi postignu\u0107a u delu op\u0161teobrazovnih predmeta za kraj srednjeg obrazovanja - Priru\u010dnici za nastavnike<\/a><\/td>\r\n<td width=\"18%\">Zavod za vrednovanje kvaliteta obrazovanja i vaspitanja<\/td>\r\n<td width=\"19%\">2015<\/td>\r\n<\/tr>\r\n<tr>\r\n<td width=\"62%\"><a href=\"http:\/\/www.unicef.rs\/wp-content\/uploads\/2017\/01\/SRP_Webinar_Booklet_3.pdf\">Vebinar: Zakonodavstvo i politike u oblasti inkluzivnog obrazovanja<\/a><\/td>\r\n<td width=\"18%\">UNICEF<\/td>\r\n<td width=\"19%\">2014<\/td>\r\n<\/tr>\r\n<tr>\r\n<td width=\"62%\"><a href=\"http:\/\/www.unicef.rs\/wp-content\/uploads\/2016\/09\/Prilog-1-Pruzanje-dodatne-podrske-ucenicima-iz-osetljivih-grupa-u-preduniverzitetskom-obrazovanju.pdf\">Analiza uticaja politika: Pru\u017eanje dodatne podr\u0161ke u\u010denicima iz osetljivih grupa u preduniverzitetskom obrazovanju<\/a>\r\n\r\n<a href=\"http:\/\/www.unicef.rs\/wp-content\/uploads\/2016\/09\/Prilog-1-Pruzanje-dodatne-podrske-ucenicima-iz-osetljivih-grupa-u-preduniverzitetskom-obrazovanju.pdf\">PRILOG 1: Institucionalni i zakonodavni okvir u oblasti politika usmerenih na siroma\u0161no stanovni\u0161tvo<\/a>\r\n\r\n&nbsp;<\/td>\r\n<td width=\"18%\">Vlada Republike Srbije, \u00a0Tim za socijalno uklju\u010divanje i smanjenje siroma\u0161tva,\r\n\r\nUNICEF<\/td>\r\n<td width=\"19%\">2014<\/td>\r\n<\/tr>\r\n<tr>\r\n<td width=\"62%\"><a href=\"https:\/\/ceo.edu.rs\/%D1%81%D1%82%D0%B0%D0%BD%D0%B4%D0%B0%D1%80%D0%B4%D0%B8-%D1%83-%D0%BE%D0%B1%D1%80%D0%B0%D0%B7%D0%BE%D0%B2%D0%B0%D1%9A%D1%83\/\">Op\u0161ti standardi postignu\u0107a u delu op\u0161teobrazovnih predmeta za kraj srednjeg obrazovanja<\/a><\/td>\r\n<td width=\"18%\">Zavod za vrednovanje kvaliteta obrazovanja i vaspitanja<\/td>\r\n<td width=\"19%\">2013<\/td>\r\n<\/tr>\r\n<tr>\r\n<td width=\"62%\"><a href=\"https:\/\/ceo.edu.rs\/%D1%81%D1%82%D0%B0%D0%BD%D0%B4%D0%B0%D1%80%D0%B4%D0%B8-%D1%83-%D0%BE%D0%B1%D1%80%D0%B0%D0%B7%D0%BE%D0%B2%D0%B0%D1%9A%D1%83\/\">Op\u0161ti standardi postignu\u0107a za osnovno obrazovanje odraslih<\/a><\/td>\r\n<td width=\"18%\">Zavod za vrednovanje kvaliteta obrazovanja i vaspit<\/td>\r\n<td width=\"19%\">2013<\/td>\r\n<\/tr>\r\n<tr>\r\n<td width=\"62%\"><a href=\"https:\/\/ceo.edu.rs\/wp-content\/uploads\/publikacije\/Standardi%20predskolske%20ustanove.pdf\">Standardi kvaliteta rada pred\u0161kolskih ustanova<\/a><\/td>\r\n<td width=\"18%\">Zavod za vrednovanje kvaliteta obrazovanja i vaspitanja<\/td>\r\n<td width=\"19%\">2012<\/td>\r\n<\/tr>\r\n<tr>\r\n<td width=\"62%\"><a href=\"http:\/\/www.unicef.rs\/wp-content\/uploads\/2016\/09\/PDFPrava_detet_u_medjunarodnim_dokumentimaF.pdf\">Prava deteta u me\u0111unarodnim dokumentima<\/a><\/td>\r\n<td width=\"18%\">Urednica:\r\n\r\nNevena Vu\u010dkovi\u0107 \u0160ahovi\u0107<\/td>\r\n<td width=\"19%\">2011<\/td>\r\n<\/tr>\r\n<tr>\r\n<td width=\"62%\"><a href=\"https:\/\/ceo.edu.rs\/%D1%81%D1%82%D0%B0%D0%BD%D0%B4%D0%B0%D1%80%D0%B4%D0%B8-%D1%83-%D0%BE%D0%B1%D1%80%D0%B0%D0%B7%D0%BE%D0%B2%D0%B0%D1%9A%D1%83\/\">Standardi postignu\u0107a \u2013 obrazovni standardi za kraj prvog ciklusa obaveznog obrazovanja i vaspitanja<\/a><\/td>\r\n<td width=\"18%\">Zavod za vrednovanje kvaliteta obrazovanja i vaspitanja<\/td>\r\n<td width=\"19%\">2011<\/td>\r\n<\/tr>\r\n<tr>\r\n<td width=\"62%\"><a href=\"http:\/\/www.nps.gov.rs\/wp-content\/uploads\/2011\/04\/standardi-nastavnika_cir.pdf\">Standardi kompetencija za profesiju nastavnika i njihovog profesionalnog razvoja<\/a><\/td>\r\n<td width=\"18%\">&nbsp;\r\n\r\nNacionalni prosvetni savet<\/td>\r\n<td width=\"19%\">2011<\/td>\r\n<\/tr>\r\n<tr>\r\n<td width=\"62%\"><a href=\"https:\/\/ceo.edu.rs\/wp-content\/uploads\/publikacije\/Okvir%20kvaliteta.pdf\">Standardi kvaliteta rada obrazovno-vaspitnih ustanova<\/a><\/td>\r\n<td width=\"18%\">Zavod za vrednovanje kvaliteta obrazovanja i vaspitanja<\/td>\r\n<td width=\"19%\">2010<\/td>\r\n<\/tr>\r\n<tr>\r\n<td width=\"62%\"><a href=\"https:\/\/ceo.edu.rs\/%D1%81%D1%82%D0%B0%D0%BD%D0%B4%D0%B0%D1%80%D0%B4%D0%B8-%D1%83-%D0%BE%D0%B1%D1%80%D0%B0%D0%B7%D0%BE%D0%B2%D0%B0%D1%9A%D1%83\/\">Obrazovni standardi za kraj obaveznog obrazovanja<\/a><\/td>\r\n<td width=\"18%\">Zavod za vrednovanje kvaliteta obrazovanja i vaspitanja<\/td>\r\n<td width=\"19%\">2010<\/td>\r\n<\/tr>\r\n<\/tbody>\r\n<\/table>\t\t\t\t\t\t <\/div>\r\n\t\t\t\t\t\t\t\r\n\t\t\t\t\t <\/div>\r\n\t\t\t\t\t \r\n\t\t\t\t <\/div>\r\n <script>\r\n\t\tjQuery(function () {\r\n\t\t\tjQuery('#myTab_1337 a:first').tab('show')\r\n\t\t});\r\n\t\t\r\n\t\t\t\tjQuery(function(){\r\n\t\t\tvar b=\"fadeIn\";\r\n\t\t\tvar c;\r\n\t\t\tvar a;\r\n\t\t\td(jQuery(\"#myTab_1337 a\"),jQuery(\"#tab-content_1337\"));function d(e,f,g){\r\n\t\t\t\te.click(function(i){\r\n\t\t\t\t\ti.preventDefault();\r\n\t\t\t\t\tjQuery(this).tab(\"show\");\r\n\t\t\t\t\tvar h=jQuery(this).data(\"easein\");\r\n\t\t\t\t\tif(c){c.removeClass(a);}\r\n\t\t\t\t\tif(h){f.find(\"div.active\").addClass(\"animated \"+h);a=h;}\r\n\t\t\t\t\telse{if(g){f.find(\"div.active\").addClass(\"animated \"+g);a=g;}else{f.find(\"div.active\").addClass(\"animated \"+b);a=b;}}c=f.find(\"div.active\");\r\n\t\t\t\t});\r\n\t\t\t}\r\n\t\t});\r\n\t\t\r\n\r\n\t\tfunction do_resize(){\r\n\r\n\t\t\tvar width=jQuery( '.tab-content .tab-pane iframe' ).width();\r\n\t\t\tvar height=jQuery( '.tab-content .tab-pane iframe' ).height();\r\n\r\n\t\t\tvar toggleSize = true;\r\n\t\t\tjQuery('iframe').animate({\r\n\t\t\t    width: toggleSize ? width : 640,\r\n\t\t\t    height: toggleSize ? height : 360\r\n\t\t\t  }, 250);\r\n\r\n\t\t\t  toggleSize = !toggleSize;\r\n\t\t}\r\n\r\n\r\n\t<\/script>\r\n\t\t\t\t\r\n\t\t\t\n","protected":false},"excerpt":{"rendered":"<p>Opis standarda: Direktor poznaje, razume i prati relevantne propise. &nbsp;<\/p>\n","protected":false},"author":1,"featured_media":0,"parent":955,"menu_order":0,"comment_status":"closed","ping_status":"closed","template":"","meta":{"_bbp_topic_count":0,"_bbp_reply_count":0,"_bbp_total_topic_count":0,"_bbp_total_reply_count":0,"_bbp_voice_count":0,"_bbp_anonymous_reply_count":0,"_bbp_topic_count_hidden":0,"_bbp_reply_count_hidden":0,"_bbp_forum_subforum_count":0,"footnotes":""},"class_list":["post-1218","page","type-page","status-publish","hentry"],"_links":{"self":[{"href":"http:\/\/edlead.pefja.kg.ac.rs\/resurs\/wp-json\/wp\/v2\/pages\/1218","targetHints":{"allow":["GET"]}}],"collection":[{"href":"http:\/\/edlead.pefja.kg.ac.rs\/resurs\/wp-json\/wp\/v2\/pages"}],"about":[{"href":"http:\/\/edlead.pefja.kg.ac.rs\/resurs\/wp-json\/wp\/v2\/types\/page"}],"author":[{"embeddable":true,"href":"http:\/\/edlead.pefja.kg.ac.rs\/resurs\/wp-json\/wp\/v2\/users\/1"}],"replies":[{"embeddable":true,"href":"http:\/\/edlead.pefja.kg.ac.rs\/resurs\/wp-json\/wp\/v2\/comments?post=1218"}],"version-history":[{"count":3,"href":"http:\/\/edlead.pefja.kg.ac.rs\/resurs\/wp-json\/wp\/v2\/pages\/1218\/revisions"}],"predecessor-version":[{"id":1339,"href":"http:\/\/edlead.pefja.kg.ac.rs\/resurs\/wp-json\/wp\/v2\/pages\/1218\/revisions\/1339"}],"up":[{"embeddable":true,"href":"http:\/\/edlead.pefja.kg.ac.rs\/resurs\/wp-json\/wp\/v2\/pages\/955"}],"wp:attachment":[{"href":"http:\/\/edlead.pefja.kg.ac.rs\/resurs\/wp-json\/wp\/v2\/media?parent=1218"}],"curies":[{"name":"wp","href":"https:\/\/api.w.org\/{rel}","templated":true}]}}