{"id":1233,"date":"2017-11-15T10:33:55","date_gmt":"2017-11-15T09:33:55","guid":{"rendered":"https:\/\/resurs.edlead.edu.rs\/?page_id=1233"},"modified":"2017-11-15T22:59:57","modified_gmt":"2017-11-15T21:59:57","slug":"istrazivanja","status":"publish","type":"page","link":"http:\/\/edlead.pefja.kg.ac.rs\/resurs\/liderstvo-u-obrazovanju\/istrazivanja\/","title":{"rendered":"Istra\u017eivanja"},"content":{"rendered":"<p>&nbsp;<\/p>\n\t\t\t\t\t\t<style>\r\n\t\t\t\t\r\n\t\t\t\t\t#tab_container_1350 {\r\n\toverflow:hidden;\r\n\tdisplay:block;\r\n\twidth:100%;\r\n\tborder:0px solid #ddd;\r\n\tmargin-bottom:30px;\r\n\t}\r\n\r\n#tab_container_1350 .tab-content{\r\n\tpadding:20px;\r\n\tborder: 1px solid #e6e6e6 !important;\r\n\tmargin-top: 0px;\r\n\tbackground-color:#ffffff !important;\r\n\tcolor: #000000 !important;\r\n\tfont-size:16px !important;\r\n\tfont-family: Open Sans !important;\r\n\t\r\n\t\t\tborder: 0px solid #e6e6e6 !important;\r\n\t\t\r\n\t}\r\n#tab_container_1350 .wpsm_nav-tabs {\r\n    border-bottom: 0px solid #ddd;\r\n}\r\n#tab_container_1350 .wpsm_nav-tabs > li.active > a, #tab_container_1350 .wpsm_nav-tabs > li.active > a:hover, #tab_container_1350 .wpsm_nav-tabs > li.active > a:focus {\r\n\tcolor: #000000 !important;\r\n\tcursor: default;\r\n\tbackground-color: #ffffff !important;\r\n\tborder: 1px solid #e6e6e6 !important;\r\n}\r\n\r\n#tab_container_1350 .wpsm_nav-tabs > li > a {\r\n    margin-right: 0px !important; \r\n    line-height: 1.42857143 !important;\r\n    border: 1px solid #d5d5d5 !important;\r\n    border-radius: 0px 0px 0 0 !important; \r\n\tbackground-color: #e8e8e8 !important;\r\n\tcolor: #000000 !important;\r\n\tpadding: 15px 18px 15px 18px !important;\r\n\ttext-decoration: none !important;\r\n\tfont-size: 14px !important;\r\n\ttext-align:center !important;\r\n\tfont-family: Open Sans !important;\r\n}\r\n#tab_container_1350 .wpsm_nav-tabs > li > a:focus {\r\noutline: 0px !important;\r\n}\r\n\r\n#tab_container_1350 .wpsm_nav-tabs > li > a:before {\r\n\tdisplay:none !important;\r\n}\r\n#tab_container_1350 .wpsm_nav-tabs > li > a:after {\r\n\tdisplay:none !important ;\r\n}\r\n#tab_container_1350 .wpsm_nav-tabs > li{\r\npadding:0px !important ;\r\nmargin:0px;\r\n}\r\n\r\n#tab_container_1350 .wpsm_nav-tabs > li > a:hover , #tab_container_1350 .wpsm_nav-tabs > li > a:focus {\r\n    color: #000000 !important;\r\n    background-color: #e8e8e8 !important;\r\n\tborder: 1px solid #d5d5d5 !important;\r\n\t\r\n}\r\n#tab_container_1350 .wpsm_nav-tabs > li > a .fa{\r\n\r\nmargin-right:5px !important;\r\n\r\nmargin-left:5px !important;\r\n\r\n\r\n}\r\n\r\n\t\t#tab_container_1350 .wpsm_nav-tabs a{\r\n\t\t\tbackground-image: none;\r\n\t\t\tbackground-position: 0 0;\r\n\t\t\tbackground-repeat: repeat-x;\r\n\t\t}\r\n\t\t\t\r\n\r\n\r\n#tab_container_1350 .wpsm_nav-tabs > li {\r\n    float: left;\r\n    margin-bottom: -1px !important;\r\n\tmargin-right:0px !important; \r\n}\r\n\r\n\r\n#tab_container_1350 .tab-content{\r\noverflow:hidden !important;\r\n}\r\n\r\n\r\n@media (min-width: 769px) {\r\n\r\n\t#tab_container_1350 .wpsm_nav-tabs > li{\r\n\t\tfloat:left !important ;\r\n\t\t\t\tmargin-right:-1px !important;\r\n\t\t\t\t\t}\r\n\t#tab_container_1350 .wpsm_nav-tabs{\r\n\t\tfloat:none !important;\r\n\t\tmargin:0px !important;\r\n\t}\r\n\r\n\t#tab_container_1350 .wpsm_nav-tabs > li {\r\n\t\t\t\t\r\n\t}\r\n\t#tab_container_1350 .wpsm_nav{\r\n\t\t\t}\r\n\r\n}\r\n\r\n\r\n\r\n@media (max-width: 768px) {\r\n\t#tab_container_1350 .wpsm_nav-tabs > li {\r\n\t\t\t\t\r\n\t}\r\n\t#tab_container_1350 .wpsm_nav{\r\n\t\t\t}\r\n}\r\n\r\n\r\n\t.wpsm_nav-tabs li:before{\r\n\t\tdisplay:none !important;\r\n\t}\r\n\r\n\t@media (max-width: 768px) {\r\n\t\t\t\t\r\n\t\t\t\t.wpsm_nav-tabs{\r\n\t\t\tmargin-left:0px !important;\r\n\t\t\tmargin-right:0px !important; \r\n\t\t\t\r\n\t\t}\r\n\t\t\t\t#tab_container_1350 .wpsm_nav-tabs > li{\r\n\t\t\tfloat:none !important;\r\n\t\t}\r\n\t\t\t\r\n\t}\t\t\t\t<\/style>\r\n\t\t\t\t<div id=\"tab_container_1350\" >\r\n\t \r\n\t\t\t\t\t<ul class=\"wpsm_nav wpsm_nav-tabs\" role=\"tablist\" id=\"myTab_1350\">\r\n\t\t\t\t\t\t\t\r\n\t\t\t\t\t\t\t<li role=\"presentation\"  class=\"active\"  onclick=\"do_resize()\">\r\n\t\t\t\t\t\t\t\t<a href=\"#tabs_desc_1350_1\" aria-controls=\"tabs_desc_1350_1\" role=\"tab\" data-toggle=\"tab\">\r\n\t\t\t\t\t\t\t\t\t\r\n\t\t\t\t\t\t\t\t\t\t\t\t\t\t\t\t\t\t\t\t\t\t\t\t\t\t\t\t\r\n\t\t\t\t\t\t\t\t\t\t\t\t\t\t\t\t\t\t\r\n\t\t\t\t\t\t\t\t\t<span>Srpski jezik<\/span>\r\n\t\t\t\t\t\t\t\t\t\r\n\t\t\t\t\t\t\t\t\t\t\t\t\t\t\t\t\t\t\r\n\t\t\t\t\t\t\t\t\t\t\t\t\t\t\t\t\t\t\t\t\r\n\t\t\t\t\t\t\t\t\t\r\n\t\t\t\t\t\t\t\t<\/a>\r\n\t\t\t\t\t\t\t<\/li>\r\n\t\t\t\t\t\t\t\r\n\t\t\t\t\t\t\t<li role=\"presentation\"  onclick=\"do_resize()\">\r\n\t\t\t\t\t\t\t\t<a href=\"#tabs_desc_1350_2\" aria-controls=\"tabs_desc_1350_2\" role=\"tab\" data-toggle=\"tab\">\r\n\t\t\t\t\t\t\t\t\t\r\n\t\t\t\t\t\t\t\t\t\t\t\t\t\t\t\t\t\t\t\t\t\t\t\t\t\t\t\t\r\n\t\t\t\t\t\t\t\t\t\t\t\t\t\t\t\t\t\t\r\n\t\t\t\t\t\t\t\t\t<span>Engleski jezik<\/span>\r\n\t\t\t\t\t\t\t\t\t\r\n\t\t\t\t\t\t\t\t\t\t\t\t\t\t\t\t\t\t\r\n\t\t\t\t\t\t\t\t\t\t\t\t\t\t\t\t\t\t\t\t\r\n\t\t\t\t\t\t\t\t\t\r\n\t\t\t\t\t\t\t\t<\/a>\r\n\t\t\t\t\t\t\t<\/li>\r\n\t\t\t\t\t\t\t\t\t\t\t <\/ul>\r\n\r\n\t\t\t\t\t  <!-- Tab panes -->\r\n\t\t\t\t\t  <div class=\"tab-content\" id=\"tab-content_1350\">\r\n\t\t\t\t\t\t\t\t\t\t\t\t <div role=\"tabpanel\" class=\"tab-pane  in active \" id=\"tabs_desc_1350_1\">\r\n\t\t\t\t\t\t\t\t<table width=\"67%\">\r\n<tbody>\r\n<tr>\r\n<td width=\"50%\">\r\n<p style=\"text-align: center;\"><strong>Naziv<\/strong><\/p>\r\n<\/td>\r\n<td style=\"text-align: center;\" width=\"29%\"><strong>Autor<\/strong><\/td>\r\n<td width=\"20%\">\r\n<p style=\"text-align: center;\"><strong>Godina<\/strong><\/p>\r\n<\/td>\r\n<\/tr>\r\n<tr>\r\n<td width=\"50%\"><a href=\"http:\/\/www.cep.edu.rs\/public\/Liderstvo_nastavnika_-_sa_koricama1.pdf\">Liderstvo nastavnika: put ka tranformisanju obrazovanja<\/a><\/td>\r\n<td width=\"29%\">Urednik Dejvid Frost<\/td>\r\n<td width=\"20%\">2016<\/td>\r\n<\/tr>\r\n<tr>\r\n<td width=\"50%\"><a href=\"https:\/\/sr.edlead.edu.rs\/wp-content\/uploads\/2015\/03\/Liderstvo-u-obrazovanju-Priprema-za-direktore-pred%C5%A1kolskih-ustanova-osnovnih-i-srednjih-%C5%A1kola.pdf\">Liderstvo u obrazovanju: priprema za direktore pred\u0161kolskih ustanova, osnovnih i srednjih \u0161kola<\/a><\/td>\r\n<td width=\"29%\">Jelena Teodorovi\u0107, Slavica \u0160evku\u0161i\u0107, Dejan Stankovi\u0107, Jelena Radi\u0161i\u0107, Vladimir D\u017einovi\u0107, Dup\u0161ica Malini\u0107<\/td>\r\n<td width=\"20%\">2015<\/td>\r\n<\/tr>\r\n<tr>\r\n<td width=\"50%\"><a href=\"https:\/\/sr.edlead.edu.rs\/wp-content\/uploads\/2015\/03\/Liderstvo-u-obrazovanju-rezime-pro%C5%A1irena-verzija.doc\">Liderstvo u obrazovanju<\/a><\/td>\r\n<td width=\"29%\">Jelena Teodorovi\u0107, Slavica \u0160evku\u0161i\u0107, Dejan Stankovi\u0107, Jelena Radi\u0161i\u0107, Vladimir D\u017einovi\u0107, Dup\u0161ica Malini\u0107<\/td>\r\n<td width=\"20%\">2014<\/td>\r\n<\/tr>\r\n<tr>\r\n<td width=\"50%\"><a href=\"https:\/\/www.google.rs\/url?sa=t&amp;rct=j&amp;q=&amp;esrc=s&amp;source=web&amp;cd=2&amp;ved=0ahUKEwj0z4zgk8PXAhXN_KQKHZsmDjoQFggxMAE&amp;url=https%3A%2F%2Fhrcak.srce.hr%2Ffile%2F192282&amp;usg=AOvVaw0nzf-jh7Ek8y3X4rzv5sWV\">Direktori (\u0161kola) u\u010de druga\u010dije.<\/a>\r\n<a href=\"https:\/\/www.google.rs\/url?sa=t&amp;rct=j&amp;q=&amp;esrc=s&amp;source=web&amp;cd=2&amp;ved=0ahUKEwj0z4zgk8PXAhXN_KQKHZsmDjoQFggxMAE&amp;url=https%3A%2F%2Fhrcak.srce.hr%2Ffile%2F192282&amp;usg=AOvVaw0nzf-jh7Ek8y3X4rzv5sWV\">(Kako u\u010de direktori \u0161kola)<\/a><\/td>\r\n<td width=\"29%\">Milica Andevski,\r\nMira Vidakovi\u0107<\/td>\r\n<td width=\"20%\">2012<\/td>\r\n<\/tr>\r\n<\/tbody>\r\n<\/table>\t\t\t\t\t\t <\/div>\r\n\t\t\t\t\t\t\t\t\t\t\t\t <div role=\"tabpanel\" class=\"tab-pane \" id=\"tabs_desc_1350_2\">\r\n\t\t\t\t\t\t\t\t<table width=\"52%\">\r\n<tbody>\r\n<tr>\r\n<td width=\"60%\">\r\n<p style=\"text-align: center;\"><strong>Naziv<\/strong><\/p>\r\n<\/td>\r\n<td style=\"text-align: center;\" width=\"24%\"><strong>Autor<\/strong><\/td>\r\n<td width=\"15%\">\r\n<p style=\"text-align: center;\"><strong>Godina<\/strong><\/p>\r\n<\/td>\r\n<\/tr>\r\n<tr>\r\n<td width=\"60%\"><a href=\"https:\/\/sr.edlead.edu.rs\/wp-content\/uploads\/2015\/03\/1-1-Educational-leadership-in-Serbia-Needs-analysis.pdf\">Educational leadership in Serbia:\r\nNeeds analysis FINAL REPORT<\/a><\/td>\r\n<td width=\"24%\">Jelena Teodorovi\u0107, Slavica \u0160evku\u0161i\u0107, Dejan Stankovi\u0107, Jelena Radi\u0161i\u0107, Vladimir D\u017einovi\u0107 and\r\n\r\nDu\u0161ica Malini\u0107<\/td>\r\n<td width=\"15%\">2014<\/td>\r\n<\/tr>\r\n<tr>\r\n<td width=\"60%\"><a href=\"https:\/\/sr.edlead.edu.rs\/wp-content\/uploads\/2015\/03\/1-2-Review-of-current-theory-research-findings-and-exemplary-preparation-programs.pdf\">Educational leadership: Review of current theory, research findings and exemplary preparation programs FINAL REPORT<\/a><\/td>\r\n<td width=\"24%\">Jelena Teodorovi\u0107, Slavica \u0160evku\u0161i\u0107, Dejan Stankovi\u0107, Jelena Radi\u0161i\u0107, Vladimir D\u017einovi\u0107 and\r\nDu\u0161ica Malini\u0107<\/td>\r\n<td width=\"15%\">2014<\/td>\r\n<\/tr>\r\n<tr>\r\n<td width=\"60%\"><a href=\"https:\/\/edlead.edu.rs\/wp-content\/uploads\/2015\/03\/EXECUTIVE-SUMMARY-3.11-LONGER-VERSION1.docx\">Educational leadership:<\/a>\r\n<a href=\"https:\/\/edlead.edu.rs\/wp-content\/uploads\/2015\/03\/EXECUTIVE-SUMMARY-3.11-LONGER-VERSION1.docx\">Executive summary (Extended version) - EdLead<\/a><\/td>\r\n<td width=\"24%\">Jelena Teodorovi\u0107, Slavica \u0160evku\u0161i\u0107, Dejan Stankovi\u0107, Jelena Radi\u0161i\u0107, Vladimir D\u017einovi\u0107 and\r\n\r\nDu\u0161ica Malini\u0107<\/td>\r\n<td width=\"15%\">2014<\/td>\r\n<\/tr>\r\n<tr>\r\n<td width=\"60%\"><a href=\"https:\/\/edlead.edu.rs\/wp-content\/uploads\/2015\/03\/EXECUTIVE-SUMMARY-3.11-SHORTER-VERSION1.docx\">Educational leadership:<\/a>\r\n<a href=\"https:\/\/edlead.edu.rs\/wp-content\/uploads\/2015\/03\/EXECUTIVE-SUMMARY-3.11-SHORTER-VERSION1.docx\">Executive summary (Shorter version) - EdLead<\/a><\/td>\r\n<td width=\"24%\">Jelena Teodorovi\u0107, Slavica \u0160evku\u0161i\u0107, Dejan Stankovi\u0107, Jelena Radi\u0161i\u0107, Vladimir D\u017einovi\u0107 and\r\nDu\u0161ica Malini\u0107<\/td>\r\n<td width=\"15%\">2014<\/td>\r\n<\/tr>\r\n<tr>\r\n<td width=\"60%\"><a href=\"https:\/\/scholar.google.com\/scholar?start=50&q=school+leadership&hl=en&as_sdt=0,5\">The impact of school leadership on pupil outcomes. Final report<\/a><\/td>\r\n<td width=\"24%\">Grupa autora<\/td>\r\n<td width=\"15%\">2009<\/td>\r\n<\/tr>\r\n<tr>\r\n<td width=\"60%\"><a href=\"http:\/\/donnaelder.wiki.westga.edu\/file\/view\/The+impact+of+leadership+on+student+outcomes+an+analysis+of+the+differential+effects+of+leadership+types.pdf\/347980224\/The+impact+of+leadership+on+student+outcomes+an+analysis+of+the+differential+effects+of+leadership+types.pdf\">The impact of leadership on student outcomes: An analysis of the differential effects of leadership types<\/a><\/td>\r\n<td width=\"24%\">Viviane M. J. Robinson,\r\nClaire A. Lloyd,\r\nKenneth J. Rowe<\/td>\r\n<td width=\"15%\">2008<\/td>\r\n<\/tr>\r\n<\/tbody>\r\n<\/table>\t\t\t\t\t\t <\/div>\r\n\t\t\t\t\t\t\t\r\n\t\t\t\t\t <\/div>\r\n\t\t\t\t\t \r\n\t\t\t\t <\/div>\r\n <script>\r\n\t\tjQuery(function () {\r\n\t\t\tjQuery('#myTab_1350 a:first').tab('show')\r\n\t\t});\r\n\t\t\r\n\t\t\t\tjQuery(function(){\r\n\t\t\tvar b=\"fadeIn\";\r\n\t\t\tvar c;\r\n\t\t\tvar a;\r\n\t\t\td(jQuery(\"#myTab_1350 a\"),jQuery(\"#tab-content_1350\"));function d(e,f,g){\r\n\t\t\t\te.click(function(i){\r\n\t\t\t\t\ti.preventDefault();\r\n\t\t\t\t\tjQuery(this).tab(\"show\");\r\n\t\t\t\t\tvar h=jQuery(this).data(\"easein\");\r\n\t\t\t\t\tif(c){c.removeClass(a);}\r\n\t\t\t\t\tif(h){f.find(\"div.active\").addClass(\"animated \"+h);a=h;}\r\n\t\t\t\t\telse{if(g){f.find(\"div.active\").addClass(\"animated \"+g);a=g;}else{f.find(\"div.active\").addClass(\"animated \"+b);a=b;}}c=f.find(\"div.active\");\r\n\t\t\t\t});\r\n\t\t\t}\r\n\t\t});\r\n\t\t\r\n\r\n\t\tfunction do_resize(){\r\n\r\n\t\t\tvar width=jQuery( '.tab-content .tab-pane iframe' ).width();\r\n\t\t\tvar height=jQuery( '.tab-content .tab-pane iframe' ).height();\r\n\r\n\t\t\tvar toggleSize = true;\r\n\t\t\tjQuery('iframe').animate({\r\n\t\t\t    width: toggleSize ? width : 640,\r\n\t\t\t    height: toggleSize ? height : 360\r\n\t\t\t  }, 250);\r\n\r\n\t\t\t  toggleSize = !toggleSize;\r\n\t\t}\r\n\r\n\r\n\t<\/script>\r\n\t\t\t\t\r\n\t\t\t\n","protected":false},"excerpt":{"rendered":"<p>&nbsp;<\/p>\n","protected":false},"author":1,"featured_media":0,"parent":957,"menu_order":0,"comment_status":"closed","ping_status":"closed","template":"","meta":{"_bbp_topic_count":0,"_bbp_reply_count":0,"_bbp_total_topic_count":0,"_bbp_total_reply_count":0,"_bbp_voice_count":0,"_bbp_anonymous_reply_count":0,"_bbp_topic_count_hidden":0,"_bbp_reply_count_hidden":0,"_bbp_forum_subforum_count":0,"footnotes":""},"class_list":["post-1233","page","type-page","status-publish","hentry"],"_links":{"self":[{"href":"http:\/\/edlead.pefja.kg.ac.rs\/resurs\/wp-json\/wp\/v2\/pages\/1233","targetHints":{"allow":["GET"]}}],"collection":[{"href":"http:\/\/edlead.pefja.kg.ac.rs\/resurs\/wp-json\/wp\/v2\/pages"}],"about":[{"href":"http:\/\/edlead.pefja.kg.ac.rs\/resurs\/wp-json\/wp\/v2\/types\/page"}],"author":[{"embeddable":true,"href":"http:\/\/edlead.pefja.kg.ac.rs\/resurs\/wp-json\/wp\/v2\/users\/1"}],"replies":[{"embeddable":true,"href":"http:\/\/edlead.pefja.kg.ac.rs\/resurs\/wp-json\/wp\/v2\/comments?post=1233"}],"version-history":[{"count":2,"href":"http:\/\/edlead.pefja.kg.ac.rs\/resurs\/wp-json\/wp\/v2\/pages\/1233\/revisions"}],"predecessor-version":[{"id":1351,"href":"http:\/\/edlead.pefja.kg.ac.rs\/resurs\/wp-json\/wp\/v2\/pages\/1233\/revisions\/1351"}],"up":[{"embeddable":true,"href":"http:\/\/edlead.pefja.kg.ac.rs\/resurs\/wp-json\/wp\/v2\/pages\/957"}],"wp:attachment":[{"href":"http:\/\/edlead.pefja.kg.ac.rs\/resurs\/wp-json\/wp\/v2\/media?parent=1233"}],"curies":[{"name":"wp","href":"https:\/\/api.w.org\/{rel}","templated":true}]}}