{"id":923,"date":"2017-11-14T16:56:25","date_gmt":"2017-11-14T15:56:25","guid":{"rendered":"https:\/\/resurs.edlead.edu.rs\/?page_id=923"},"modified":"2017-11-14T16:59:26","modified_gmt":"2017-11-14T15:59:26","slug":"resursi","status":"publish","type":"page","link":"http:\/\/edlead.pefja.kg.ac.rs\/resurs\/","title":{"rendered":"Resursi"},"content":{"rendered":"<p>Resursni centar za liderstvo u obrazovanju je internet platforma kreirana sa ciljem da pomogne razvoj modernog i efektivnog liderstva u\u00a0 obrazovno-vaspitinim ustanovama u Srbiji, kao klju\u010dnog preduslova kvalitetnog obrazovanja za sve.<\/p>\n<p>Na ovim stranama mo\u0107i \u0107ete da se upoznate i detaljno informi\u0161ete o dinami\u010dnom svetu liderstva u obrazavanju, u me\u0111unarodnom i doma\u0107em kontekstu. Ima\u0107ete prilike da prona\u0111ete brojne me\u0111unarodne deklaracije i konvencije, me\u0111unarodne i nacionalne strategije i druge razvojne dokumente, akademske i obrazovno-politi\u010dke tematske analize, evaluacione i istra\u017eiva\u010dke izve\u0161taje, prakti\u010dne priru\u010dnike i druge stru\u010dne tekstove, najave za predstoje\u0107e konferencije i druge doga\u0111aje, kao i linkove ka referentnim institucijama i njihovim razvojnim projektima. Dokumenti su razvrstani prema \u0161est oblasti standarda koje pokrivaju Standardi kompetencija direktora ustanova obrazovanja i vaspitanja, sa dodatkom sedme grupe dokumenata koja sadr\u017ei razli\u010dita op\u0161ta pitanja liderstva u obrazovanju.<\/p>\n<p>Na ovim stranama mo\u0107i \u0107ete i da se upoznate sa master programima i programima stru\u010dnog usavr\u0161avanja za lidere u obrazovanju koji su nastali u okviru projekta Master program liderstvo u obrazovanju. Interaktivni deo sajta nalazi se u blog zoni, gde \u0107ete imati prliku da iznosite svoja mi\u0161ljenja i da diskutujete o mnogim va\u017enim obrazovnim temama.<\/p>\n<p>Resursni centar je rezultat projekta Master program Liderstvo u obrazovanju, kofinansiranog od strane Tempus programa Evropske Unije.<\/p>\n","protected":false},"excerpt":{"rendered":"<p>Resursni centar za liderstvo u obrazovanju je internet platforma kreirana sa ciljem da pomogne razvoj modernog i efektivnog liderstva u\u00a0 obrazovno-vaspitinim ustanovama u Srbiji, kao klju\u010dnog preduslova kvalitetnog obrazovanja za sve. Na ovim stranama mo\u0107i \u0107ete da se upoznate i detaljno informi\u0161ete o dinami\u010dnom svetu liderstva u obrazavanju, u me\u0111unarodnom i doma\u0107em kontekstu. Ima\u0107ete prilike da prona\u0111ete brojne me\u0111unarodne deklaracije<\/p>\n","protected":false},"author":1,"featured_media":0,"parent":0,"menu_order":0,"comment_status":"closed","ping_status":"closed","template":"","meta":{"_bbp_topic_count":0,"_bbp_reply_count":0,"_bbp_total_topic_count":0,"_bbp_total_reply_count":0,"_bbp_voice_count":0,"_bbp_anonymous_reply_count":0,"_bbp_topic_count_hidden":0,"_bbp_reply_count_hidden":0,"_bbp_forum_subforum_count":0,"footnotes":""},"class_list":["post-923","page","type-page","status-publish","hentry"],"_links":{"self":[{"href":"http:\/\/edlead.pefja.kg.ac.rs\/resurs\/wp-json\/wp\/v2\/pages\/923","targetHints":{"allow":["GET"]}}],"collection":[{"href":"http:\/\/edlead.pefja.kg.ac.rs\/resurs\/wp-json\/wp\/v2\/pages"}],"about":[{"href":"http:\/\/edlead.pefja.kg.ac.rs\/resurs\/wp-json\/wp\/v2\/types\/page"}],"author":[{"embeddable":true,"href":"http:\/\/edlead.pefja.kg.ac.rs\/resurs\/wp-json\/wp\/v2\/users\/1"}],"replies":[{"embeddable":true,"href":"http:\/\/edlead.pefja.kg.ac.rs\/resurs\/wp-json\/wp\/v2\/comments?post=923"}],"version-history":[{"count":2,"href":"http:\/\/edlead.pefja.kg.ac.rs\/resurs\/wp-json\/wp\/v2\/pages\/923\/revisions"}],"predecessor-version":[{"id":927,"href":"http:\/\/edlead.pefja.kg.ac.rs\/resurs\/wp-json\/wp\/v2\/pages\/923\/revisions\/927"}],"wp:attachment":[{"href":"http:\/\/edlead.pefja.kg.ac.rs\/resurs\/wp-json\/wp\/v2\/media?parent=923"}],"curies":[{"name":"wp","href":"https:\/\/api.w.org\/{rel}","templated":true}]}}