{"id":944,"date":"2017-11-14T17:19:35","date_gmt":"2017-11-14T16:19:35","guid":{"rendered":"https:\/\/resurs.edlead.edu.rs\/?page_id=944"},"modified":"2017-11-15T11:31:08","modified_gmt":"2017-11-15T10:31:08","slug":"rukovodenje-vaspitno-obrazovnim-procesom","status":"publish","type":"page","link":"http:\/\/edlead.pefja.kg.ac.rs\/resurs\/rukovodenje-vaspitno-obrazovnim-procesom\/","title":{"rendered":"Rukovo\u0111enje vaspitno obrazovnim procesom"},"content":{"rendered":"<p>Standardi kompetencija se odnose na direktore svih ustanova, s tim da je samo u okviru prve oblasti napravljena razlika izme\u0111u standarda koji se odnose na direktore pred\u0161kolskih ustanova i direktore \u0161kola, \u0161to odgovara razlikama koje postoje u prirodi delatnosti ovih ustanova.<\/p>\n<p>&nbsp;<\/p>\n<p><strong>Standardi za direktore pred\u0161kolskih ustanova:<\/strong><\/p>\n<p>1.1.1. Razvoj kulture vaspitno-obrazovnog rada<\/p>\n<p>1.1.2. Stvaranje zdravih i bezbednih uslova za u\u010denje i razvoj deteta<\/p>\n<p>1.1.3. Razvoj i osiguranje kvaliteta vaspitno-obrazovnog procesa u<\/p>\n<p>pred\u0161kolskoj ustanovi<\/p>\n<p>1.1.4. Obezbe\u0111ivanje inkluzivnog pristupa u vaspitno-obrazovnom procesu<\/p>\n<p>1.1.5. Obezbe\u0111ivanje i pra\u0107enje dobrobiti i razvoja deteta<\/p>\n<p>&nbsp;<\/p>\n<p><strong>Standardi za direktore osnovnih i srednjih \u0161kola:<\/strong><\/p>\n<p>1.2.1. Razvoj kulture u\u010denja<\/p>\n<p>1.2.2. Stvaranje zdravih i bezbednih uslova za u\u010denje i razvoj u\u010denika<\/p>\n<p>1.2.3. Razvoj i osiguranje kvaliteta nastavnog i vaspitnog procesa u \u0161koli<\/p>\n<p>1.2.4. Obezbe\u0111enje inkluzivnog pristupa u obrazovno-vaspitnom procesu<\/p>\n<p>1.2.5. Pra\u0107enje i podsticanje postignu\u0107a u\u010denika<\/p>\n","protected":false},"excerpt":{"rendered":"<p>Standardi kompetencija se odnose na direktore svih ustanova, s tim da je samo u okviru prve oblasti napravljena razlika izme\u0111u standarda koji se odnose na direktore pred\u0161kolskih ustanova i direktore \u0161kola, \u0161to odgovara razlikama koje postoje u prirodi delatnosti ovih ustanova. &nbsp; Standardi za direktore pred\u0161kolskih ustanova: 1.1.1. Razvoj kulture vaspitno-obrazovnog rada 1.1.2. Stvaranje zdravih i bezbednih uslova za u\u010denje<\/p>\n","protected":false},"author":1,"featured_media":0,"parent":0,"menu_order":0,"comment_status":"closed","ping_status":"closed","template":"","meta":{"_bbp_topic_count":0,"_bbp_reply_count":0,"_bbp_total_topic_count":0,"_bbp_total_reply_count":0,"_bbp_voice_count":0,"_bbp_anonymous_reply_count":0,"_bbp_topic_count_hidden":0,"_bbp_reply_count_hidden":0,"_bbp_forum_subforum_count":0,"footnotes":""},"class_list":["post-944","page","type-page","status-publish","hentry"],"_links":{"self":[{"href":"http:\/\/edlead.pefja.kg.ac.rs\/resurs\/wp-json\/wp\/v2\/pages\/944","targetHints":{"allow":["GET"]}}],"collection":[{"href":"http:\/\/edlead.pefja.kg.ac.rs\/resurs\/wp-json\/wp\/v2\/pages"}],"about":[{"href":"http:\/\/edlead.pefja.kg.ac.rs\/resurs\/wp-json\/wp\/v2\/types\/page"}],"author":[{"embeddable":true,"href":"http:\/\/edlead.pefja.kg.ac.rs\/resurs\/wp-json\/wp\/v2\/users\/1"}],"replies":[{"embeddable":true,"href":"http:\/\/edlead.pefja.kg.ac.rs\/resurs\/wp-json\/wp\/v2\/comments?post=944"}],"version-history":[{"count":3,"href":"http:\/\/edlead.pefja.kg.ac.rs\/resurs\/wp-json\/wp\/v2\/pages\/944\/revisions"}],"predecessor-version":[{"id":1255,"href":"http:\/\/edlead.pefja.kg.ac.rs\/resurs\/wp-json\/wp\/v2\/pages\/944\/revisions\/1255"}],"wp:attachment":[{"href":"http:\/\/edlead.pefja.kg.ac.rs\/resurs\/wp-json\/wp\/v2\/media?parent=944"}],"curies":[{"name":"wp","href":"https:\/\/api.w.org\/{rel}","templated":true}]}}