{"id":949,"date":"2017-11-14T17:30:45","date_gmt":"2017-11-14T16:30:45","guid":{"rendered":"https:\/\/resurs.edlead.edu.rs\/?page_id=949"},"modified":"2017-11-15T09:41:23","modified_gmt":"2017-11-15T08:41:23","slug":"pracenje-i-unapredivanje-rada-zaposlenih","status":"publish","type":"page","link":"http:\/\/edlead.pefja.kg.ac.rs\/resurs\/pracenje-i-unapredivanje-rada-zaposlenih\/","title":{"rendered":"Pra\u0107enje i unapre\u0111ivanje rada zaposlenih"},"content":{"rendered":"<p><strong>Standardi:<\/strong><\/p>\n<p>3.1. Planiranje, selekcija i prijem zaposlenih<br \/>\n3.2. Profesionalni razvoj zaposlenih<br \/>\n3.3. Unapre\u0111ivanje me\u0111uljudskih odnosa<br \/>\n3.4. Vrednovanje rezultata rada, motivisanje i nagra\u0111ivanje zaposlenih<\/p>\n","protected":false},"excerpt":{"rendered":"<p>Standardi: 3.1. Planiranje, selekcija i prijem zaposlenih 3.2. Profesionalni razvoj zaposlenih 3.3. Unapre\u0111ivanje me\u0111uljudskih odnosa 3.4. Vrednovanje rezultata rada, motivisanje i nagra\u0111ivanje zaposlenih<\/p>\n","protected":false},"author":1,"featured_media":0,"parent":0,"menu_order":0,"comment_status":"closed","ping_status":"closed","template":"","meta":{"_bbp_topic_count":0,"_bbp_reply_count":0,"_bbp_total_topic_count":0,"_bbp_total_reply_count":0,"_bbp_voice_count":0,"_bbp_anonymous_reply_count":0,"_bbp_topic_count_hidden":0,"_bbp_reply_count_hidden":0,"_bbp_forum_subforum_count":0,"footnotes":""},"class_list":["post-949","page","type-page","status-publish","hentry"],"_links":{"self":[{"href":"http:\/\/edlead.pefja.kg.ac.rs\/resurs\/wp-json\/wp\/v2\/pages\/949","targetHints":{"allow":["GET"]}}],"collection":[{"href":"http:\/\/edlead.pefja.kg.ac.rs\/resurs\/wp-json\/wp\/v2\/pages"}],"about":[{"href":"http:\/\/edlead.pefja.kg.ac.rs\/resurs\/wp-json\/wp\/v2\/types\/page"}],"author":[{"embeddable":true,"href":"http:\/\/edlead.pefja.kg.ac.rs\/resurs\/wp-json\/wp\/v2\/users\/1"}],"replies":[{"embeddable":true,"href":"http:\/\/edlead.pefja.kg.ac.rs\/resurs\/wp-json\/wp\/v2\/comments?post=949"}],"version-history":[{"count":2,"href":"http:\/\/edlead.pefja.kg.ac.rs\/resurs\/wp-json\/wp\/v2\/pages\/949\/revisions"}],"predecessor-version":[{"id":1176,"href":"http:\/\/edlead.pefja.kg.ac.rs\/resurs\/wp-json\/wp\/v2\/pages\/949\/revisions\/1176"}],"wp:attachment":[{"href":"http:\/\/edlead.pefja.kg.ac.rs\/resurs\/wp-json\/wp\/v2\/media?parent=949"}],"curies":[{"name":"wp","href":"https:\/\/api.w.org\/{rel}","templated":true}]}}