{"id":955,"date":"2017-11-14T17:31:11","date_gmt":"2017-11-14T16:31:11","guid":{"rendered":"https:\/\/resurs.edlead.edu.rs\/?page_id=955"},"modified":"2017-11-15T22:28:47","modified_gmt":"2017-11-15T21:28:47","slug":"obezbedivanje-zakonitosti-rada-ustanove","status":"publish","type":"page","link":"http:\/\/edlead.pefja.kg.ac.rs\/resurs\/obezbedivanje-zakonitosti-rada-ustanove\/","title":{"rendered":"Obezbe\u0111ivanje zakonitosti rada ustanove"},"content":{"rendered":"<p><strong>Standardi:<\/strong><\/p>\n<p>6.1. Poznavanje, razumevanje i pra\u0107enje relevantnih propisa<br \/>\n6.2. Izrada op\u0161tih akata i dokumentacije ustanove<br \/>\n6.3. Primena op\u0161tih akata i dokumentacije ustanove<\/p>\n","protected":false},"excerpt":{"rendered":"<p>Standardi: 6.1. Poznavanje, razumevanje i pra\u0107enje relevantnih propisa 6.2. Izrada op\u0161tih akata i dokumentacije ustanove 6.3. Primena op\u0161tih akata i dokumentacije ustanove<\/p>\n","protected":false},"author":1,"featured_media":0,"parent":0,"menu_order":0,"comment_status":"closed","ping_status":"closed","template":"","meta":{"_bbp_topic_count":0,"_bbp_reply_count":0,"_bbp_total_topic_count":0,"_bbp_total_reply_count":0,"_bbp_voice_count":0,"_bbp_anonymous_reply_count":0,"_bbp_topic_count_hidden":0,"_bbp_reply_count_hidden":0,"_bbp_forum_subforum_count":0,"footnotes":""},"class_list":["post-955","page","type-page","status-publish","hentry"],"_links":{"self":[{"href":"http:\/\/edlead.pefja.kg.ac.rs\/resurs\/wp-json\/wp\/v2\/pages\/955","targetHints":{"allow":["GET"]}}],"collection":[{"href":"http:\/\/edlead.pefja.kg.ac.rs\/resurs\/wp-json\/wp\/v2\/pages"}],"about":[{"href":"http:\/\/edlead.pefja.kg.ac.rs\/resurs\/wp-json\/wp\/v2\/types\/page"}],"author":[{"embeddable":true,"href":"http:\/\/edlead.pefja.kg.ac.rs\/resurs\/wp-json\/wp\/v2\/users\/1"}],"replies":[{"embeddable":true,"href":"http:\/\/edlead.pefja.kg.ac.rs\/resurs\/wp-json\/wp\/v2\/comments?post=955"}],"version-history":[{"count":2,"href":"http:\/\/edlead.pefja.kg.ac.rs\/resurs\/wp-json\/wp\/v2\/pages\/955\/revisions"}],"predecessor-version":[{"id":1338,"href":"http:\/\/edlead.pefja.kg.ac.rs\/resurs\/wp-json\/wp\/v2\/pages\/955\/revisions\/1338"}],"wp:attachment":[{"href":"http:\/\/edlead.pefja.kg.ac.rs\/resurs\/wp-json\/wp\/v2\/media?parent=955"}],"curies":[{"name":"wp","href":"https:\/\/api.w.org\/{rel}","templated":true}]}}