{"id":980,"date":"2017-11-14T23:02:17","date_gmt":"2017-11-14T22:02:17","guid":{"rendered":"https:\/\/resurs.edlead.edu.rs\/?page_id=980"},"modified":"2017-11-16T11:26:06","modified_gmt":"2017-11-16T10:26:06","slug":"razvoj-kulture-ucenja","status":"publish","type":"page","link":"http:\/\/edlead.pefja.kg.ac.rs\/resurs\/razvoj-kulture-ucenja\/","title":{"rendered":"Razvoj kulture u\u010denja"},"content":{"rendered":"<p><strong>Razvoj kulture u\u010denja<\/strong><\/p>\n<p>Opis standarda (direktori osnovnih i srednjih \u0161kola): Direktor razvija i promovi\u0161e vrednosti u\u010denja i razvija \u0161kolu kao zajednicu celo\u017eivotnog u\u010denja.<\/p>\n<p>&nbsp;<\/p>\n<p><strong>Razvoj kulture vaspitno-obrazovnog rada<\/strong><\/p>\n<p>Opis standarda (direktori pred\u0161kolskih ustanova): Direktor razvija i promovi\u0161e vrednosti vaspitanja i obrazovanja i pred\u0161kolsku ustanovu kao zajednicu celo\u017eivotnog u\u010denja.<\/p>\n<p>&nbsp;<\/p>\n\t\t\t\t\t\t<style>\r\n\t\t\t\t\r\n\t\t\t\t\t#tab_container_1251 {\r\n\toverflow:hidden;\r\n\tdisplay:block;\r\n\twidth:100%;\r\n\tborder:0px solid #ddd;\r\n\tmargin-bottom:30px;\r\n\t}\r\n\r\n#tab_container_1251 .tab-content{\r\n\tpadding:20px;\r\n\tborder: 1px solid #e6e6e6 !important;\r\n\tmargin-top: 0px;\r\n\tbackground-color:#ffffff !important;\r\n\tcolor: #000000 !important;\r\n\tfont-size:16px !important;\r\n\tfont-family: Open Sans !important;\r\n\t\r\n\t\t\tborder: 0px solid #e6e6e6 !important;\r\n\t\t\r\n\t}\r\n#tab_container_1251 .wpsm_nav-tabs {\r\n    border-bottom: 0px solid #ddd;\r\n}\r\n#tab_container_1251 .wpsm_nav-tabs > li.active > a, #tab_container_1251 .wpsm_nav-tabs > li.active > a:hover, #tab_container_1251 .wpsm_nav-tabs > li.active > a:focus {\r\n\tcolor: #000000 !important;\r\n\tcursor: default;\r\n\tbackground-color: #ffffff !important;\r\n\tborder: 1px solid #e6e6e6 !important;\r\n}\r\n\r\n#tab_container_1251 .wpsm_nav-tabs > li > a {\r\n    margin-right: 0px !important; \r\n    line-height: 1.42857143 !important;\r\n    border: 1px solid #d5d5d5 !important;\r\n    border-radius: 0px 0px 0 0 !important; \r\n\tbackground-color: #e8e8e8 !important;\r\n\tcolor: #000000 !important;\r\n\tpadding: 15px 18px 15px 18px !important;\r\n\ttext-decoration: none !important;\r\n\tfont-size: 14px !important;\r\n\ttext-align:center !important;\r\n\tfont-family: Open Sans !important;\r\n}\r\n#tab_container_1251 .wpsm_nav-tabs > li > a:focus {\r\noutline: 0px !important;\r\n}\r\n\r\n#tab_container_1251 .wpsm_nav-tabs > li > a:before {\r\n\tdisplay:none !important;\r\n}\r\n#tab_container_1251 .wpsm_nav-tabs > li > a:after {\r\n\tdisplay:none !important ;\r\n}\r\n#tab_container_1251 .wpsm_nav-tabs > li{\r\npadding:0px !important ;\r\nmargin:0px;\r\n}\r\n\r\n#tab_container_1251 .wpsm_nav-tabs > li > a:hover , #tab_container_1251 .wpsm_nav-tabs > li > a:focus {\r\n    color: #000000 !important;\r\n    background-color: #e8e8e8 !important;\r\n\tborder: 1px solid #d5d5d5 !important;\r\n\t\r\n}\r\n#tab_container_1251 .wpsm_nav-tabs > li > a .fa{\r\n\r\nmargin-right:5px !important;\r\n\r\nmargin-left:5px !important;\r\n\r\n\r\n}\r\n\r\n\t\t#tab_container_1251 .wpsm_nav-tabs a{\r\n\t\t\tbackground-image: none;\r\n\t\t\tbackground-position: 0 0;\r\n\t\t\tbackground-repeat: repeat-x;\r\n\t\t}\r\n\t\t\t\r\n\r\n\r\n#tab_container_1251 .wpsm_nav-tabs > li {\r\n    float: left;\r\n    margin-bottom: -1px !important;\r\n\tmargin-right:0px !important; \r\n}\r\n\r\n\r\n#tab_container_1251 .tab-content{\r\noverflow:hidden !important;\r\n}\r\n\r\n\r\n@media (min-width: 769px) {\r\n\r\n\t#tab_container_1251 .wpsm_nav-tabs > li{\r\n\t\tfloat:left !important ;\r\n\t\t\t\tmargin-right:-1px !important;\r\n\t\t\t\t\t}\r\n\t#tab_container_1251 .wpsm_nav-tabs{\r\n\t\tfloat:none !important;\r\n\t\tmargin:0px !important;\r\n\t}\r\n\r\n\t#tab_container_1251 .wpsm_nav-tabs > li {\r\n\t\t\t\t\r\n\t}\r\n\t#tab_container_1251 .wpsm_nav{\r\n\t\t\t}\r\n\r\n}\r\n\r\n\r\n\r\n@media (max-width: 768px) {\r\n\t#tab_container_1251 .wpsm_nav-tabs > li {\r\n\t\t\t\t\r\n\t}\r\n\t#tab_container_1251 .wpsm_nav{\r\n\t\t\t}\r\n}\r\n\r\n\r\n\t.wpsm_nav-tabs li:before{\r\n\t\tdisplay:none !important;\r\n\t}\r\n\r\n\t@media (max-width: 768px) {\r\n\t\t\t\t\r\n\t\t\t\t.wpsm_nav-tabs{\r\n\t\t\tmargin-left:0px !important;\r\n\t\t\tmargin-right:0px !important; \r\n\t\t\t\r\n\t\t}\r\n\t\t\t\t#tab_container_1251 .wpsm_nav-tabs > li{\r\n\t\t\tfloat:none !important;\r\n\t\t}\r\n\t\t\t\r\n\t}\t\t\t\t<\/style>\r\n\t\t\t\t<div id=\"tab_container_1251\" >\r\n\t \r\n\t\t\t\t\t<ul class=\"wpsm_nav wpsm_nav-tabs\" role=\"tablist\" id=\"myTab_1251\">\r\n\t\t\t\t\t\t\t\r\n\t\t\t\t\t\t\t<li role=\"presentation\"  class=\"active\"  onclick=\"do_resize()\">\r\n\t\t\t\t\t\t\t\t<a href=\"#tabs_desc_1251_1\" aria-controls=\"tabs_desc_1251_1\" role=\"tab\" data-toggle=\"tab\">\r\n\t\t\t\t\t\t\t\t\t\r\n\t\t\t\t\t\t\t\t\t\t\t\t\t\t\t\t\t\t\t\t\t\t\t\t\t\t\t\t\r\n\t\t\t\t\t\t\t\t\t\t\t\t\t\t\t\t\t\t\r\n\t\t\t\t\t\t\t\t\t<span>Srpski jezik<\/span>\r\n\t\t\t\t\t\t\t\t\t\r\n\t\t\t\t\t\t\t\t\t\t\t\t\t\t\t\t\t\t\r\n\t\t\t\t\t\t\t\t\t\t\t\t\t\t\t\t\t\t\t\t\r\n\t\t\t\t\t\t\t\t\t\r\n\t\t\t\t\t\t\t\t<\/a>\r\n\t\t\t\t\t\t\t<\/li>\r\n\t\t\t\t\t\t\t\r\n\t\t\t\t\t\t\t<li role=\"presentation\"  onclick=\"do_resize()\">\r\n\t\t\t\t\t\t\t\t<a href=\"#tabs_desc_1251_2\" aria-controls=\"tabs_desc_1251_2\" role=\"tab\" data-toggle=\"tab\">\r\n\t\t\t\t\t\t\t\t\t\r\n\t\t\t\t\t\t\t\t\t\t\t\t\t\t\t\t\t\t\t\t\t\t\t\t\t\t\t\t\r\n\t\t\t\t\t\t\t\t\t\t\t\t\t\t\t\t\t\t\r\n\t\t\t\t\t\t\t\t\t<span>Engleski jezik<\/span>\r\n\t\t\t\t\t\t\t\t\t\r\n\t\t\t\t\t\t\t\t\t\t\t\t\t\t\t\t\t\t\r\n\t\t\t\t\t\t\t\t\t\t\t\t\t\t\t\t\t\t\t\t\r\n\t\t\t\t\t\t\t\t\t\r\n\t\t\t\t\t\t\t\t<\/a>\r\n\t\t\t\t\t\t\t<\/li>\r\n\t\t\t\t\t\t\t\t\t\t\t <\/ul>\r\n\r\n\t\t\t\t\t  <!-- Tab panes -->\r\n\t\t\t\t\t  <div class=\"tab-content\" id=\"tab-content_1251\">\r\n\t\t\t\t\t\t\t\t\t\t\t\t <div role=\"tabpanel\" class=\"tab-pane  in active \" id=\"tabs_desc_1251_1\">\r\n\t\t\t\t\t\t\t\t<table width=\"100%\">\r\n<tbody>\r\n<tr>\r\n<td width=\"39%\">\r\n<p style=\"text-align: center;\"><strong>Naziv<\/strong><\/p>\r\n<\/td>\r\n<td width=\"37%\">\r\n<p style=\"text-align: center;\"><strong>Autor<\/strong><\/p>\r\n<\/td>\r\n<td width=\"23%\">\r\n<p style=\"text-align: center;\"><strong>Godina<\/strong><\/p>\r\n<\/td>\r\n<\/tr>\r\n<tr>\r\n<td width=\"39%\"><a href=\"http:\/\/www.unicef.rs\/wp-content\/uploads\/2017\/01\/Projektni-pristup-ucenju.pdf\">Kaleidoskop: Projektni pristup u\u010denju<\/a><\/td>\r\n<td width=\"37%\">\u017divka Krnjaja\r\n\r\nDragana Pavlovi\u0107 Breneselovi\u0107<\/td>\r\n<td width=\"23%\">2017<\/td>\r\n<\/tr>\r\n<tr>\r\n<td width=\"39%\"><a href=\"http:\/\/www.ipisr.org.rs\/Upload\/Dokumenta\/Strane\/Prirucnik%20za%20stampu%20B5%20FINALNA%20VERZIJA.pdf\">Pedago\u0161ki pristup Trolist: podsticaj za saradnju, stvarala\u0161tvo i inicijativu<\/a>\r\n\r\n<a href=\"http:\/\/www.ipisr.org.rs\/Upload\/Dokumenta\/Strane\/Prirucnik%20za%20stampu%20B5%20FINALNA%20VERZIJA.pdf\">- priru\u010dnik za \u0161kole<\/a><\/td>\r\n<td width=\"37%\">Urednici: \u00a0Jasmina \u0160efer, Dejan Stankovi\u0107,\r\n\r\nIvana \u0110eri\u0107 i Vladimir D\u017einovi\u0107<\/td>\r\n<td width=\"23%\">2015<\/td>\r\n<\/tr>\r\n<tr>\r\n<td width=\"39%\"><a href=\"http:\/\/147.91.75.9\/manage\/shares\/Quality_of_education\/Identitet%20profesije%20pedagog%20u%20savremenom%20obrazovanju.pdf\">Identitet profesije pedagog u savremenom obrazovanju<\/a><\/td>\r\n<td width=\"37%\">Urednici:\r\n\r\nNata\u0161a Matovi\u0107, Vera Spasenovi\u0107, Radovan Antonijevi\u0107<\/td>\r\n<td width=\"23%\">2014<\/td>\r\n<\/tr>\r\n<tr>\r\n<td width=\"39%\"><a href=\"http:\/\/147.91.75.9\/manage\/shares\/Quality_of_education\/Pedagog%20izmedju%20teorije%20i%20prakse.pdf\">Pedagog izme\u0111u teorije i prakse \u2013 zbornik radova<\/a><\/td>\r\n<td width=\"37%\">Urednici: \u017divka Krnjaja, Dragana Pavlovi\u0107 Breneselovi\u0107, Katarina Popovi\u0107<\/td>\r\n<td width=\"23%\">2013<\/td>\r\n<\/tr>\r\n<tr>\r\n<td width=\"39%\"><a href=\"http:\/\/www.ipisr.org.rs\/Upload\/Dokumenta\/Strane\/SIS%203%20electronic%20version.pdf\">Stvarala\u0161tvo, inicijativa i saradnja u nastavnim predmetima<\/a><\/td>\r\n<td width=\"37%\">Urednice: \u0110ur\u0111ica Komlenovi\u0107, Jasmina \u0160efer<\/td>\r\n<td width=\"23%\">2013<\/td>\r\n<\/tr>\r\n<tr>\r\n<td width=\"39%\"><a href=\"http:\/\/www.ipisr.org.rs\/Upload\/Dokumenta\/Strane\/SIS%201.pdf\">Stvarala\u0161tvo, inicijativa i saradnja: Novi pristup obrazovanju I deo<\/a><\/td>\r\n<td width=\"37%\">Urednice: Jasmina \u0160efer, Slavica \u0160evku\u0161i\u0107<\/td>\r\n<td width=\"23%\">2012<\/td>\r\n<\/tr>\r\n<tr>\r\n<td width=\"39%\"><a href=\"http:\/\/www.ipisr.org.rs\/Upload\/Dokumenta\/Strane\/SIS%202.pdf\">Stvarala\u0161tvo, inicijativa i saradnja: Implikacije za obrazovnu praksu, II deo<\/a><\/td>\r\n<td width=\"37%\">Urednice: Jasmina \u0160efer, Jelena Radi\u0161i\u0107<\/td>\r\n<td width=\"23%\">2012<\/td>\r\n<\/tr>\r\n<tr>\r\n<td width=\"39%\"><a href=\"http:\/\/socijalnoukljucivanje.gov.rs\/wp-content\/uploads\/2014\/08\/strategija_karijerno_vodjenje_savetovanje0227_cyr.doc\">Strategija karijernog vo\u0111enja i savetovanja u Republici Srbiji<\/a><\/td>\r\n<td width=\"37%\">Vlada Republike Srbije<\/td>\r\n<td width=\"23%\">2010<\/td>\r\n<\/tr>\r\n<\/tbody>\r\n<\/table>\t\t\t\t\t\t <\/div>\r\n\t\t\t\t\t\t\t\t\t\t\t\t <div role=\"tabpanel\" class=\"tab-pane \" id=\"tabs_desc_1251_2\">\r\n\t\t\t\t\t\t\t\t<table width=\"100%\">\r\n<tbody>\r\n<tr>\r\n<td width=\"39%\">\r\n<p style=\"text-align: center;\"><strong>Naziv<\/strong><\/p>\r\n<\/td>\r\n<td style=\"text-align: center;\" width=\"37%\"><strong>Autor<\/strong><\/td>\r\n<td width=\"23%\">\r\n<p style=\"text-align: center;\"><strong>Godina<\/strong><\/p>\r\n<\/td>\r\n<\/tr>\r\n<tr>\r\n<td width=\"39%\"><a href=\"http:\/\/www.oecd-ilibrary.org\/docserver\/download\/5jlwm62b3bvh-en.pdf?expires=1510574537&amp;id=id&amp;accname=guest&amp;checksum=A23C7D4E00B28770380157C9E622BEFC\">What Makes a School a Learning Organisation?<\/a><\/td>\r\n<td width=\"37%\">Marco Kools, Louise Stoll<\/td>\r\n<td width=\"23%\">2016<\/td>\r\n<\/tr>\r\n<tr>\r\n<td width=\"39%\"><a href=\"http:\/\/www.earlychildhoodleadership.com.au\/dloads\/rsc\/professional%20communities%20Hord2009.pdf\">Professional learning community<\/a><\/td>\r\n<td width=\"37%\">Shirley M. Hord<\/td>\r\n<td width=\"23%\">2009<\/td>\r\n<\/tr>\r\n<tr>\r\n<td width=\"39%\"><a href=\"http:\/\/teach.oetc.org\/files\/archives\/ProfLrngCom_0.pdf\">What Is a \u201cProfessional Learning Community\u201d?<\/a><\/td>\r\n<td width=\"37%\">Richard DuFour<\/td>\r\n<td width=\"23%\">2004<\/td>\r\n<\/tr>\r\n<tr>\r\n<td width=\"39%\"><a href=\"http:\/\/files.eric.ed.gov\/fulltext\/ED482827.pdf\">Leading for Learning: Reflective Tools for School and District Leaders. CTP Research Report.<\/a><\/td>\r\n<td width=\"37%\">MS Knapp, MA Copland, JE Talbert<\/td>\r\n<td width=\"23%\">2003<\/td>\r\n<\/tr>\r\n<tr>\r\n<td width=\"39%\"><a href=\"http:\/\/files.eric.ed.gov\/fulltext\/ED482827.pdf\">Leading for Learning: Reflective Tools for School and District Leaders. CTP Research Report.<\/a><\/td>\r\n<td width=\"37%\">MS Knapp, MA Copland, JE Talbert<\/td>\r\n<td width=\"23%\">2003<\/td>\r\n<\/tr>\r\n<tr>\r\n<td width=\"39%\"><a href=\"http:\/\/xa.yimg.com\/kq\/groups\/23061093\/55048957\/name\/ATT00010.pdf\">A dynamic theory of organizational knowledge creation<\/a><\/td>\r\n<td width=\"37%\">Ikujiro Nonaka<\/td>\r\n<td width=\"23%\">1994<\/td>\r\n<\/tr>\r\n<\/tbody>\r\n<\/table>\t\t\t\t\t\t <\/div>\r\n\t\t\t\t\t\t\t\r\n\t\t\t\t\t <\/div>\r\n\t\t\t\t\t \r\n\t\t\t\t <\/div>\r\n <script>\r\n\t\tjQuery(function () {\r\n\t\t\tjQuery('#myTab_1251 a:first').tab('show')\r\n\t\t});\r\n\t\t\r\n\t\t\t\tjQuery(function(){\r\n\t\t\tvar b=\"fadeIn\";\r\n\t\t\tvar c;\r\n\t\t\tvar a;\r\n\t\t\td(jQuery(\"#myTab_1251 a\"),jQuery(\"#tab-content_1251\"));function d(e,f,g){\r\n\t\t\t\te.click(function(i){\r\n\t\t\t\t\ti.preventDefault();\r\n\t\t\t\t\tjQuery(this).tab(\"show\");\r\n\t\t\t\t\tvar h=jQuery(this).data(\"easein\");\r\n\t\t\t\t\tif(c){c.removeClass(a);}\r\n\t\t\t\t\tif(h){f.find(\"div.active\").addClass(\"animated \"+h);a=h;}\r\n\t\t\t\t\telse{if(g){f.find(\"div.active\").addClass(\"animated \"+g);a=g;}else{f.find(\"div.active\").addClass(\"animated \"+b);a=b;}}c=f.find(\"div.active\");\r\n\t\t\t\t});\r\n\t\t\t}\r\n\t\t});\r\n\t\t\r\n\r\n\t\tfunction do_resize(){\r\n\r\n\t\t\tvar width=jQuery( '.tab-content .tab-pane iframe' ).width();\r\n\t\t\tvar height=jQuery( '.tab-content .tab-pane iframe' ).height();\r\n\r\n\t\t\tvar toggleSize = true;\r\n\t\t\tjQuery('iframe').animate({\r\n\t\t\t    width: toggleSize ? width : 640,\r\n\t\t\t    height: toggleSize ? height : 360\r\n\t\t\t  }, 250);\r\n\r\n\t\t\t  toggleSize = !toggleSize;\r\n\t\t}\r\n\r\n\r\n\t<\/script>\r\n\t\t\t\t\r\n\t\t\t\n","protected":false},"excerpt":{"rendered":"<p>Razvoj kulture u\u010denja Opis standarda (direktori osnovnih i srednjih \u0161kola): Direktor razvija i promovi\u0161e vrednosti u\u010denja i razvija \u0161kolu kao zajednicu celo\u017eivotnog u\u010denja. &nbsp; Razvoj kulture vaspitno-obrazovnog rada Opis standarda (direktori pred\u0161kolskih ustanova): Direktor razvija i promovi\u0161e vrednosti vaspitanja i obrazovanja i pred\u0161kolsku ustanovu kao zajednicu celo\u017eivotnog u\u010denja. &nbsp;<\/p>\n","protected":false},"author":1,"featured_media":0,"parent":0,"menu_order":0,"comment_status":"closed","ping_status":"closed","template":"","meta":{"_bbp_topic_count":0,"_bbp_reply_count":0,"_bbp_total_topic_count":0,"_bbp_total_reply_count":0,"_bbp_voice_count":0,"_bbp_anonymous_reply_count":0,"_bbp_topic_count_hidden":0,"_bbp_reply_count_hidden":0,"_bbp_forum_subforum_count":0,"footnotes":""},"class_list":["post-980","page","type-page","status-publish","hentry"],"_links":{"self":[{"href":"http:\/\/edlead.pefja.kg.ac.rs\/resurs\/wp-json\/wp\/v2\/pages\/980","targetHints":{"allow":["GET"]}}],"collection":[{"href":"http:\/\/edlead.pefja.kg.ac.rs\/resurs\/wp-json\/wp\/v2\/pages"}],"about":[{"href":"http:\/\/edlead.pefja.kg.ac.rs\/resurs\/wp-json\/wp\/v2\/types\/page"}],"author":[{"embeddable":true,"href":"http:\/\/edlead.pefja.kg.ac.rs\/resurs\/wp-json\/wp\/v2\/users\/1"}],"replies":[{"embeddable":true,"href":"http:\/\/edlead.pefja.kg.ac.rs\/resurs\/wp-json\/wp\/v2\/comments?post=980"}],"version-history":[{"count":25,"href":"http:\/\/edlead.pefja.kg.ac.rs\/resurs\/wp-json\/wp\/v2\/pages\/980\/revisions"}],"predecessor-version":[{"id":1426,"href":"http:\/\/edlead.pefja.kg.ac.rs\/resurs\/wp-json\/wp\/v2\/pages\/980\/revisions\/1426"}],"wp:attachment":[{"href":"http:\/\/edlead.pefja.kg.ac.rs\/resurs\/wp-json\/wp\/v2\/media?parent=980"}],"curies":[{"name":"wp","href":"https:\/\/api.w.org\/{rel}","templated":true}]}}