{"id":982,"date":"2017-11-14T23:02:24","date_gmt":"2017-11-14T22:02:24","guid":{"rendered":"https:\/\/resurs.edlead.edu.rs\/?page_id=982"},"modified":"2017-11-16T11:27:41","modified_gmt":"2017-11-16T10:27:41","slug":"stvaranje-zdravih-i-bezbednih-uslova-za-ucenje-i-razvoj","status":"publish","type":"page","link":"http:\/\/edlead.pefja.kg.ac.rs\/resurs\/stvaranje-zdravih-i-bezbednih-uslova-za-ucenje-i-razvoj\/","title":{"rendered":"Stvaranje zdravih i bezbednih uslova za u\u010denje i razvoj"},"content":{"rendered":"<p><strong>Stvaranje zdravih i bezbednih uslova za u\u010denje i razvoj u\u010denika<\/strong><\/p>\n<p>Opis standarda (direktori osnovnih i srednjih \u0161kola): Direktor stvara bezbedno radno i zdravo okru\u017eenje u kome u\u010denici mogu kvalitetno da u\u010de i da se razvijaju.<\/p>\n<p>&nbsp;<\/p>\n<p><strong>Stvaranje zdravih i bezbednih uslova za u\u010denje i razvoj deteta<\/strong><\/p>\n<p>Opis standarda (direktori pred\u0161kolskih ustanova): Direktor stvara bezbedno i zdravo radno okru\u017eenje u kome dete mo\u017ee da se kvalitetno razvija i u\u010di<\/p>\n<p>&nbsp;<\/p>\n\t\t\t\t\t\t<style>\r\n\t\t\t\t\r\n\t\t\t\t\t#tab_container_1260 {\r\n\toverflow:hidden;\r\n\tdisplay:block;\r\n\twidth:100%;\r\n\tborder:0px solid #ddd;\r\n\tmargin-bottom:30px;\r\n\t}\r\n\r\n#tab_container_1260 .tab-content{\r\n\tpadding:20px;\r\n\tborder: 1px solid #e6e6e6 !important;\r\n\tmargin-top: 0px;\r\n\tbackground-color:#ffffff !important;\r\n\tcolor: #000000 !important;\r\n\tfont-size:16px !important;\r\n\tfont-family: Open Sans !important;\r\n\t\r\n\t\t\tborder: 0px solid #e6e6e6 !important;\r\n\t\t\r\n\t}\r\n#tab_container_1260 .wpsm_nav-tabs {\r\n    border-bottom: 0px solid #ddd;\r\n}\r\n#tab_container_1260 .wpsm_nav-tabs > li.active > a, #tab_container_1260 .wpsm_nav-tabs > li.active > a:hover, #tab_container_1260 .wpsm_nav-tabs > li.active > a:focus {\r\n\tcolor: #000000 !important;\r\n\tcursor: default;\r\n\tbackground-color: #ffffff !important;\r\n\tborder: 1px solid #e6e6e6 !important;\r\n}\r\n\r\n#tab_container_1260 .wpsm_nav-tabs > li > a {\r\n    margin-right: 0px !important; \r\n    line-height: 1.42857143 !important;\r\n    border: 1px solid #d5d5d5 !important;\r\n    border-radius: 0px 0px 0 0 !important; \r\n\tbackground-color: #e8e8e8 !important;\r\n\tcolor: #000000 !important;\r\n\tpadding: 15px 18px 15px 18px !important;\r\n\ttext-decoration: none !important;\r\n\tfont-size: 14px !important;\r\n\ttext-align:center !important;\r\n\tfont-family: Open Sans !important;\r\n}\r\n#tab_container_1260 .wpsm_nav-tabs > li > a:focus {\r\noutline: 0px !important;\r\n}\r\n\r\n#tab_container_1260 .wpsm_nav-tabs > li > a:before {\r\n\tdisplay:none !important;\r\n}\r\n#tab_container_1260 .wpsm_nav-tabs > li > a:after {\r\n\tdisplay:none !important ;\r\n}\r\n#tab_container_1260 .wpsm_nav-tabs > li{\r\npadding:0px !important ;\r\nmargin:0px;\r\n}\r\n\r\n#tab_container_1260 .wpsm_nav-tabs > li > a:hover , #tab_container_1260 .wpsm_nav-tabs > li > a:focus {\r\n    color: #000000 !important;\r\n    background-color: #e8e8e8 !important;\r\n\tborder: 1px solid #d5d5d5 !important;\r\n\t\r\n}\r\n#tab_container_1260 .wpsm_nav-tabs > li > a .fa{\r\n\r\nmargin-right:5px !important;\r\n\r\nmargin-left:5px !important;\r\n\r\n\r\n}\r\n\r\n\t\t#tab_container_1260 .wpsm_nav-tabs a{\r\n\t\t\tbackground-image: none;\r\n\t\t\tbackground-position: 0 0;\r\n\t\t\tbackground-repeat: repeat-x;\r\n\t\t}\r\n\t\t\t\r\n\r\n\r\n#tab_container_1260 .wpsm_nav-tabs > li {\r\n    float: left;\r\n    margin-bottom: -1px !important;\r\n\tmargin-right:0px !important; \r\n}\r\n\r\n\r\n#tab_container_1260 .tab-content{\r\noverflow:hidden !important;\r\n}\r\n\r\n\r\n@media (min-width: 769px) {\r\n\r\n\t#tab_container_1260 .wpsm_nav-tabs > li{\r\n\t\tfloat:left !important ;\r\n\t\t\t\tmargin-right:-1px !important;\r\n\t\t\t\t\t}\r\n\t#tab_container_1260 .wpsm_nav-tabs{\r\n\t\tfloat:none !important;\r\n\t\tmargin:0px !important;\r\n\t}\r\n\r\n\t#tab_container_1260 .wpsm_nav-tabs > li {\r\n\t\t\t\t\r\n\t}\r\n\t#tab_container_1260 .wpsm_nav{\r\n\t\t\t}\r\n\r\n}\r\n\r\n\r\n\r\n@media (max-width: 768px) {\r\n\t#tab_container_1260 .wpsm_nav-tabs > li {\r\n\t\t\t\t\r\n\t}\r\n\t#tab_container_1260 .wpsm_nav{\r\n\t\t\t}\r\n}\r\n\r\n\r\n\t.wpsm_nav-tabs li:before{\r\n\t\tdisplay:none !important;\r\n\t}\r\n\r\n\t@media (max-width: 768px) {\r\n\t\t\t\t\r\n\t\t\t\t.wpsm_nav-tabs{\r\n\t\t\tmargin-left:0px !important;\r\n\t\t\tmargin-right:0px !important; \r\n\t\t\t\r\n\t\t}\r\n\t\t\t\t#tab_container_1260 .wpsm_nav-tabs > li{\r\n\t\t\tfloat:none !important;\r\n\t\t}\r\n\t\t\t\r\n\t}\t\t\t\t<\/style>\r\n\t\t\t\t<div id=\"tab_container_1260\" >\r\n\t \r\n\t\t\t\t\t<ul class=\"wpsm_nav wpsm_nav-tabs\" role=\"tablist\" id=\"myTab_1260\">\r\n\t\t\t\t\t\t\t\r\n\t\t\t\t\t\t\t<li role=\"presentation\"  class=\"active\"  onclick=\"do_resize()\">\r\n\t\t\t\t\t\t\t\t<a href=\"#tabs_desc_1260_1\" aria-controls=\"tabs_desc_1260_1\" role=\"tab\" data-toggle=\"tab\">\r\n\t\t\t\t\t\t\t\t\t\r\n\t\t\t\t\t\t\t\t\t\t\t\t\t\t\t\t\t\t\t\t\t\t\t\t\t\t\t\t\r\n\t\t\t\t\t\t\t\t\t\t\t\t\t\t\t\t\t\t\r\n\t\t\t\t\t\t\t\t\t<span>Srpski jezik<\/span>\r\n\t\t\t\t\t\t\t\t\t\r\n\t\t\t\t\t\t\t\t\t\t\t\t\t\t\t\t\t\t\r\n\t\t\t\t\t\t\t\t\t\t\t\t\t\t\t\t\t\t\t\t\r\n\t\t\t\t\t\t\t\t\t\r\n\t\t\t\t\t\t\t\t<\/a>\r\n\t\t\t\t\t\t\t<\/li>\r\n\t\t\t\t\t\t\t\r\n\t\t\t\t\t\t\t<li role=\"presentation\"  onclick=\"do_resize()\">\r\n\t\t\t\t\t\t\t\t<a href=\"#tabs_desc_1260_2\" aria-controls=\"tabs_desc_1260_2\" role=\"tab\" data-toggle=\"tab\">\r\n\t\t\t\t\t\t\t\t\t\r\n\t\t\t\t\t\t\t\t\t\t\t\t\t\t\t\t\t\t\t\t\t\t\t\t\t\t\t\t\r\n\t\t\t\t\t\t\t\t\t\t\t\t\t\t\t\t\t\t\r\n\t\t\t\t\t\t\t\t\t<span>Engleski jezik<\/span>\r\n\t\t\t\t\t\t\t\t\t\r\n\t\t\t\t\t\t\t\t\t\t\t\t\t\t\t\t\t\t\r\n\t\t\t\t\t\t\t\t\t\t\t\t\t\t\t\t\t\t\t\t\r\n\t\t\t\t\t\t\t\t\t\r\n\t\t\t\t\t\t\t\t<\/a>\r\n\t\t\t\t\t\t\t<\/li>\r\n\t\t\t\t\t\t\t\t\t\t\t <\/ul>\r\n\r\n\t\t\t\t\t  <!-- Tab panes -->\r\n\t\t\t\t\t  <div class=\"tab-content\" id=\"tab-content_1260\">\r\n\t\t\t\t\t\t\t\t\t\t\t\t <div role=\"tabpanel\" class=\"tab-pane  in active \" id=\"tabs_desc_1260_1\">\r\n\t\t\t\t\t\t\t\t<table width=\"100%\">\r\n<tbody>\r\n<tr>\r\n<td width=\"46%\">\r\n<p style=\"text-align: center;\"><strong>Naziv<\/strong><\/p>\r\n<\/td>\r\n<td style=\"text-align: center;\" width=\"33%\"><strong>Autor<\/strong><\/td>\r\n<td width=\"19%\">\r\n<p style=\"text-align: center;\"><strong>Godina<\/strong><\/p>\r\n<\/td>\r\n<\/tr>\r\n<tr>\r\n<td width=\"46%\"><a href=\"http:\/\/socijalnoukljucivanje.gov.rs\/wp-content\/uploads\/2017\/09\/Nasilje_prema_deci_u_Srbiji_Nacionalni_izvestaj.pdf\">Nasilje prema deci u Srbiji: determinante, faktori i intervencije \u2013 Nacionalni izve\u0161taj<\/a><\/td>\r\n<td width=\"33%\">UNICEF<\/td>\r\n<td width=\"19%\">2017<\/td>\r\n<\/tr>\r\n<tr>\r\n<td width=\"46%\"><a href=\"http:\/\/socijalnoukljucivanje.gov.rs\/wp-content\/uploads\/2017\/09\/Nasilje_prema_deci_u_Srbiji_Pregled_nalaza.pdf\">Nasilje prema deci u Srbiji: determinante, faktori i intervencije \u2013 Pregled nalaza<\/a><\/td>\r\n<td width=\"33%\">UNICEF<\/td>\r\n<td width=\"19%\">2017<\/td>\r\n<\/tr>\r\n<tr>\r\n<td width=\"46%\"><a href=\"http:\/\/www.unicef.rs\/wp-content\/uploads\/2016\/09\/KakoDaPobedisPredatoraNaInternetu.pdf\">Kako da pobedi\u0161<\/a>\r\n\r\n<a href=\"http:\/\/www.unicef.rs\/wp-content\/uploads\/2016\/09\/KakoDaPobedisPredatoraNaInternetu.pdf\">Predatora na internetu<\/a>\r\n\r\n<a href=\"http:\/\/www.unicef.rs\/wp-content\/uploads\/2016\/09\/KakoDaPobedisPredatoraNaInternetu.pdf\">U samo 10 koraka<\/a><\/td>\r\n<td width=\"33%\">Vi\u0161e organizacija<\/td>\r\n<td width=\"19%\">2016<\/td>\r\n<\/tr>\r\n<tr>\r\n<td width=\"46%\"><a href=\"http:\/\/www.unicef.rs\/wp-content\/uploads\/2016\/09\/RoditeljiProtivPredatoraNaInternetu.pdf\">Roditelji protiv<\/a>\r\n\r\n<a href=\"http:\/\/www.unicef.rs\/wp-content\/uploads\/2016\/09\/RoditeljiProtivPredatoraNaInternetu.pdf\">Predatora na internetu<\/a>\r\n\r\n<a href=\"http:\/\/www.unicef.rs\/wp-content\/uploads\/2016\/09\/RoditeljiProtivPredatoraNaInternetu.pdf\">10 prakti\u010dnih saveta<\/a><\/td>\r\n<td width=\"33%\">Vi\u0161e organizacija<\/td>\r\n<td width=\"19%\">2016<\/td>\r\n<\/tr>\r\n<tr>\r\n<td width=\"46%\"><a href=\"http:\/\/www.unicef.rs\/wp-content\/uploads\/2016\/09\/Digitalno_nasilje_-_Prevencija_i_reagovanje.pdf\">Digitalno nasilje \u2013 prevencija i reagovanje<\/a><\/td>\r\n<td width=\"33%\">Dobrinka Kuzmanovi\u0107, Biljana Lajovi\u0107, Smiljana Gruji\u0107 i\r\n\r\nGordana Medenica<\/td>\r\n<td width=\"19%\">2016<\/td>\r\n<\/tr>\r\n<tr>\r\n<td width=\"46%\"><a href=\"http:\/\/www.unicef.rs\/wp-content\/uploads\/2016\/09\/Istrazivanje_rodno_zasnovanog_nasilja_u_skolama_u_Srbiji.pdf\">Istra\u017eivanje rodno zasnovanog nasilja u \u0161kolama u Srbiji<\/a><\/td>\r\n<td width=\"33%\">Jelena \u0106eriman,\r\n\r\nNa\u0111a Duha\u010dek,\r\n\r\nKsenija Peri\u0161i\u0107.\r\n\r\nMarina Bogdanovi\u0107, Da\u0161a Duha\u010dek<\/td>\r\n<td width=\"19%\">2015<\/td>\r\n<\/tr>\r\n<tr>\r\n<td width=\"46%\"><a href=\"http:\/\/www.unicef.rs\/wp-content\/uploads\/2016\/09\/Prirucnik_za_prevenciju_RZN_za_web.pdf\">Priru\u010dnik za prevenciju rodno zasnovanog nasilja<\/a><\/td>\r\n<td width=\"33%\">Smiljana Gruji\u0107<\/td>\r\n<td width=\"19%\">2015<\/td>\r\n<\/tr>\r\n<tr>\r\n<td width=\"46%\"><a href=\"http:\/\/www.unicef.rs\/wp-content\/uploads\/2016\/09\/Nasilje_u_skolama_Srbije_web_24.3.2015.pdf\">Nasilje u \u0161kolama Srbije: Analiza stanja od 2006. do 2013. godine<\/a><\/td>\r\n<td width=\"33%\">Dragan Popadi\u0107 Dijana Plut Zoran Pavlovi\u0107<\/td>\r\n<td width=\"19%\">2014<\/td>\r\n<\/tr>\r\n<tr>\r\n<td width=\"46%\"><a href=\"http:\/\/www.unicef.rs\/wp-content\/uploads\/2016\/09\/Zabava_bez_povreda2.pdf\">Zabava bez povreda<\/a><\/td>\r\n<td width=\"33%\">UNICEF<\/td>\r\n<td width=\"19%\">2010<\/td>\r\n<\/tr>\r\n<\/tbody>\r\n<\/table>\t\t\t\t\t\t <\/div>\r\n\t\t\t\t\t\t\t\t\t\t\t\t <div role=\"tabpanel\" class=\"tab-pane \" id=\"tabs_desc_1260_2\">\r\n\t\t\t\t\t\t\t\t<table width=\"100%\">\r\n<tbody>\r\n<tr>\r\n<td width=\"46%\">\r\n<p style=\"text-align: center;\"><strong>Naziv<\/strong><\/p>\r\n<\/td>\r\n<td style=\"text-align: center;\" width=\"33%\"><strong>Autor<\/strong><\/td>\r\n<td width=\"19%\">\r\n<p style=\"text-align: center;\"><strong>Godina<\/strong><\/p>\r\n<\/td>\r\n<\/tr>\r\n<tr>\r\n<td width=\"46%\"><a href=\"http:\/\/unesdoc.unesco.org\/images\/0024\/002469\/246984e.pdf\">Let's decide how to measure school violence<\/a><\/td>\r\n<td width=\"33%\">UNESCO<\/td>\r\n<td width=\"19%\">2017<\/td>\r\n<\/tr>\r\n<tr>\r\n<td width=\"46%\"><a href=\"http:\/\/unesdoc.unesco.org\/images\/0024\/002466\/246651e.pdf\">Global guidance on addressing school-related gender-based violence<\/a><\/td>\r\n<td width=\"33%\">UNESCO<\/td>\r\n<td width=\"19%\">2016<\/td>\r\n<\/tr>\r\n<tr>\r\n<td width=\"46%\"><a href=\"http:\/\/unesdoc.unesco.org\/images\/0024\/002447\/244756e.pdf\">Out in the open: education sector responses to violence based on sexual orientation and gender identity\/expression<\/a><\/td>\r\n<td width=\"33%\">UNESCO<\/td>\r\n<td width=\"19%\">2016<\/td>\r\n<\/tr>\r\n<tr>\r\n<td width=\"46%\"><a href=\"http:\/\/unesdoc.unesco.org\/images\/0024\/002432\/243252e.pdf\">Connect with respect: preventing gender-based violence in schools; classroom programme for students in early secondary school (ages 11-14)<\/a><\/td>\r\n<td width=\"33%\">UNESCO<\/td>\r\n<td width=\"19%\">2016<\/td>\r\n<\/tr>\r\n<tr>\r\n<td width=\"46%\"><a href=\"http:\/\/youthjusticenc.org\/download\/education-justice\/prevention-intervention-alternatives\/Preventing%20and%20Producing%20Violence:%20A%20Critical%20Analysis%20of%20Responses%20to%20School%20Violence.pdf\">Preventing and producing violence: A critical analysis of responses to school violence<\/a><\/td>\r\n<td width=\"33%\">Pedro A. Noguera<\/td>\r\n<td width=\"19%\">1995<\/td>\r\n<\/tr>\r\n<\/tbody>\r\n<\/table>\t\t\t\t\t\t <\/div>\r\n\t\t\t\t\t\t\t\r\n\t\t\t\t\t <\/div>\r\n\t\t\t\t\t \r\n\t\t\t\t <\/div>\r\n <script>\r\n\t\tjQuery(function () {\r\n\t\t\tjQuery('#myTab_1260 a:first').tab('show')\r\n\t\t});\r\n\t\t\r\n\t\t\t\tjQuery(function(){\r\n\t\t\tvar b=\"fadeIn\";\r\n\t\t\tvar c;\r\n\t\t\tvar a;\r\n\t\t\td(jQuery(\"#myTab_1260 a\"),jQuery(\"#tab-content_1260\"));function d(e,f,g){\r\n\t\t\t\te.click(function(i){\r\n\t\t\t\t\ti.preventDefault();\r\n\t\t\t\t\tjQuery(this).tab(\"show\");\r\n\t\t\t\t\tvar h=jQuery(this).data(\"easein\");\r\n\t\t\t\t\tif(c){c.removeClass(a);}\r\n\t\t\t\t\tif(h){f.find(\"div.active\").addClass(\"animated \"+h);a=h;}\r\n\t\t\t\t\telse{if(g){f.find(\"div.active\").addClass(\"animated \"+g);a=g;}else{f.find(\"div.active\").addClass(\"animated \"+b);a=b;}}c=f.find(\"div.active\");\r\n\t\t\t\t});\r\n\t\t\t}\r\n\t\t});\r\n\t\t\r\n\r\n\t\tfunction do_resize(){\r\n\r\n\t\t\tvar width=jQuery( '.tab-content .tab-pane iframe' ).width();\r\n\t\t\tvar height=jQuery( '.tab-content .tab-pane iframe' ).height();\r\n\r\n\t\t\tvar toggleSize = true;\r\n\t\t\tjQuery('iframe').animate({\r\n\t\t\t    width: toggleSize ? width : 640,\r\n\t\t\t    height: toggleSize ? height : 360\r\n\t\t\t  }, 250);\r\n\r\n\t\t\t  toggleSize = !toggleSize;\r\n\t\t}\r\n\r\n\r\n\t<\/script>\r\n\t\t\t\t\r\n\t\t\t\n","protected":false},"excerpt":{"rendered":"<p>Stvaranje zdravih i bezbednih uslova za u\u010denje i razvoj u\u010denika Opis standarda (direktori osnovnih i srednjih \u0161kola): Direktor stvara bezbedno radno i zdravo okru\u017eenje u kome u\u010denici mogu kvalitetno da u\u010de i da se razvijaju. &nbsp; Stvaranje zdravih i bezbednih uslova za u\u010denje i razvoj deteta Opis standarda (direktori pred\u0161kolskih ustanova): Direktor stvara bezbedno i zdravo radno okru\u017eenje u kome<\/p>\n","protected":false},"author":1,"featured_media":0,"parent":0,"menu_order":0,"comment_status":"closed","ping_status":"closed","template":"","meta":{"_bbp_topic_count":0,"_bbp_reply_count":0,"_bbp_total_topic_count":0,"_bbp_total_reply_count":0,"_bbp_voice_count":0,"_bbp_anonymous_reply_count":0,"_bbp_topic_count_hidden":0,"_bbp_reply_count_hidden":0,"_bbp_forum_subforum_count":0,"footnotes":""},"class_list":["post-982","page","type-page","status-publish","hentry"],"_links":{"self":[{"href":"http:\/\/edlead.pefja.kg.ac.rs\/resurs\/wp-json\/wp\/v2\/pages\/982","targetHints":{"allow":["GET"]}}],"collection":[{"href":"http:\/\/edlead.pefja.kg.ac.rs\/resurs\/wp-json\/wp\/v2\/pages"}],"about":[{"href":"http:\/\/edlead.pefja.kg.ac.rs\/resurs\/wp-json\/wp\/v2\/types\/page"}],"author":[{"embeddable":true,"href":"http:\/\/edlead.pefja.kg.ac.rs\/resurs\/wp-json\/wp\/v2\/users\/1"}],"replies":[{"embeddable":true,"href":"http:\/\/edlead.pefja.kg.ac.rs\/resurs\/wp-json\/wp\/v2\/comments?post=982"}],"version-history":[{"count":6,"href":"http:\/\/edlead.pefja.kg.ac.rs\/resurs\/wp-json\/wp\/v2\/pages\/982\/revisions"}],"predecessor-version":[{"id":1427,"href":"http:\/\/edlead.pefja.kg.ac.rs\/resurs\/wp-json\/wp\/v2\/pages\/982\/revisions\/1427"}],"wp:attachment":[{"href":"http:\/\/edlead.pefja.kg.ac.rs\/resurs\/wp-json\/wp\/v2\/media?parent=982"}],"curies":[{"name":"wp","href":"https:\/\/api.w.org\/{rel}","templated":true}]}}