{"id":984,"date":"2017-11-14T23:02:31","date_gmt":"2017-11-14T22:02:31","guid":{"rendered":"https:\/\/resurs.edlead.edu.rs\/?page_id=984"},"modified":"2017-11-16T11:28:07","modified_gmt":"2017-11-16T10:28:07","slug":"razvoj-i-osiguranje-kvaliteta-nastavnog-i-vaspitnog-procesa","status":"publish","type":"page","link":"http:\/\/edlead.pefja.kg.ac.rs\/resurs\/razvoj-i-osiguranje-kvaliteta-nastavnog-i-vaspitnog-procesa\/","title":{"rendered":"Razvoj i osiguranje kvaliteta nastavnog i vaspitnog procesa"},"content":{"rendered":"<p><strong>Razvoj i osiguranje kvaliteta nastavnog i vaspitnog procesa u \u0161koli<\/strong><\/p>\n<p>Opis standarda (direktori osnovnih i srednjih \u0161kola): Direktor obezbe\u0111uje i unapre\u0111uje kvalitet nastavnog i vaspitnog procesa.<\/p>\n<p>&nbsp;<\/p>\n<p><strong>Razvoj i obezbe\u0111ivanje kvaliteta vaspitno-obrazovnog procesa u pred\u0161kolskoj ustanovi<\/strong><\/p>\n<p>Opis standarda (direktori pred\u0161kolskih ustanova): Direktor obezbe\u0111uje i unapre\u0111uje kvalitet vaspitno-obrazovnog procesa.<\/p>\n<p>&nbsp;<\/p>\n\t\t\t\t\t\t<style>\r\n\t\t\t\t\r\n\t\t\t\t\t#tab_container_1266 {\r\n\toverflow:hidden;\r\n\tdisplay:block;\r\n\twidth:100%;\r\n\tborder:0px solid #ddd;\r\n\tmargin-bottom:30px;\r\n\t}\r\n\r\n#tab_container_1266 .tab-content{\r\n\tpadding:20px;\r\n\tborder: 1px solid #e6e6e6 !important;\r\n\tmargin-top: 0px;\r\n\tbackground-color:#ffffff !important;\r\n\tcolor: #000000 !important;\r\n\tfont-size:16px !important;\r\n\tfont-family: Open Sans !important;\r\n\t\r\n\t\t\tborder: 0px solid #e6e6e6 !important;\r\n\t\t\r\n\t}\r\n#tab_container_1266 .wpsm_nav-tabs {\r\n    border-bottom: 0px solid #ddd;\r\n}\r\n#tab_container_1266 .wpsm_nav-tabs > li.active > a, #tab_container_1266 .wpsm_nav-tabs > li.active > a:hover, #tab_container_1266 .wpsm_nav-tabs > li.active > a:focus {\r\n\tcolor: #000000 !important;\r\n\tcursor: default;\r\n\tbackground-color: #ffffff !important;\r\n\tborder: 1px solid #e6e6e6 !important;\r\n}\r\n\r\n#tab_container_1266 .wpsm_nav-tabs > li > a {\r\n    margin-right: 0px !important; \r\n    line-height: 1.42857143 !important;\r\n    border: 1px solid #d5d5d5 !important;\r\n    border-radius: 0px 0px 0 0 !important; \r\n\tbackground-color: #e8e8e8 !important;\r\n\tcolor: #000000 !important;\r\n\tpadding: 15px 18px 15px 18px !important;\r\n\ttext-decoration: none !important;\r\n\tfont-size: 14px !important;\r\n\ttext-align:center !important;\r\n\tfont-family: Open Sans !important;\r\n}\r\n#tab_container_1266 .wpsm_nav-tabs > li > a:focus {\r\noutline: 0px !important;\r\n}\r\n\r\n#tab_container_1266 .wpsm_nav-tabs > li > a:before {\r\n\tdisplay:none !important;\r\n}\r\n#tab_container_1266 .wpsm_nav-tabs > li > a:after {\r\n\tdisplay:none !important ;\r\n}\r\n#tab_container_1266 .wpsm_nav-tabs > li{\r\npadding:0px !important ;\r\nmargin:0px;\r\n}\r\n\r\n#tab_container_1266 .wpsm_nav-tabs > li > a:hover , #tab_container_1266 .wpsm_nav-tabs > li > a:focus {\r\n    color: #000000 !important;\r\n    background-color: #e8e8e8 !important;\r\n\tborder: 1px solid #d5d5d5 !important;\r\n\t\r\n}\r\n#tab_container_1266 .wpsm_nav-tabs > li > a .fa{\r\n\r\nmargin-right:5px !important;\r\n\r\nmargin-left:5px !important;\r\n\r\n\r\n}\r\n\r\n\t\t#tab_container_1266 .wpsm_nav-tabs a{\r\n\t\t\tbackground-image: none;\r\n\t\t\tbackground-position: 0 0;\r\n\t\t\tbackground-repeat: repeat-x;\r\n\t\t}\r\n\t\t\t\r\n\r\n\r\n#tab_container_1266 .wpsm_nav-tabs > li {\r\n    float: left;\r\n    margin-bottom: -1px !important;\r\n\tmargin-right:0px !important; \r\n}\r\n\r\n\r\n#tab_container_1266 .tab-content{\r\noverflow:hidden !important;\r\n}\r\n\r\n\r\n@media (min-width: 769px) {\r\n\r\n\t#tab_container_1266 .wpsm_nav-tabs > li{\r\n\t\tfloat:left !important ;\r\n\t\t\t\tmargin-right:-1px !important;\r\n\t\t\t\t\t}\r\n\t#tab_container_1266 .wpsm_nav-tabs{\r\n\t\tfloat:none !important;\r\n\t\tmargin:0px !important;\r\n\t}\r\n\r\n\t#tab_container_1266 .wpsm_nav-tabs > li {\r\n\t\t\t\t\r\n\t}\r\n\t#tab_container_1266 .wpsm_nav{\r\n\t\t\t}\r\n\r\n}\r\n\r\n\r\n\r\n@media (max-width: 768px) {\r\n\t#tab_container_1266 .wpsm_nav-tabs > li {\r\n\t\t\t\t\r\n\t}\r\n\t#tab_container_1266 .wpsm_nav{\r\n\t\t\t}\r\n}\r\n\r\n\r\n\t.wpsm_nav-tabs li:before{\r\n\t\tdisplay:none !important;\r\n\t}\r\n\r\n\t@media (max-width: 768px) {\r\n\t\t\t\t\r\n\t\t\t\t.wpsm_nav-tabs{\r\n\t\t\tmargin-left:0px !important;\r\n\t\t\tmargin-right:0px !important; \r\n\t\t\t\r\n\t\t}\r\n\t\t\t\t#tab_container_1266 .wpsm_nav-tabs > li{\r\n\t\t\tfloat:none !important;\r\n\t\t}\r\n\t\t\t\r\n\t}\t\t\t\t<\/style>\r\n\t\t\t\t<div id=\"tab_container_1266\" >\r\n\t \r\n\t\t\t\t\t<ul class=\"wpsm_nav wpsm_nav-tabs\" role=\"tablist\" id=\"myTab_1266\">\r\n\t\t\t\t\t\t\t\r\n\t\t\t\t\t\t\t<li role=\"presentation\"  class=\"active\"  onclick=\"do_resize()\">\r\n\t\t\t\t\t\t\t\t<a href=\"#tabs_desc_1266_1\" aria-controls=\"tabs_desc_1266_1\" role=\"tab\" data-toggle=\"tab\">\r\n\t\t\t\t\t\t\t\t\t\r\n\t\t\t\t\t\t\t\t\t\t\t\t\t\t\t\t\t\t\t\t\t\t\t\t\t\t\t\t\r\n\t\t\t\t\t\t\t\t\t\t\t\t\t\t\t\t\t\t\r\n\t\t\t\t\t\t\t\t\t<span>Srpski jezik<\/span>\r\n\t\t\t\t\t\t\t\t\t\r\n\t\t\t\t\t\t\t\t\t\t\t\t\t\t\t\t\t\t\r\n\t\t\t\t\t\t\t\t\t\t\t\t\t\t\t\t\t\t\t\t\r\n\t\t\t\t\t\t\t\t\t\r\n\t\t\t\t\t\t\t\t<\/a>\r\n\t\t\t\t\t\t\t<\/li>\r\n\t\t\t\t\t\t\t\r\n\t\t\t\t\t\t\t<li role=\"presentation\"  onclick=\"do_resize()\">\r\n\t\t\t\t\t\t\t\t<a href=\"#tabs_desc_1266_2\" aria-controls=\"tabs_desc_1266_2\" role=\"tab\" data-toggle=\"tab\">\r\n\t\t\t\t\t\t\t\t\t\r\n\t\t\t\t\t\t\t\t\t\t\t\t\t\t\t\t\t\t\t\t\t\t\t\t\t\t\t\t\r\n\t\t\t\t\t\t\t\t\t\t\t\t\t\t\t\t\t\t\r\n\t\t\t\t\t\t\t\t\t<span>Engleski jezik<\/span>\r\n\t\t\t\t\t\t\t\t\t\r\n\t\t\t\t\t\t\t\t\t\t\t\t\t\t\t\t\t\t\r\n\t\t\t\t\t\t\t\t\t\t\t\t\t\t\t\t\t\t\t\t\r\n\t\t\t\t\t\t\t\t\t\r\n\t\t\t\t\t\t\t\t<\/a>\r\n\t\t\t\t\t\t\t<\/li>\r\n\t\t\t\t\t\t\t\t\t\t\t <\/ul>\r\n\r\n\t\t\t\t\t  <!-- Tab panes -->\r\n\t\t\t\t\t  <div class=\"tab-content\" id=\"tab-content_1266\">\r\n\t\t\t\t\t\t\t\t\t\t\t\t <div role=\"tabpanel\" class=\"tab-pane  in active \" id=\"tabs_desc_1266_1\">\r\n\t\t\t\t\t\t\t\t<table width=\"100%\">\r\n<tbody>\r\n<tr>\r\n<td width=\"42%\">\r\n<p style=\"text-align: center;\"><strong>Naziv<\/strong><\/p>\r\n<\/td>\r\n<td style=\"text-align: center;\" width=\"36%\"><strong>Autor<\/strong><\/td>\r\n<td width=\"20%\">\r\n<p style=\"text-align: center;\"><strong>Godina<\/strong><\/p>\r\n<\/td>\r\n<\/tr>\r\n<tr>\r\n<td width=\"42%\"><a href=\"http:\/\/www.unicef.rs\/wp-content\/uploads\/2017\/01\/Osnove-diversifikovanih-programa-PVO.pdf\">Kaleidoskop: Osnove diversifikovanih programa<\/a>\r\n\r\n<a href=\"http:\/\/www.unicef.rs\/wp-content\/uploads\/2017\/01\/Osnove-diversifikovanih-programa-PVO.pdf\">pred\u0161kolskog vaspitanja i obrazovanja<\/a><\/td>\r\n<td width=\"36%\">\u017divka Krnjaja\r\n\r\nDragana Pavlovi\u0107 Breneselovi\u0107<\/td>\r\n<td width=\"20%\">2017<\/td>\r\n<\/tr>\r\n<tr>\r\n<td width=\"42%\"><a href=\"http:\/\/www.unicef.rs\/wp-content\/uploads\/2017\/01\/KakoDoKvalitetneDopunskeNastave.pdf\">Kako do kvalitetne dopunske nastave<\/a><\/td>\r\n<td width=\"36%\">Tinde Kova\u010d Cerovi\u0107, Ivana Ceneri\u0107 i Tijana Joki\u0107<\/td>\r\n<td width=\"20%\">2017<\/td>\r\n<\/tr>\r\n<tr>\r\n<td width=\"42%\"><a href=\"https:\/\/ieeps.edu.rs\/wp-content\/uploads\/2016\/11\/WP3-2_EF_Handbook_Research_report_and_handbook_SRB.pdf\">Unapre\u0111ivanje obrazovne efektivnosti \u0161kola: Izve\u0161taj o istra\u017eivanju obrazovne efektivnosti \u0161kola i priru\u010dnik za realizovanje efektivne nastave<\/a><\/td>\r\n<td width=\"36%\">Tim IEEPS projekta<\/td>\r\n<td width=\"20%\">2017<\/td>\r\n<\/tr>\r\n<tr>\r\n<td width=\"42%\"><a href=\"https:\/\/ceo.edu.rs\/wp-content\/uploads\/2017\/10\/Brosura-o-stavovima-zaposlenih-u-gimnazijama.pdf\">\u0160ta je dobro u na\u0161im gimnazijama, a \u0161ta treba menjati?<\/a>\r\n\r\n<a href=\"https:\/\/ceo.edu.rs\/wp-content\/uploads\/2017\/10\/Brosura-o-stavovima-zaposlenih-u-gimnazijama.pdf\">Stavovi zaposlenih u gimnazijama o kvalitetu, efikasnosti i relevantnosti gimnazijskog obrazovanja<\/a><\/td>\r\n<td width=\"36%\">Sofija Vujovi\u0107, Jelena Najdanovi\u0107 Tomi\u0107, Vesna Kartal, Jelena Petrovi\u0107, Jelena Nadeljkovi\u0107<\/td>\r\n<td width=\"20%\">2017<\/td>\r\n<\/tr>\r\n<tr>\r\n<td width=\"42%\"><a href=\"http:\/\/socijalnoukljucivanje.gov.rs\/wp-content\/uploads\/2016\/02\/Pravim-putem-Okvir-za-program-rada-sa-decom-ranog-uzrasta_final.pdf\">Pravim putem: Okvir za program rada sa decom ranog uzrasta<\/a><\/td>\r\n<td width=\"36%\">Nacionalni savet Irske za program rada i ocenjivanje u \u0161kolama<\/td>\r\n<td width=\"20%\">2016<\/td>\r\n<\/tr>\r\n<tr>\r\n<td width=\"42%\"><a href=\"http:\/\/www.cep.edu.rpublic\/Interkulturno_obrazovanje.pdf\">Interkulturalno obrazovanje u Srbiji<\/a><\/td>\r\n<td width=\"36%\">Urednici: Danijela S. Petrovi\u0107, Tijana Joki\u0107<\/td>\r\n<td width=\"20%\">2016<\/td>\r\n<\/tr>\r\n<tr>\r\n<td width=\"42%\"><a href=\"http:\/\/www.zuov.gov.rs\/wp-content\/uploads\/2017\/10\/Obrazovanje-darovitih-03.pdf\">Obrazovanje u\u010denika izuzetnih sposobnosti: Nau\u010dne osnove i smernice za \u0161kolsku praksu<\/a><\/td>\r\n<td width=\"36%\">Ana Altaras Dimitrijevi\u0107, Sanja Tati\u0107 Janevski<\/td>\r\n<td width=\"20%\">2016<\/td>\r\n<\/tr>\r\n<tr>\r\n<td width=\"42%\"><a href=\"http:\/\/socijalnoukljucivanje.gov.rs\/wp-content\/uploads\/2016\/03\/Preduzetnicko_obrazovanje%E2%80%93Komparativni_pregled.pdf\">Preduzetni\u010dko obrazovanje - Komparativni pregled obrazovnih politika, modela i prakse<\/a><\/td>\r\n<td width=\"36%\">Jasminka \u010ceki\u0107 Markovi\u0107<\/td>\r\n<td width=\"20%\">2015<\/td>\r\n<\/tr>\r\n<tr>\r\n<td width=\"42%\"><a href=\"http:\/\/www.ipisr.org.rs\/Upload\/Dokumenta\/Strane\/Prirucnik%20za%20stampu%20B5%20FINALNA%20VERZIJA.pdf\">Pedago\u0161ki pristup Trolist: podsticaj za saradnju, stvarala\u0161tvo i inicijativu - priru\u010dnik za \u0161kole<\/a><\/td>\r\n<td width=\"36%\">Urednici: \u00a0Jasmina \u0160efer, Dejan Stankovi\u0107,\r\n\r\nIvana \u0110eri\u0107 i Vladimir D\u017einovi\u0107<\/td>\r\n<td width=\"20%\">2015<\/td>\r\n<\/tr>\r\n<tr>\r\n<td width=\"42%\"><a href=\"http:\/\/147.91.75.9\/manage\/shares\/Quality_of_education\/Istrazivanja_i_razvoj_kvaliteta_obrazovanja.pdf\">Istra\u017eivanja i razvoj kvaliteta obrazovanja u Srbiji \u2013 Stanje, iz azovi i perspektive<\/a><\/td>\r\n<td width=\"36%\">Urednici: Emina Hebib, Biljana Bodro\u0161ki Spariosu, Aleksandra Ili\u0107 Rajkovi\u0107<\/td>\r\n<td width=\"20%\">2015<\/td>\r\n<\/tr>\r\n<tr>\r\n<td width=\"42%\"><a href=\"http:\/\/147.91.75.9\/manage\/shares\/Quality_of_education\/Utemeljenje_sistema_znanja_u_pedagogiji.pdf\">Utemeljenje sistema znanja u pedagogoji<\/a><\/td>\r\n<td width=\"36%\">Radovan Antonijevi\u0107<\/td>\r\n<td width=\"20%\">2014<\/td>\r\n<\/tr>\r\n<tr>\r\n<td width=\"42%\"><a href=\"http:\/\/www.ipisr.org.rs\/Upload\/Dokumenta\/Strane\/SIS%203%20electronic%20version.pdf\">Stvarala\u0161tvo, inicijativa i saradnja u nastavnim predmetima<\/a><\/td>\r\n<td width=\"36%\">Urednice: \u0110ur\u0111ica Komlenovi\u0107, Jasmina \u0160efer<\/td>\r\n<td width=\"20%\">2013<\/td>\r\n<\/tr>\r\n<tr>\r\n<td width=\"42%\"><a href=\"http:\/\/www.ipisr.org.rs\/Upload\/Dokumenta\/Strane\/SIS%201.pdf\">Stvarala\u0161tvo, inicijativa i saradnja: Novi pristup obrazovanju I deo<\/a><\/td>\r\n<td width=\"36%\">Urednice: Jasmina \u0160efer, Slavica \u0160evku\u0161i\u0107<\/td>\r\n<td width=\"20%\">2012<\/td>\r\n<\/tr>\r\n<tr>\r\n<td width=\"42%\"><a href=\"http:\/\/www.ipisr.org.rs\/Upload\/Dokumenta\/Strane\/SIS%202.pdf\">Stvarala\u0161tvo, inicijativa i saradnja: Implikacije za obrazovnu praksu, II deo<\/a><\/td>\r\n<td width=\"36%\">Urednice: Jasmina \u0160efer, Jelena Radi\u0161i\u0107<\/td>\r\n<td width=\"20%\">2012<\/td>\r\n<\/tr>\r\n<tr>\r\n<td width=\"42%\"><a href=\"http:\/\/147.91.75.9\/manage\/shares\/Quality_of_education\/Kvalitet%20u%20obrazovanju%20-%20izazovi%20i%20perspektive.pdf\">Kv\u0430litet u obr\u0430zov\u0430nju \u2013 iz\u0430zovi i perpspektive Zbornik r\u0430dov\u0430:<\/a><\/td>\r\n<td width=\"36%\">Urednici: \u0160efika Alibabi\u0107, Sne\u017eana Medi\u0107, Biljana Bodro\u0161ki-Spariosu<\/td>\r\n<td width=\"20%\">2012<\/td>\r\n<\/tr>\r\n<tr>\r\n<td width=\"42%\"><a href=\"http:\/\/socijalnoukljucivanje.gov.rs\/wp-content\/uploads\/2014\/06\/Analiza-uticaja-uvodjenja-PPP1.pdf\">Obrazovanjem protiv siroma\u0161tva: Analiza uticaja uvo\u0111enja pripremnog pred\u0161kolskog programa u Srbiji<\/a><\/td>\r\n<td width=\"36%\">Ana Pe\u0161ikan\r\n\r\nIvan Ivi\u0107<\/td>\r\n<td width=\"20%\">2009<\/td>\r\n<\/tr>\r\n<\/tbody>\r\n<\/table>\t\t\t\t\t\t <\/div>\r\n\t\t\t\t\t\t\t\t\t\t\t\t <div role=\"tabpanel\" class=\"tab-pane \" id=\"tabs_desc_1266_2\">\r\n\t\t\t\t\t\t\t\t<table width=\"100%\">\r\n<tbody>\r\n<tr>\r\n<td width=\"37%\">\r\n<p style=\"text-align: center;\"><strong>Naziv<\/strong><\/p>\r\n<\/td>\r\n<td style=\"text-align: center;\" width=\"47%\"><strong>Autor<\/strong><\/td>\r\n<td width=\"15%\">\r\n<p style=\"text-align: center;\"><strong>Godina<\/strong><\/p>\r\n<\/td>\r\n<\/tr>\r\n<tr>\r\n<td width=\"37%\"><a href=\"https:\/\/ieeps.edu.rs\/wp-content\/uploads\/2015\/07\/Policy_brief_FINAL_2.pdf\">Improving educational effectiveness of primary schools -\u00a0 Policy brief<\/a><\/td>\r\n<td width=\"47%\">Tim IEEPS projekta<\/td>\r\n<td width=\"15%\">2017<\/td>\r\n<\/tr>\r\n<tr>\r\n<td width=\"37%\"><a href=\"https:\/\/webgate.ec.europa.eu\/fpfis\/mwikis\/eurydice\/images\/6\/68\/215_EN_Citizenship_2017_N.pdf\">Citizenship Education at School in Europe 2017<\/a><\/td>\r\n<td width=\"47%\">Eurydice<\/td>\r\n<td width=\"15%\">2017<\/td>\r\n<\/tr>\r\n<tr>\r\n<td width=\"37%\"><a href=\"https:\/\/webgate.ec.europa.eu\/fpfis\/mwikis\/eurydice\/images\/0\/0d\/KDL_Eurydice_Brief_finals.pdf\">Key Data on Teaching Languages at School in Europe 2017<\/a><\/td>\r\n<td width=\"47%\">Eurydice<\/td>\r\n<td width=\"15%\">2017<\/td>\r\n<\/tr>\r\n<tr>\r\n<td width=\"37%\"><a href=\"http:\/\/www.ibe.unesco.org\/sites\/default\/files\/resources\/practices_series_28_v3_002.pdf\">Guiding Principles for Learning in the Twenty-first Century<\/a><\/td>\r\n<td width=\"47%\">Conrad Hughes, Clementina Acedo<\/td>\r\n<td width=\"15%\">2017<\/td>\r\n<\/tr>\r\n<tr>\r\n<td width=\"37%\"><a href=\"http:\/\/www.oecd-ilibrary.org\/docserver\/download\/5jln1hlsr0lr-en.pdf?expires=1510574397&amp;id=id&amp;accname=guest&amp;checksum=5B412C3290E79E34470D6964CA1E7EBF\">Teaching Strategies for Instructional Quality<\/a><\/td>\r\n<td width=\"47%\">No\u00e9mie Le Donn\u00e9, Pablo Fraser, Guillaume Bousquet<\/td>\r\n<td width=\"15%\">2016<\/td>\r\n<\/tr>\r\n<tr>\r\n<td width=\"37%\"><a href=\"http:\/\/www.oecd-ilibrary.org\/docserver\/download\/5jm29kpt0xxx-en.pdf?expires=1510574619&amp;id=id&amp;accname=guest&amp;checksum=739708037C38438221A6A0A469A7522F\">How teachers teach and students learn<\/a><\/td>\r\n<td width=\"47%\">Alfonso Echazarra, Daniel Salinas, Ildefonso M\u00e9ndez, Vanessa Denis, Giannina Rech<\/td>\r\n<td width=\"15%\">2016<\/td>\r\n<\/tr>\r\n<tr>\r\n<td width=\"37%\"><a href=\"http:\/\/www.ibe.unesco.org\/sites\/default\/files\/resources\/edu-practices_26_eng.pdf\">Understanding and facilitating the development of intellect<\/a><\/td>\r\n<td width=\"47%\">Andreas Demetriou and Constantinos Christou<\/td>\r\n<td width=\"15%\">2015<\/td>\r\n<\/tr>\r\n<tr>\r\n<td width=\"37%\"><a href=\"http:\/\/www.ibe.unesco.org\/sites\/default\/files\/resources\/edu-practices_25_eng.pdf\">Nurturing creative thinking<\/a><\/td>\r\n<td width=\"47%\">Panagiotis Kampylis, Eleni Berki<\/td>\r\n<td width=\"15%\">2014<\/td>\r\n<\/tr>\r\n<\/tbody>\r\n<\/table>\t\t\t\t\t\t <\/div>\r\n\t\t\t\t\t\t\t\r\n\t\t\t\t\t <\/div>\r\n\t\t\t\t\t \r\n\t\t\t\t <\/div>\r\n <script>\r\n\t\tjQuery(function () {\r\n\t\t\tjQuery('#myTab_1266 a:first').tab('show')\r\n\t\t});\r\n\t\t\r\n\t\t\t\tjQuery(function(){\r\n\t\t\tvar b=\"fadeIn\";\r\n\t\t\tvar c;\r\n\t\t\tvar a;\r\n\t\t\td(jQuery(\"#myTab_1266 a\"),jQuery(\"#tab-content_1266\"));function d(e,f,g){\r\n\t\t\t\te.click(function(i){\r\n\t\t\t\t\ti.preventDefault();\r\n\t\t\t\t\tjQuery(this).tab(\"show\");\r\n\t\t\t\t\tvar h=jQuery(this).data(\"easein\");\r\n\t\t\t\t\tif(c){c.removeClass(a);}\r\n\t\t\t\t\tif(h){f.find(\"div.active\").addClass(\"animated \"+h);a=h;}\r\n\t\t\t\t\telse{if(g){f.find(\"div.active\").addClass(\"animated \"+g);a=g;}else{f.find(\"div.active\").addClass(\"animated \"+b);a=b;}}c=f.find(\"div.active\");\r\n\t\t\t\t});\r\n\t\t\t}\r\n\t\t});\r\n\t\t\r\n\r\n\t\tfunction do_resize(){\r\n\r\n\t\t\tvar width=jQuery( '.tab-content .tab-pane iframe' ).width();\r\n\t\t\tvar height=jQuery( '.tab-content .tab-pane iframe' ).height();\r\n\r\n\t\t\tvar toggleSize = true;\r\n\t\t\tjQuery('iframe').animate({\r\n\t\t\t    width: toggleSize ? width : 640,\r\n\t\t\t    height: toggleSize ? height : 360\r\n\t\t\t  }, 250);\r\n\r\n\t\t\t  toggleSize = !toggleSize;\r\n\t\t}\r\n\r\n\r\n\t<\/script>\r\n\t\t\t\t\r\n\t\t\t\n","protected":false},"excerpt":{"rendered":"<p>Razvoj i osiguranje kvaliteta nastavnog i vaspitnog procesa u \u0161koli Opis standarda (direktori osnovnih i srednjih \u0161kola): Direktor obezbe\u0111uje i unapre\u0111uje kvalitet nastavnog i vaspitnog procesa. &nbsp; Razvoj i obezbe\u0111ivanje kvaliteta vaspitno-obrazovnog procesa u pred\u0161kolskoj ustanovi Opis standarda (direktori pred\u0161kolskih ustanova): Direktor obezbe\u0111uje i unapre\u0111uje kvalitet vaspitno-obrazovnog procesa. &nbsp;<\/p>\n","protected":false},"author":1,"featured_media":0,"parent":0,"menu_order":0,"comment_status":"closed","ping_status":"closed","template":"","meta":{"_bbp_topic_count":0,"_bbp_reply_count":0,"_bbp_total_topic_count":0,"_bbp_total_reply_count":0,"_bbp_voice_count":0,"_bbp_anonymous_reply_count":0,"_bbp_topic_count_hidden":0,"_bbp_reply_count_hidden":0,"_bbp_forum_subforum_count":0,"footnotes":""},"class_list":["post-984","page","type-page","status-publish","hentry"],"_links":{"self":[{"href":"http:\/\/edlead.pefja.kg.ac.rs\/resurs\/wp-json\/wp\/v2\/pages\/984","targetHints":{"allow":["GET"]}}],"collection":[{"href":"http:\/\/edlead.pefja.kg.ac.rs\/resurs\/wp-json\/wp\/v2\/pages"}],"about":[{"href":"http:\/\/edlead.pefja.kg.ac.rs\/resurs\/wp-json\/wp\/v2\/types\/page"}],"author":[{"embeddable":true,"href":"http:\/\/edlead.pefja.kg.ac.rs\/resurs\/wp-json\/wp\/v2\/users\/1"}],"replies":[{"embeddable":true,"href":"http:\/\/edlead.pefja.kg.ac.rs\/resurs\/wp-json\/wp\/v2\/comments?post=984"}],"version-history":[{"count":6,"href":"http:\/\/edlead.pefja.kg.ac.rs\/resurs\/wp-json\/wp\/v2\/pages\/984\/revisions"}],"predecessor-version":[{"id":1428,"href":"http:\/\/edlead.pefja.kg.ac.rs\/resurs\/wp-json\/wp\/v2\/pages\/984\/revisions\/1428"}],"wp:attachment":[{"href":"http:\/\/edlead.pefja.kg.ac.rs\/resurs\/wp-json\/wp\/v2\/media?parent=984"}],"curies":[{"name":"wp","href":"https:\/\/api.w.org\/{rel}","templated":true}]}}