{"id":15,"date":"2014-04-14T11:43:19","date_gmt":"2014-04-14T09:43:19","guid":{"rendered":"http:\/\/sr.edlead.edu.rs\/?page_id=15"},"modified":"2015-03-05T11:41:54","modified_gmt":"2015-03-05T10:41:54","slug":"ciljevi-i-zadaci","status":"publish","type":"page","link":"http:\/\/edlead.pefja.kg.ac.rs\/sr\/ciljevi-i-zadaci\/","title":{"rendered":"Ciljevi i zadaci"},"content":{"rendered":"<p><strong>\u0160iri cilj projekta:<\/strong><\/p>\n<p>Pobolj\u0161anje u\u010deni\u010dkih postignu\u0107a u Srbiji kroz pobolj\u0161anje profesionalnih kompetencija direktora i drugih lidera u insititucijama obrazovanja i kulture.<\/p>\n<p>&nbsp;<\/p>\n<p><strong>Specifi\u010dni ciljevi projekta:<\/strong><\/p>\n<p>1. Razvoj i implementacija zajedni\u010dkih, modernih, interdisciplinarnih master akademskih studija u obimu od 60 ESPB, uklju\u010duju\u0107i i razvoj programa stru\u010dnog usavr\u0161avanja na osnovu sprovedenih istra\u017eivanja i u skladu sa <em>Pravilnikom o s<\/em><em>tandardima kompetencija direktora ustanova obrazovanja i vaspitanja (&#8220;Sl. glasnik RS&#8221;, br. 38\/2013), Zakonom o osnovama obrazovanja i vaspitanja (&#8220;Sl. glasnik RS&#8221;, br. 72\/2009, 52\/2011 i 55\/2013), Strategijom razvoja obrazovanja u Srbiji do 2020. godine (&#8220;Sl. glasnik RS&#8221;, br. 55\/05, 71\/05 &#8211; ispravka, 101\/07, 65\/08, 16\/11, 68\/12 &#8211; US i 72\/12) i principima Bolonjske deklaracije.<\/em><\/p>\n<p>Studijski program bi\u0107e kompatibilan sa nizom akreditovanih studijskih programa, naro\u010dito u pogledu strukture &#8211; ponuda \u0161irokog spektra obaveznih i izbornih predmeta, pa\u017eljivo planirana studentska praksa i mentorski vo\u0111ena izrada master rada. Kao program drugog nivoa studija program \u0107e biti prilago\u0111en li\u010dnim interesovanjima i potrebama studenata.<\/p>\n<p>&nbsp;<\/p>\n<p>2. Uspostavljanje Mre\u017ee obrazovnih lidera u Srbiji &#8211; Educational Leadership Network (ELN)\u00a0 za razmenu ideja, iskustava, identifikovanje pote\u0161ko\u0107a i prepreka u obrazovnom liderstvu i formulaciju preporuka za njihovo prevazila\u017eenje.<\/p>\n<p>&nbsp;<\/p>\n","protected":false},"excerpt":{"rendered":"<p>\u0160iri cilj projekta: Pobolj\u0161anje u\u010deni\u010dkih postignu\u0107a u Srbiji kroz pobolj\u0161anje profesionalnih kompetencija direktora i drugih lidera u insititucijama obrazovanja i kulture. &nbsp; Specifi\u010dni ciljevi projekta: 1. Razvoj i implementacija zajedni\u010dkih, modernih, interdisciplinarnih master akademskih studija u obimu od 60 ESPB, uklju\u010duju\u0107i i razvoj programa stru\u010dnog usavr\u0161avanja na osnovu sprovedenih istra\u017eivanja i u skladu sa Pravilnikom o standardima kompetencija direktora ustanova<\/p>\n","protected":false},"author":1,"featured_media":0,"parent":0,"menu_order":0,"comment_status":"open","ping_status":"closed","template":"","meta":{"footnotes":""},"class_list":["post-15","page","type-page","status-publish","hentry"],"_links":{"self":[{"href":"http:\/\/edlead.pefja.kg.ac.rs\/sr\/wp-json\/wp\/v2\/pages\/15","targetHints":{"allow":["GET"]}}],"collection":[{"href":"http:\/\/edlead.pefja.kg.ac.rs\/sr\/wp-json\/wp\/v2\/pages"}],"about":[{"href":"http:\/\/edlead.pefja.kg.ac.rs\/sr\/wp-json\/wp\/v2\/types\/page"}],"author":[{"embeddable":true,"href":"http:\/\/edlead.pefja.kg.ac.rs\/sr\/wp-json\/wp\/v2\/users\/1"}],"replies":[{"embeddable":true,"href":"http:\/\/edlead.pefja.kg.ac.rs\/sr\/wp-json\/wp\/v2\/comments?post=15"}],"version-history":[{"count":5,"href":"http:\/\/edlead.pefja.kg.ac.rs\/sr\/wp-json\/wp\/v2\/pages\/15\/revisions"}],"predecessor-version":[{"id":531,"href":"http:\/\/edlead.pefja.kg.ac.rs\/sr\/wp-json\/wp\/v2\/pages\/15\/revisions\/531"}],"wp:attachment":[{"href":"http:\/\/edlead.pefja.kg.ac.rs\/sr\/wp-json\/wp\/v2\/media?parent=15"}],"curies":[{"name":"wp","href":"https:\/\/api.w.org\/{rel}","templated":true}]}}