{"id":17,"date":"2014-04-14T11:44:30","date_gmt":"2014-04-14T09:44:30","guid":{"rendered":"http:\/\/sr.edlead.edu.rs\/?page_id=17"},"modified":"2015-03-06T09:10:15","modified_gmt":"2015-03-06T08:10:15","slug":"rezime","status":"publish","type":"page","link":"http:\/\/edlead.pefja.kg.ac.rs\/sr\/rezime\/","title":{"rendered":"Rezime"},"content":{"rendered":"<p><span style=\"color: #000000;\"><strong>\u0160iri cilj\u00a0<\/strong>projekta je pobolj\u0161anje u\u010deni\u010dkih postignu\u0107a u Srbiji kroz pobolj\u0161anje profesionalnih kompetencija direktora i drugih lidera u insititucijama obrazovanja i kulture.<\/span><\/p>\n<p><span style=\"color: #000000;\"><strong>Specifi\u010dni ciljevi <\/strong>uklju\u010duju:<\/span><\/p>\n<ul>\n<li><span style=\"color: #000000;\">Razvoj i implementacija zajedni\u010dkih, modernih, interdisciplinarnih master akademskih studija u obimu od 60 ESPB, uklju\u010duju\u0107i i razvoj programa stru\u010dnog usavr\u0161avanja na osnovu sprovedenih istra\u017eivanja i u skladu sa <em>Pravilnikom o s<\/em><em>tandardima kompetencija direktora ustanova obrazovanja i vaspitanja, Zakonom o osnovama obrazovanja i vaspitanja, Strategijom razvoja obrazovanja u Srbiji do 2020. godine i principima Bolonjske deklaracije<\/em>. Studijski program \u0107e svojom prakti\u010dnom orijentisano\u0161\u0107u pobolj\u0161ati kompetencije lidera u obrazovanju, direktora osnovnih i srednjih \u0161kola, direktora pred\u0161kolskih i domskih ustanova, kao i ljudi zaposlenih u \u0161kolskim lokalnim i regionalnim upravama i nacionalnim obrazovnim i kulturnim institucijama.<\/span><\/li>\n<\/ul>\n<ul>\n<li><span style=\"color: #000000;\">Uspostavljanje Mre\u017ee obrazovnih lidera u Srbiji &#8211; Educational Leadership Network (ELN)\u00a0 za razmenu ideja, iskustava, identifikovanje pote\u0161ko\u0107a i prepreka u obrazovnom liderstvu i za formulaciju preporuka za njihovo prevazila\u017eenje.<\/span><\/li>\n<\/ul>\n<p><span style=\"color: #000000;\"><b>O\u010dekivani rezultati i ishodi projekta<\/b>:<\/span><\/p>\n<p><span style=\"color: #000000;\">Analiza potreba i stru\u010dnih izazova direktora pred\u0161kolskih ustanova i direktora osnovnih i srednjih \u0161kola u Srbiji WP 1 (DEV):<\/span><\/p>\n<p><span style=\"color: #000000;\">\u2022\u00a0\u00a0\u00a0\u00a0\u00a0\u00a0\u00a0\u00a0\u00a0 1.1 Analiza potreba i stru\u010dnih izazova<br \/>\n<\/span><\/p>\n<p><span style=\"color: #000000;\">\u2022\u00a0\u00a0\u00a0\u00a0\u00a0\u00a0\u00a0\u00a0\u00a0 1.2 <span id=\"79eae4f3-697d-4b65-9fcf-578d94fce8e0\" class=\"GINGER_SOFTWARE_mark\"><span id=\"39d530c8-9f65-4787-9b68-e8e9f8560a96\" class=\"GINGER_SOFTWARE_mark\"><span id=\"337d6a36-44ed-4e96-8f86-56df11939709\" class=\"GINGER_SOFTWARE_mark\"><span id=\"d7e746b5-1d2f-454d-857e-6d044230eaa2\" class=\"GINGER_SOFTWARE_mark\"><span id=\"63aa8254-c22d-4207-9df8-be7ec8ec7465\" class=\"GINGER_SOFTWARE_mark\"><span id=\"a4b8aece-42c0-4b10-97a9-b3e362603ce3\" class=\"GINGER_SOFTWARE_mark\">Pregled trenutnog stanja liderstva u Srbiji i karakteristika efektivnih programa za obrazovanje lidera<\/span><\/span><\/span><\/span><\/span><\/span><\/span><\/p>\n<p><span style=\"color: #000000;\">\u2022\u00a0\u00a0\u00a0\u00a0\u00a0\u00a0\u00a0\u00a0\u00a0 1.3 Sastanak konzorcijuma u Holandskoj \u0161koli za obrazovni menad\u017ement (P6 NSO)<br \/>\n<\/span><\/p>\n<p><span style=\"color: #000000;\">\u2022\u00a0\u00a0\u00a0\u00a0\u00a0\u00a0\u00a0\u00a0\u00a0 1.4 Zavr\u0161ni izve\u0161taj i koncepcija master akademskih studija i programa stru\u010dnog usavr\u0161avanja<\/span><\/p>\n<p><span style=\"color: #000000;\">\u00a0<\/span><\/p>\n<p><span style=\"color: #000000;\">Silabusi, nastavne metode, razvoj nastavnih materijala, nabavka opreme WP 2 (DEV):<\/span><\/p>\n<p><span style=\"color: #000000;\">\u2022\u00a0\u00a0\u00a0\u00a0\u00a0\u00a0\u00a0\u00a0\u00a0 2.1 Predlog (nacrti) silabusa<\/span><\/p>\n<p><span style=\"color: #000000;\">\u2022\u00a0\u00a0\u00a0\u00a0\u00a0\u00a0\u00a0\u00a0\u00a0 2.2 Predlog i odabir nastavnih metoda i materijala<br \/>\n<\/span><\/p>\n<p><span style=\"color: #000000;\">\u2022\u00a0\u00a0\u00a0\u00a0\u00a0\u00a0\u00a0\u00a0\u00a0 2.3 Sastanak konzorcijuma na Univerzitetu u Segedinu (P8 &#8211; SZTE)<\/span><\/p>\n<p><span style=\"color: #000000;\">\u2022\u00a0\u00a0\u00a0\u00a0\u00a0\u00a0\u00a0\u00a0\u00a0 2.4 Finalizacija silabusa, nastavnih metoda i materijala<\/span><\/p>\n<p><span style=\"color: #000000;\">\u2022\u00a0\u00a0\u00a0\u00a0\u00a0\u00a0\u00a0\u00a0\u00a0 2.5 Nabavka opreme i ud\u017ebenika<br \/>\n<\/span><\/p>\n<p><span style=\"color: #000000;\">\u00a0<\/span><\/p>\n<p><span style=\"color: #000000;\">Obu\u010davanje mentora (nastavnika i mentora) WP 3 (DEV):<\/span><\/p>\n<p><span style=\"color: #000000;\">\u2022\u00a0\u00a0\u00a0\u00a0\u00a0\u00a0\u00a0\u00a0\u00a0 3.1 Odabir nastavnika i mentora za master akademske studije i kurseve stru\u010dnog usavr\u0161avanja<br \/>\n<\/span><\/p>\n<p><span style=\"color: #000000;\">\u2022\u00a0\u00a0\u00a0\u00a0\u00a0\u00a0\u00a0\u00a0\u00a0 3.2 Obuka nastavnika i mentora<br \/>\n<\/span><\/p>\n<p><span style=\"color: #000000;\">\u2022\u00a0\u00a0\u00a0\u00a0\u00a0\u00a0\u00a0\u00a0\u00a0 3.3 Sastanak konzorcijuma na Univerzitetu u Juvaskuli (P7 &#8211; UJ)<\/span><\/p>\n<p><span style=\"color: #000000;\">\u00a0<\/span><\/p>\n<p><span style=\"color: #000000;\">Implementacija master akademskih studija i programa stru\u010dnog usavr\u0161avanja WP 4 (DEV):<\/span><\/p>\n<p><span style=\"color: #000000;\">\u2022\u00a0\u00a0\u00a0\u00a0\u00a0\u00a0\u00a0\u00a0\u00a0 4.1 Selekcija studenata i polaznika<\/span><\/p>\n<p><span style=\"color: #000000;\">\u2022\u00a0\u00a0\u00a0\u00a0\u00a0\u00a0\u00a0\u00a0\u00a0 4.2 Implementacija master akademskih studija i programa stru\u010dnog usavr\u0161avanja<br \/>\n<\/span><\/p>\n<p><span style=\"color: #000000;\">\u2022\u00a0\u00a0\u00a0\u00a0\u00a0\u00a0\u00a0\u00a0\u00a0 4.3 Seminari \/ radionice<br \/>\n<\/span><\/p>\n<p><span style=\"color: #000000;\">\u2022\u00a0\u00a0\u00a0\u00a0\u00a0\u00a0\u00a0\u00a0\u00a0 4.4 Razmena studenta u partnerskim EU institucijama<br \/>\n<\/span><\/p>\n<p><span style=\"color: #000000;\">\u00a0<\/span><\/p>\n<p><span style=\"color: #000000;\">Uspostavljanje Mre\u017ee obrazovnih lidera u Srbiji WP5 (DEV):<\/span><\/p>\n<p><span style=\"color: #000000;\">\u2022\u00a0\u00a0\u00a0\u00a0\u00a0\u00a0\u00a0\u00a0\u00a0 5.1 Uspostavljanje mre\u017ee<br \/>\n<\/span><\/p>\n<p><span style=\"color: #000000;\">\u2022\u00a0\u00a0\u00a0\u00a0\u00a0\u00a0\u00a0\u00a0\u00a0 5.2 Formulacija prepreka, pote\u0161ko\u0107a i prepreka za njihovo prevazila\u017eenje<br \/>\n<\/span><\/p>\n<p><span style=\"color: #000000;\">\u2022\u00a0\u00a0\u00a0\u00a0\u00a0\u00a0\u00a0\u00a0\u00a0 5.3 Sastanci sa donosiocima odluka<br \/>\n<\/span><\/p>\n<p><span style=\"color: #000000;\">\u00a0<\/span><\/p>\n<p><span style=\"color: #000000;\">Mehanizmi provere i obezbe\u0111enja kvaliteta WP 6 (QPLN):<\/span><\/p>\n<p><span style=\"color: #000000;\">\u2022\u00a0\u00a0\u00a0\u00a0\u00a0\u00a0\u00a0\u00a0\u00a0 6.1 Formativna evaluacija master programa<br \/>\n<\/span><\/p>\n<p><span style=\"color: #000000;\">\u2022\u00a0\u00a0\u00a0\u00a0\u00a0\u00a0\u00a0\u00a0\u00a0 6.2 Eksterna evaluacija &#8211; izve\u0161taj<br \/>\n<\/span><\/p>\n<p><span style=\"color: #000000;\">\u2022\u00a0\u00a0\u00a0\u00a0\u00a0\u00a0\u00a0\u00a0\u00a0 6.3 Me\u0111uprojekatske aktivnosti (savetovanje i razmena ideja kroz <em>Inter TEMPUS project coaching<\/em>)<\/span><\/p>\n<p><span style=\"color: #000000;\">\u2022\u00a0\u00a0\u00a0\u00a0\u00a0\u00a0\u00a0\u00a0\u00a0 6.4 Moderni i relevantni mehanizmi provere i obezbe\u0111enja kvaliteta<br \/>\n<\/span><\/p>\n<p><span style=\"color: #000000;\">\u00a0<\/span><\/p>\n<p><span style=\"color: #000000;\">Rezultati projekta &#8211; diseminacione aktivnosti WP 7 (DISS):<\/span><\/p>\n<p><span style=\"color: #000000;\">\u2022\u00a0\u00a0\u00a0\u00a0\u00a0\u00a0\u00a0\u00a0\u00a0 7.1 Veb-sajt<span id=\"923b7989-206c-4691-9651-5c7744dcfe0a\" class=\"GINGER_SOFTWARE_mark\"><span id=\"e4d00fc3-0208-4364-a58c-44b27584bcb2\" class=\"GINGER_SOFTWARE_mark\"><span id=\"428e2837-ce1f-4d62-af80-7fb1e045d4a7\" class=\"GINGER_SOFTWARE_mark\"><span id=\"3a6afc7d-fec6-47d5-a7a7-6bcb158c445b\" class=\"GINGER_SOFTWARE_mark\"><span id=\"4998327c-cc22-4dbb-b9a1-bcd2c1dac45f\" class=\"GINGER_SOFTWARE_mark\"><\/span><\/span><\/span><\/span><\/span><\/span><\/p>\n<p><span style=\"color: #000000;\">\u2022\u00a0\u00a0\u00a0\u00a0\u00a0\u00a0\u00a0\u00a0\u00a0 7.2 Priru\u010dnik &#8220;Liderstvo u obrazovanju &#8211; primeri dobre prakse&#8221;<\/span><\/p>\n<p><span style=\"color: #000000;\">\u2022\u00a0\u00a0\u00a0\u00a0\u00a0\u00a0\u00a0\u00a0\u00a0 7.3 Izrada bro\u0161ure za potrebe master programa i programa stru\u010dnog usavr\u0161avanja<br \/>\n<\/span><\/p>\n<p><span style=\"color: #000000;\">\u2022\u00a0\u00a0\u00a0\u00a0\u00a0\u00a0\u00a0\u00a0\u00a0 7.4 Prezentovanje na relevantnim konferencijama<br \/>\n<\/span><\/p>\n<p><span style=\"color: #000000;\">\u2022\u00a0\u00a0\u00a0\u00a0\u00a0\u00a0\u00a0\u00a0\u00a0 7.5 Konferencije u cilju diseminacije \/ Dani otvorenih vrata za studente<br \/>\n<\/span><\/p>\n<p><span style=\"color: #000000;\">\u2022\u00a0\u00a0\u00a0\u00a0\u00a0\u00a0\u00a0\u00a0\u00a0 7.6 Zavr\u0161na konferencija<br \/>\n<\/span><\/p>\n<p><span style=\"color: #000000;\">\u00a0<\/span><\/p>\n<p><span style=\"color: #000000;\">Osiguranje odr\u017eivosti projekta WP 8 (EXP):<\/span><\/p>\n<p><span style=\"color: #000000;\">\u2022\u00a0\u00a0\u00a0\u00a0\u00a0\u00a0\u00a0\u00a0\u00a0 8.1 Akreditaciona dokumentacija &#8211; master akademske studije<br \/>\n<\/span><\/p>\n<p><span style=\"color: #000000;\">\u2022\u00a0\u00a0\u00a0\u00a0\u00a0\u00a0\u00a0\u00a0\u00a0 8.2 Akreditaciona dokumentacija &#8211; programi stalnog stru\u010dnog usavr\u0161avanja<br \/>\n<\/span><\/p>\n<p><span style=\"color: #000000;\">\u2022\u00a0\u00a0\u00a0\u00a0\u00a0\u00a0\u00a0\u00a0\u00a0 8.3 Institucionalizacija master akademskih studija<br \/>\n<\/span><\/p>\n<p><span style=\"color: #000000;\">\u2022\u00a0\u00a0\u00a0\u00a0\u00a0\u00a0\u00a0\u00a0\u00a0 8.4 Nastavak imlpementacije i disiminacionih aktivnosti<br \/>\n<\/span><\/p>\n<p><span style=\"color: #000000;\">\u00a0<\/span><\/p>\n<p><span style=\"color: #000000;\">Efikasan i funkcionalan menad\u017ement projekta WP 9 (MGMT):<\/span><\/p>\n<p><span style=\"color: #000000;\">\u2022\u00a0\u00a0\u00a0\u00a0\u00a0\u00a0\u00a0\u00a0\u00a0 9.1 Sastanci u cilju menad\u017ementa i koordinacije<br \/>\n<\/span><\/p>\n<p><span style=\"color: #000000;\">\u2022\u00a0\u00a0\u00a0\u00a0\u00a0\u00a0\u00a0\u00a0\u00a0 9.2 Uvodni sastanak i sastanci Upravnog odbora projekta<br \/>\n<\/span><\/p>\n<p><span style=\"color: #000000;\">\u2022\u00a0\u00a0\u00a0\u00a0\u00a0\u00a0\u00a0\u00a0\u00a0 9.3 Pra\u0107enje projekta<br \/>\n<\/span><\/p>\n<p><span style=\"color: #000000;\">\u2022\u00a0\u00a0\u00a0\u00a0\u00a0\u00a0\u00a0\u00a0\u00a0 9.4 Izve\u0161tavanje<br \/>\n<\/span><\/p>\n","protected":false},"excerpt":{"rendered":"<p>\u0160iri cilj\u00a0projekta je pobolj\u0161anje u\u010deni\u010dkih postignu\u0107a u Srbiji kroz pobolj\u0161anje profesionalnih kompetencija direktora i drugih lidera u insititucijama obrazovanja i kulture. Specifi\u010dni ciljevi uklju\u010duju: Razvoj i implementacija zajedni\u010dkih, modernih, interdisciplinarnih master akademskih studija u obimu od 60 ESPB, uklju\u010duju\u0107i i razvoj programa stru\u010dnog usavr\u0161avanja na osnovu sprovedenih istra\u017eivanja i u skladu sa Pravilnikom o standardima kompetencija direktora ustanova obrazovanja i<\/p>\n","protected":false},"author":1,"featured_media":0,"parent":0,"menu_order":0,"comment_status":"open","ping_status":"closed","template":"","meta":{"footnotes":""},"class_list":["post-17","page","type-page","status-publish","hentry"],"_links":{"self":[{"href":"http:\/\/edlead.pefja.kg.ac.rs\/sr\/wp-json\/wp\/v2\/pages\/17","targetHints":{"allow":["GET"]}}],"collection":[{"href":"http:\/\/edlead.pefja.kg.ac.rs\/sr\/wp-json\/wp\/v2\/pages"}],"about":[{"href":"http:\/\/edlead.pefja.kg.ac.rs\/sr\/wp-json\/wp\/v2\/types\/page"}],"author":[{"embeddable":true,"href":"http:\/\/edlead.pefja.kg.ac.rs\/sr\/wp-json\/wp\/v2\/users\/1"}],"replies":[{"embeddable":true,"href":"http:\/\/edlead.pefja.kg.ac.rs\/sr\/wp-json\/wp\/v2\/comments?post=17"}],"version-history":[{"count":5,"href":"http:\/\/edlead.pefja.kg.ac.rs\/sr\/wp-json\/wp\/v2\/pages\/17\/revisions"}],"predecessor-version":[{"id":568,"href":"http:\/\/edlead.pefja.kg.ac.rs\/sr\/wp-json\/wp\/v2\/pages\/17\/revisions\/568"}],"wp:attachment":[{"href":"http:\/\/edlead.pefja.kg.ac.rs\/sr\/wp-json\/wp\/v2\/media?parent=17"}],"curies":[{"name":"wp","href":"https:\/\/api.w.org\/{rel}","templated":true}]}}