{"id":183,"date":"2014-04-16T20:59:04","date_gmt":"2014-04-16T18:59:04","guid":{"rendered":"http:\/\/sr.edlead.edu.rs\/?page_id=183"},"modified":"2018-01-29T13:35:03","modified_gmt":"2018-01-29T12:35:03","slug":"mapa-srbija","status":"publish","type":"page","link":"http:\/\/edlead.pefja.kg.ac.rs\/sr\/mapa-srbija\/","title":{"rendered":"EdLead mapa &#8211; Srbija"},"content":{"rendered":"<p><a href=\"\/\/edlead.pefja.kg.ac.rs\/sr\/wp-content\/uploads\/2014\/04\/Mapa-Srbija-cropped.jpg\"><img loading=\"lazy\" decoding=\"async\" class=\" wp-image-204 alignright\" src=\"http:\/\/edlead.pefja.kg.ac.rs\/sr\/wp-content\/uploads\/2014\/04\/Mapa-Srbija-cropped.jpg\" alt=\"Mapa Srbija cropped\" width=\"471\" height=\"612\" srcset=\"http:\/\/edlead.pefja.kg.ac.rs\/sr\/wp-content\/uploads\/2014\/04\/Mapa-Srbija-cropped.jpg 785w, http:\/\/edlead.pefja.kg.ac.rs\/sr\/wp-content\/uploads\/2014\/04\/Mapa-Srbija-cropped-230x300.jpg 230w\" sizes=\"auto, (max-width: 471px) 100vw, 471px\" \/><\/a><\/p>\n<p>P1 (<span style=\"color: #003366;\">UKG<\/span>) <a href=\"http:\/\/www.kg.ac.rs\/\"><strong>Univerziet u Kragujevcu<\/strong><\/a><a href=\"\/\/edlead.pefja.kg.ac.rs\/sr\/wp-content\/uploads\/2014\/04\/Mapa-Srbija-cropped.jpg\"><br \/>\n<\/a><\/p>\n<p>&nbsp;<\/p>\n<p>P2 (<span style=\"color: #003366;\">UB<\/span>) <a href=\"http:\/\/www.bg.ac.rs\/en\/\"><strong>Univerzitet u Beogradu<\/strong><\/a><\/p>\n<p>&nbsp;<\/p>\n<p>P3 (<span style=\"color: #003366;\">UNS<\/span>) <a href=\"http:\/\/www.uns.ac.rs\/index.php\/\"><strong>Univerzitet u Novom Sadu<\/strong><\/a><\/p>\n<p>&nbsp;<\/p>\n<p>P4 (<span style=\"color: #003366;\">UNI<\/span>) <a href=\"http:\/\/www.ni.ac.rs\/en\/\"><strong>Univerzitet u Ni\u0161u<\/strong><\/a><\/p>\n<p>&nbsp;<\/p>\n<p>P5 (<span style=\"color: #003366;\">IPI<\/span>) <a href=\"http:\/\/www.ipisr.org.rs\/Home\"><strong>Institut za pedago\u0161ka istra\u017eivanja, Beograd<\/strong><\/a><\/p>\n<p>&nbsp;<\/p>\n<p>P10 (<span style=\"color: #003366;\">MEST<\/span>) <a href=\"http:\/\/www.mpn.gov.rs\/\"><strong>Ministarstvo prosvete, nauke i tehnolo\u0161kog razvoja, Beograd<\/strong><\/a><\/p>\n<p>&nbsp;<\/p>\n<p>P11 (<span style=\"color: #003366;\">HTAPSNS<\/span>) <strong>Udru\u017eenje direktora osnovnih \u0161kola, Novi Sad<br \/>\n<\/strong><\/p>\n<p>&nbsp;<\/p>\n<p>P12 (<span style=\"color: #003366;\">AHSPNS<\/span>)\u00a0<strong>Udru\u017eenje direktora srednjih \u0161kola, Novi Sad<\/strong><\/p>\n<p>&nbsp;<\/p>\n<p>P13 (<span style=\"color: #003366;\">CMZ<\/span>) <a href=\"http:\/\/www.zvezdara.com\/index.php\"><strong>Gradska op\u0161tina Zvezdara, Beograd<\/strong><\/a><\/p>\n<p>&nbsp;<\/p>\n<p>&nbsp;<\/p>\n<p>&nbsp;<\/p>\n<p style=\"text-align: center;\">www.edlead.pefja.kg.ac.rs<\/p>\n","protected":false},"excerpt":{"rendered":"<p>P1 (UKG) Univerziet u Kragujevcu &nbsp; P2 (UB) Univerzitet u Beogradu &nbsp; P3 (UNS) Univerzitet u Novom Sadu &nbsp; P4 (UNI) Univerzitet u Ni\u0161u &nbsp; P5 (IPI) Institut za pedago\u0161ka istra\u017eivanja, Beograd &nbsp; P10 (MEST) Ministarstvo prosvete, nauke i tehnolo\u0161kog razvoja, Beograd &nbsp; P11 (HTAPSNS) Udru\u017eenje direktora osnovnih \u0161kola, Novi Sad &nbsp; P12 (AHSPNS)\u00a0Udru\u017eenje direktora srednjih \u0161kola, Novi Sad &nbsp;<\/p>\n","protected":false},"author":1,"featured_media":0,"parent":0,"menu_order":0,"comment_status":"closed","ping_status":"closed","template":"template-fullwidth.php","meta":{"footnotes":""},"class_list":["post-183","page","type-page","status-publish","hentry"],"_links":{"self":[{"href":"http:\/\/edlead.pefja.kg.ac.rs\/sr\/wp-json\/wp\/v2\/pages\/183","targetHints":{"allow":["GET"]}}],"collection":[{"href":"http:\/\/edlead.pefja.kg.ac.rs\/sr\/wp-json\/wp\/v2\/pages"}],"about":[{"href":"http:\/\/edlead.pefja.kg.ac.rs\/sr\/wp-json\/wp\/v2\/types\/page"}],"author":[{"embeddable":true,"href":"http:\/\/edlead.pefja.kg.ac.rs\/sr\/wp-json\/wp\/v2\/users\/1"}],"replies":[{"embeddable":true,"href":"http:\/\/edlead.pefja.kg.ac.rs\/sr\/wp-json\/wp\/v2\/comments?post=183"}],"version-history":[{"count":7,"href":"http:\/\/edlead.pefja.kg.ac.rs\/sr\/wp-json\/wp\/v2\/pages\/183\/revisions"}],"predecessor-version":[{"id":1171,"href":"http:\/\/edlead.pefja.kg.ac.rs\/sr\/wp-json\/wp\/v2\/pages\/183\/revisions\/1171"}],"wp:attachment":[{"href":"http:\/\/edlead.pefja.kg.ac.rs\/sr\/wp-json\/wp\/v2\/media?parent=183"}],"curies":[{"name":"wp","href":"https:\/\/api.w.org\/{rel}","templated":true}]}}