{"id":23,"date":"2014-04-14T11:45:34","date_gmt":"2014-04-14T09:45:34","guid":{"rendered":"http:\/\/sr.edlead.edu.rs\/?page_id=23"},"modified":"2015-03-06T11:46:21","modified_gmt":"2015-03-06T10:46:21","slug":"diseminacija","status":"publish","type":"page","link":"http:\/\/edlead.pefja.kg.ac.rs\/sr\/diseminacija\/","title":{"rendered":"Diseminacija"},"content":{"rendered":"<p style=\"text-align: justify;\"><span style=\"color: #000000;\">Aktivnosti diseminacije predvi\u0111aju izradu veb-sajta u cilju promocije master akademskih studija i programa stu\u010dnog usavr\u0161avanja, obave\u0161tavanja zainteresovanih studenata i polaznika programa usavr\u0161avanja, objavljivanja elektronske verzije bro\u0161ura i relevantnih materijala u vezi sa liderstvom u obrazovanju, kao i objavljivanja elektronske verzije priru\u010dnika &#8220;Liderstvo u obrazovanju &#8211; primeri dobre prakse&#8221;. Priru\u010dnik \u0107e biti distribuiran direktorima \u0161irom Srbije u cilju unapre\u0111ivanja kompetencija zaposlenih direktora, promocije master akademskih studija i prezentovanja relevantnih informacija.<br \/>\n<\/span><\/p>\n<p style=\"text-align: justify;\"><span style=\"color: #000000;\">Promotivne konferencije, student info dane i reklamne kampanje u medijima organizova\u0107e partnerske visoko\u0161kolske institucije.<br \/>\n<\/span><\/p>\n<p style=\"text-align: justify;\">Master akademske studije, programi stru\u010dnog usavr\u0161avanja, Mre\u017ea obrazovnih lidera (ELN &#8211;\u00a0<span style=\"color: #000000;\">Educational Leadership Network<\/span>) bi\u0107e promovisani na relevantnim konferencijama i doga\u0111ajima organizovanim od strane lokalnih, regionalnih i nacionalnih tela. Sastanci sa kreatorima obrazovnih politika i donosiocima odluka bi\u0107e organizovani u cilju prezentovanja istra\u017eiva\u010dkih nalaza i sprovedenih aktivnosti, kao i formulacije preporuka Mre\u017ee obrazovnih lidera.<\/p>\n<p style=\"text-align: justify;\">Zavr\u0161noj konferenciji projekta prisustvova\u0107e donosioci odluka kako bi promovisali me\u0111unarodnu saradnju, pomogli aktivnosti diseminacije i doprineli \u0161irenju saznanja o efektivnim obukama za obrazovanje lidera.<\/p>\n<p>&nbsp;<\/p>\n","protected":false},"excerpt":{"rendered":"<p>Aktivnosti diseminacije predvi\u0111aju izradu veb-sajta u cilju promocije master akademskih studija i programa stu\u010dnog usavr\u0161avanja, obave\u0161tavanja zainteresovanih studenata i polaznika programa usavr\u0161avanja, objavljivanja elektronske verzije bro\u0161ura i relevantnih materijala u vezi sa liderstvom u obrazovanju, kao i objavljivanja elektronske verzije priru\u010dnika &#8220;Liderstvo u obrazovanju &#8211; primeri dobre prakse&#8221;. Priru\u010dnik \u0107e biti distribuiran direktorima \u0161irom Srbije u cilju unapre\u0111ivanja kompetencija zaposlenih<\/p>\n","protected":false},"author":1,"featured_media":0,"parent":0,"menu_order":0,"comment_status":"open","ping_status":"closed","template":"","meta":{"footnotes":""},"class_list":["post-23","page","type-page","status-publish","hentry"],"_links":{"self":[{"href":"http:\/\/edlead.pefja.kg.ac.rs\/sr\/wp-json\/wp\/v2\/pages\/23","targetHints":{"allow":["GET"]}}],"collection":[{"href":"http:\/\/edlead.pefja.kg.ac.rs\/sr\/wp-json\/wp\/v2\/pages"}],"about":[{"href":"http:\/\/edlead.pefja.kg.ac.rs\/sr\/wp-json\/wp\/v2\/types\/page"}],"author":[{"embeddable":true,"href":"http:\/\/edlead.pefja.kg.ac.rs\/sr\/wp-json\/wp\/v2\/users\/1"}],"replies":[{"embeddable":true,"href":"http:\/\/edlead.pefja.kg.ac.rs\/sr\/wp-json\/wp\/v2\/comments?post=23"}],"version-history":[{"count":5,"href":"http:\/\/edlead.pefja.kg.ac.rs\/sr\/wp-json\/wp\/v2\/pages\/23\/revisions"}],"predecessor-version":[{"id":575,"href":"http:\/\/edlead.pefja.kg.ac.rs\/sr\/wp-json\/wp\/v2\/pages\/23\/revisions\/575"}],"wp:attachment":[{"href":"http:\/\/edlead.pefja.kg.ac.rs\/sr\/wp-json\/wp\/v2\/media?parent=23"}],"curies":[{"name":"wp","href":"https:\/\/api.w.org\/{rel}","templated":true}]}}