{"id":32,"date":"2014-04-14T11:52:47","date_gmt":"2014-04-14T09:52:47","guid":{"rendered":"http:\/\/sr.edlead.edu.rs\/?page_id=32"},"modified":"2018-01-29T13:34:51","modified_gmt":"2018-01-29T12:34:51","slug":"mapa","status":"publish","type":"page","link":"http:\/\/edlead.pefja.kg.ac.rs\/sr\/mapa\/","title":{"rendered":"EdLead mapa"},"content":{"rendered":"<p><a href=\"\/\/edlead.pefja.kg.ac.rs\/sr\/wp-content\/uploads\/2014\/04\/Mapa-Evropa-cropped.jpg\" target=\"_blank\" rel=\"noopener\"><img loading=\"lazy\" decoding=\"async\" class=\"wp-image-154 alignright\" src=\"\/\/edlead.pefja.kg.ac.rs\/sr\/wp-content\/uploads\/2014\/04\/Mapa-Evropa-cropped.jpg\" alt=\"MASTER PROGRAM IN EDUCATIONAL LEADERSHIP MAP\" width=\"521\" height=\"501\" srcset=\"http:\/\/edlead.pefja.kg.ac.rs\/sr\/wp-content\/uploads\/2014\/04\/Mapa-Evropa-cropped.jpg 980w, http:\/\/edlead.pefja.kg.ac.rs\/sr\/wp-content\/uploads\/2014\/04\/Mapa-Evropa-cropped-300x288.jpg 300w\" sizes=\"auto, (max-width: 521px) 100vw, 521px\" \/><\/a><\/p>\n<p><span style=\"color: #ff0000;\"><strong>Koordinator:<\/strong><\/span><\/p>\n<p>P1 (UKG) <a href=\"http:\/\/www.kg.ac.rs\/\"><strong>Univerzitet u Kragujevcu, Srbija<\/strong><\/a><\/p>\n<p><span style=\"color: #ff0000;\"><strong>Partnerske institutcije:<\/strong><\/span><\/p>\n<p>P2 (UB) <a href=\"http:\/\/www.bg.ac.rs\/en\/\"><strong>Univerzitet u Beogradu, Srbija<\/strong><\/a><\/p>\n<p>P3 (UNS) <a href=\"http:\/\/www.uns.ac.rs\/index.php\/\"><strong>Univerzitet u Novom Sadu, Srbija<\/strong><\/a><\/p>\n<p>P4 (UNI) <a href=\"http:\/\/www.ni.ac.rs\/en\/\"><strong>Univerzitet u Ni\u0161u, Srbija<\/strong><\/a><\/p>\n<p>P5 (IPI) <a href=\"http:\/\/www.ipisr.org.rs\/\"><strong>Institut za pedago\u0161ka istra\u017eivanja, Srbija<\/strong><\/a><\/p>\n<p>P6 (NSO)\u00a0 <a href=\"http:\/\/www.schoolleadership.eu\/portal\/partner\/netherlands-school-educational-management-nso\"><strong>Holandska \u0161kola za \u0161kolski menad\u017ement, Amsterdam, Holandija<\/strong><\/a><\/p>\n<p>P7 (UJ) <a href=\"http:\/\/www.jyu.fi\/en\/\"><strong>Univerziet u Juvaskuli, Juvaskula, Finska<\/strong><\/a><\/p>\n<p>P8 (SZTE) <a href=\"http:\/\/www.u-szeged.hu\/english\/\"><strong>Univerzitet u Segedinu, Segedin, Ma\u0111arska<\/strong><\/a><\/p>\n<p>P9 (UIAC) <a href=\"http:\/\/www.uaic.ro\/en\/\"><strong>Univerzitet Aleksandar Joan Kuza, Ja\u0161i, Rumunija<\/strong><\/a><\/p>\n<p>P10 (MEST) <a href=\"http:\/\/www.mpn.gov.rs\/\"><strong>Ministarstvo prosvete, nauke i tehnolo\u0161kog razvoja, Srbija<\/strong><\/a><\/p>\n<p>P11 (HTAPSNS) <strong><span style=\"color: #333399;\">Udru\u017eenje direktora osnovnih \u0161kola, Novi Sad, Srbija<\/span><br \/>\n<\/strong><\/p>\n<p>P12 (AHSPNS)\u00a0<span style=\"color: #333399;\"><strong>Udru\u017eenje direktora srednjih \u0161kola, Novi Sad, Srbija<\/strong><\/span><\/p>\n<p>P13 (CMZ) <a href=\"http:\/\/www.zvezdara.com\/index.php\"><strong>Gradska op\u0161tina Zvezdara, Beograd, Srbija<\/strong><\/a><\/p>\n<p>&nbsp;<\/p>\n<p>&nbsp;<\/p>\n","protected":false},"excerpt":{"rendered":"<p>Koordinator: P1 (UKG) Univerzitet u Kragujevcu, Srbija Partnerske institutcije: P2 (UB) Univerzitet u Beogradu, Srbija P3 (UNS) Univerzitet u Novom Sadu, Srbija P4 (UNI) Univerzitet u Ni\u0161u, Srbija P5 (IPI) Institut za pedago\u0161ka istra\u017eivanja, Srbija P6 (NSO)\u00a0 Holandska \u0161kola za \u0161kolski menad\u017ement, Amsterdam, Holandija P7 (UJ) Univerziet u Juvaskuli, Juvaskula, Finska P8 (SZTE) Univerzitet u Segedinu, Segedin, Ma\u0111arska P9 (UIAC)<\/p>\n","protected":false},"author":1,"featured_media":0,"parent":0,"menu_order":0,"comment_status":"closed","ping_status":"closed","template":"template-fullwidth.php","meta":{"footnotes":""},"class_list":["post-32","page","type-page","status-publish","hentry"],"_links":{"self":[{"href":"http:\/\/edlead.pefja.kg.ac.rs\/sr\/wp-json\/wp\/v2\/pages\/32","targetHints":{"allow":["GET"]}}],"collection":[{"href":"http:\/\/edlead.pefja.kg.ac.rs\/sr\/wp-json\/wp\/v2\/pages"}],"about":[{"href":"http:\/\/edlead.pefja.kg.ac.rs\/sr\/wp-json\/wp\/v2\/types\/page"}],"author":[{"embeddable":true,"href":"http:\/\/edlead.pefja.kg.ac.rs\/sr\/wp-json\/wp\/v2\/users\/1"}],"replies":[{"embeddable":true,"href":"http:\/\/edlead.pefja.kg.ac.rs\/sr\/wp-json\/wp\/v2\/comments?post=32"}],"version-history":[{"count":7,"href":"http:\/\/edlead.pefja.kg.ac.rs\/sr\/wp-json\/wp\/v2\/pages\/32\/revisions"}],"predecessor-version":[{"id":1170,"href":"http:\/\/edlead.pefja.kg.ac.rs\/sr\/wp-json\/wp\/v2\/pages\/32\/revisions\/1170"}],"wp:attachment":[{"href":"http:\/\/edlead.pefja.kg.ac.rs\/sr\/wp-json\/wp\/v2\/media?parent=32"}],"curies":[{"name":"wp","href":"https:\/\/api.w.org\/{rel}","templated":true}]}}