{"id":44,"date":"2014-04-14T11:58:42","date_gmt":"2014-04-14T09:58:42","guid":{"rendered":"http:\/\/sr.edlead.edu.rs\/?page_id=44"},"modified":"2015-03-06T11:47:38","modified_gmt":"2015-03-06T10:47:38","slug":"plan-rada","status":"publish","type":"page","link":"http:\/\/edlead.pefja.kg.ac.rs\/sr\/plan-rada\/","title":{"rendered":"Plan rada"},"content":{"rendered":"<table>\n<tbody>\n<tr>\n<td width=\"121\">\n<h6 style=\"text-align: justify;\"><span style=\"color: #ff0000;\"><strong>Radni paket <\/strong><\/span><\/h6>\n<h6 style=\"text-align: justify;\"><span style=\"color: #ff0000;\"><strong>Redni br.<br \/>\n<\/strong><\/span><\/h6>\n<\/td>\n<td width=\"150\">\n<h6><span style=\"color: #ff0000;\"><strong>Vrsta radnog paketa<br \/>\n<\/strong><\/span><\/h6>\n<\/td>\n<td width=\"264\">\n<h6 style=\"text-align: center;\"><span style=\"color: #ff0000;\"><strong>Naziv radnog paketa<br \/>\n<\/strong><\/span><\/h6>\n<\/td>\n<td width=\"48\">\n<h6 style=\"text-align: center;\"><span style=\"color: #ff0000;\"><strong>Po\u010detak<\/strong><\/span><\/h6>\n<\/td>\n<td width=\"55\">\n<h6 style=\"text-align: center;\"><span style=\"color: #ff0000;\"><strong>Kraj<\/strong><\/span><\/h6>\n<\/td>\n<\/tr>\n<tr>\n<td width=\"121\">\n<h6><span style=\"color: #000080;\"><strong>RP.1<\/strong><\/span><\/h6>\n<\/td>\n<td width=\"150\">\n<h6><span style=\"color: #000080;\">Razvoj<\/span><\/h6>\n<\/td>\n<td width=\"264\">\n<h6><span style=\"color: #000080;\">Analiza potreba i pregled stanja, efektivni programi za obrazovanje lidera<br \/>\n<\/span><\/h6>\n<\/td>\n<td width=\"48\">\n<h6 style=\"text-align: center;\"><span style=\"color: #000080;\">3<\/span><\/h6>\n<\/td>\n<td width=\"55\">\n<h6 style=\"text-align: center;\"><span style=\"color: #000080;\">8<\/span><\/h6>\n<\/td>\n<\/tr>\n<tr>\n<td width=\"121\">\n<h6><strong>RP.2<\/strong><\/h6>\n<\/td>\n<td width=\"150\">\n<h6>Razvoj<\/h6>\n<\/td>\n<td width=\"264\">\n<h6>Razvoj silabusa, materijala, metoda; Nabavka opreme<\/h6>\n<\/td>\n<td width=\"48\">\n<h6 style=\"text-align: center;\">9<\/h6>\n<\/td>\n<td width=\"55\">\n<h6 style=\"text-align: center;\">18<\/h6>\n<\/td>\n<\/tr>\n<tr>\n<td width=\"121\">\n<h6><span style=\"color: #000080;\"><strong>RP.3<\/strong><\/span><\/h6>\n<\/td>\n<td width=\"150\">\n<h6><span style=\"color: #000080;\">Razvoj<\/span><\/h6>\n<\/td>\n<td width=\"264\">\n<h6><span style=\"color: #000080;\">Obuka mentora i nastavnika<br \/>\n<\/span><\/h6>\n<\/td>\n<td width=\"48\">\n<h6 style=\"text-align: center;\"><span style=\"color: #000080;\">9<\/span><\/h6>\n<\/td>\n<td width=\"55\">\n<h6 style=\"text-align: center;\"><span style=\"color: #000080;\">18<\/span><\/h6>\n<\/td>\n<\/tr>\n<tr>\n<td width=\"121\">\n<h6><strong>RP.4<\/strong><\/h6>\n<\/td>\n<td width=\"150\">\n<h6>Razvoj<\/h6>\n<\/td>\n<td width=\"264\">\n<h6>Implementacija master akademskih studija i programa stru\u010dnog usavr\u0161avanja<\/h6>\n<\/td>\n<td width=\"48\">\n<h6 style=\"text-align: center;\">22<\/h6>\n<\/td>\n<td width=\"55\">\n<h6 style=\"text-align: center;\">36<\/h6>\n<\/td>\n<\/tr>\n<tr>\n<td width=\"121\">\n<h6><span style=\"color: #000080;\"><strong>RP.5<\/strong><\/span><\/h6>\n<\/td>\n<td width=\"150\">\n<h6><span style=\"color: #000080;\">Razvoj<\/span><\/h6>\n<\/td>\n<td width=\"264\">\n<h6><span style=\"color: #000080;\">Mre\u017ea obrazovnih lidera<br \/>\n<\/span><\/h6>\n<\/td>\n<td width=\"48\">\n<h6 style=\"text-align: center;\"><span style=\"color: #000080;\">11<\/span><\/h6>\n<\/td>\n<td width=\"55\">\n<h6 style=\"text-align: center;\"><span style=\"color: #000080;\">36<\/span><\/h6>\n<\/td>\n<\/tr>\n<tr>\n<td width=\"121\">\n<h6><strong>RP.6<\/strong><\/h6>\n<\/td>\n<td width=\"150\">\n<h6>Kvalitet<\/h6>\n<\/td>\n<td width=\"264\">\n<h6>Plan za obezbe\u0111enje i proveru kvaliteta<\/h6>\n<\/td>\n<td width=\"48\">\n<h6 style=\"text-align: center;\">4<\/h6>\n<\/td>\n<td width=\"55\">\n<h6 style=\"text-align: center;\">35<\/h6>\n<\/td>\n<\/tr>\n<tr>\n<td width=\"121\">\n<h6><span style=\"color: #000080;\"><strong>RP.7<\/strong><\/span><\/h6>\n<\/td>\n<td width=\"150\">\n<h6><span style=\"color: #000080;\">Diseminacija<\/span><\/h6>\n<\/td>\n<td width=\"264\">\n<h6><span style=\"color: #000080;\">Disemninacija projekta i rezultata<br \/>\n<\/span><\/h6>\n<\/td>\n<td width=\"48\">\n<h6 style=\"text-align: center;\"><span style=\"color: #000080;\">3<\/span><\/h6>\n<\/td>\n<td width=\"55\">\n<h6 style=\"text-align: center;\"><span style=\"color: #000080;\">36<\/span><\/h6>\n<\/td>\n<\/tr>\n<tr>\n<td width=\"121\">\n<h6><strong>RP.8<\/strong><\/h6>\n<\/td>\n<td width=\"150\">\n<h6>Upotreba<\/h6>\n<\/td>\n<td width=\"264\">\n<h6>Institucionalizacija master akademskih studija i programa stru\u010dnog usavr\u0161avanja<\/h6>\n<\/td>\n<td width=\"48\">\n<h6 style=\"text-align: center;\">16<\/h6>\n<\/td>\n<td width=\"55\">\n<h6 style=\"text-align: center;\">36<\/h6>\n<\/td>\n<\/tr>\n<tr>\n<td width=\"121\">\n<h6><span style=\"color: #000080;\"><strong>RP.9<\/strong><\/span><\/h6>\n<\/td>\n<td width=\"150\">\n<h6><span style=\"color: #000080;\">Menad\u017ement<\/span><\/h6>\n<\/td>\n<td width=\"264\">\n<h6><span style=\"color: #000080;\">Menad\u017emen projekta (komunikacija i finansije)<br \/>\n<\/span><\/h6>\n<\/td>\n<td width=\"48\">\n<h6 style=\"text-align: center;\"><span style=\"color: #000080;\">1<\/span><\/h6>\n<\/td>\n<td width=\"55\">\n<h6 style=\"text-align: center;\"><span style=\"color: #000080;\">36<\/span><\/h6>\n<\/td>\n<\/tr>\n<\/tbody>\n<\/table>\n<p>&nbsp;<\/p>\n","protected":false},"excerpt":{"rendered":"<p>Radni paket Redni br. Vrsta radnog paketa Naziv radnog paketa Po\u010detak Kraj RP.1 Razvoj Analiza potreba i pregled stanja, efektivni programi za obrazovanje lidera 3 8 RP.2 Razvoj Razvoj silabusa, materijala, metoda; Nabavka opreme 9 18 RP.3 Razvoj Obuka mentora i nastavnika 9 18 RP.4 Razvoj Implementacija master akademskih studija i programa stru\u010dnog usavr\u0161avanja 22 36 RP.5 Razvoj Mre\u017ea obrazovnih<\/p>\n","protected":false},"author":1,"featured_media":0,"parent":0,"menu_order":0,"comment_status":"open","ping_status":"closed","template":"","meta":{"footnotes":""},"class_list":["post-44","page","type-page","status-publish","hentry"],"_links":{"self":[{"href":"http:\/\/edlead.pefja.kg.ac.rs\/sr\/wp-json\/wp\/v2\/pages\/44","targetHints":{"allow":["GET"]}}],"collection":[{"href":"http:\/\/edlead.pefja.kg.ac.rs\/sr\/wp-json\/wp\/v2\/pages"}],"about":[{"href":"http:\/\/edlead.pefja.kg.ac.rs\/sr\/wp-json\/wp\/v2\/types\/page"}],"author":[{"embeddable":true,"href":"http:\/\/edlead.pefja.kg.ac.rs\/sr\/wp-json\/wp\/v2\/users\/1"}],"replies":[{"embeddable":true,"href":"http:\/\/edlead.pefja.kg.ac.rs\/sr\/wp-json\/wp\/v2\/comments?post=44"}],"version-history":[{"count":5,"href":"http:\/\/edlead.pefja.kg.ac.rs\/sr\/wp-json\/wp\/v2\/pages\/44\/revisions"}],"predecessor-version":[{"id":576,"href":"http:\/\/edlead.pefja.kg.ac.rs\/sr\/wp-json\/wp\/v2\/pages\/44\/revisions\/576"}],"wp:attachment":[{"href":"http:\/\/edlead.pefja.kg.ac.rs\/sr\/wp-json\/wp\/v2\/media?parent=44"}],"curies":[{"name":"wp","href":"https:\/\/api.w.org\/{rel}","templated":true}]}}