{"id":46,"date":"2014-04-14T11:58:51","date_gmt":"2014-04-14T09:58:51","guid":{"rendered":"http:\/\/sr.edlead.edu.rs\/?page_id=46"},"modified":"2015-03-06T08:50:35","modified_gmt":"2015-03-06T07:50:35","slug":"aktivnosti","status":"publish","type":"page","link":"http:\/\/edlead.pefja.kg.ac.rs\/sr\/aktivnosti\/","title":{"rendered":"Aktivnosti"},"content":{"rendered":"<p>&nbsp;<\/p>\n<p><strong>1.1<\/strong> Analiza potreba i stanja liderstva u obrazovanju u Srbiji &#8211; 120 direktora i stru\u010dnih saradnika <span style=\"color: #ff0000;\">(M3-M5)<\/span>; Izve\u0161taj <span style=\"color: #ff0000;\">(M6)<\/span><\/p>\n<p><strong>1.2<\/strong> Pregled aktuelne teorije i empirijskih nalaza, kao i pripremnih programa za obrazovanje lidera u obrazovanju <span style=\"color: #ff0000;\">(M3-M5)<\/span>; Izve\u0161taj <span style=\"color: #ff0000;\">(M6)<\/span><\/p>\n<p><strong>1.3<\/strong> Sastanak konzorcijuma na P6 (NSO) &#8211; analiza nalaza i prikupljanje relevantnih informacija u vezi sa liderstvom u obrazovanju u Srbiji; usvajanje koncepcije master akademskih studija i programa stru\u010dnog usavr\u0161avanja; aktivnost obuhvata i profesionalni razvoj univerzitetskih nastavnika na master akademskim studijama i sastanak Upravnog odbora projekta <span style=\"color: #ff0000;\">(M7)<\/span><\/p>\n<p><strong>1.4<\/strong> Izrada zavr\u0161nog izve\u0161taja koji sadr\u017ei koncepciju i strukturu master akademskih studija i programa stru\u010dnog usavr\u0161avanja (ciljne grupe, ishodi, kompetencije, broj i raspored predmeta, obavezni \/ izborni, ESPB) <span style=\"color: #ff0000;\">(M8)<\/span><\/p>\n<p>&nbsp;<\/p>\n<p>&nbsp;<\/p>\n<p><strong>2.1<\/strong> Detaljni razvoj silabusa svih predmeta i programa stru\u010dnog usavr\u0161avanja <span style=\"color: #ff0000;\">(M9-M13)<\/span><\/p>\n<p><strong>2.2\u00a0<\/strong> Identifikovanje relevantnih nastavnih materijala (literatura, video klipovi<span id=\"58f6b6d9-60dc-4d7b-a2ff-5c0f4031ad82\" class=\"GINGER_SOFTWARE_mark\"><\/span><span id=\"58f6b6d9-60dc-4d7b-a2ff-5c0f4031ad82\" class=\"GINGER_SOFTWARE_mark\"><\/span><span id=\"58f6b6d9-60dc-4d7b-a2ff-5c0f4031ad82\" class=\"GINGER_SOFTWARE_mark\"><\/span><span id=\"58f6b6d9-60dc-4d7b-a2ff-5c0f4031ad82\" class=\"GINGER_SOFTWARE_mark\"><span id=\"b0c3456a-bf80-4344-b7ca-4173bf06e603\" class=\"GINGER_SOFTWARE_mark\"><\/span><\/span><span id=\"58f6b6d9-60dc-4d7b-a2ff-5c0f4031ad82\" class=\"GINGER_SOFTWARE_mark\"><span id=\"b0c3456a-bf80-4344-b7ca-4173bf06e603\" class=\"GINGER_SOFTWARE_mark\"><\/span><\/span><span id=\"58f6b6d9-60dc-4d7b-a2ff-5c0f4031ad82\" class=\"GINGER_SOFTWARE_mark\"><span id=\"b0c3456a-bf80-4344-b7ca-4173bf06e603\" class=\"GINGER_SOFTWARE_mark\"><span id=\"36140aba-7d7b-4b60-863f-4852638eddd7\" class=\"GINGER_SOFTWARE_mark\"><\/span><\/span><\/span>) i nastavnih metoda za svaki predmet (predavanja, grupni rad, samostalni istra\u017eiva\u010dki rad<span id=\"02b98547-cd3b-421b-96ea-6dbf4c8c0138\" class=\"GINGER_SOFTWARE_mark\"><\/span><span id=\"02b98547-cd3b-421b-96ea-6dbf4c8c0138\" class=\"GINGER_SOFTWARE_mark\"><\/span><span id=\"02b98547-cd3b-421b-96ea-6dbf4c8c0138\" class=\"GINGER_SOFTWARE_mark\"><\/span><span id=\"02b98547-cd3b-421b-96ea-6dbf4c8c0138\" class=\"GINGER_SOFTWARE_mark\"><span id=\"bdf7b70f-6259-41ab-a5b7-ec3ff0e3d497\" class=\"GINGER_SOFTWARE_mark\"><\/span><\/span><span id=\"02b98547-cd3b-421b-96ea-6dbf4c8c0138\" class=\"GINGER_SOFTWARE_mark\"><span id=\"bdf7b70f-6259-41ab-a5b7-ec3ff0e3d497\" class=\"GINGER_SOFTWARE_mark\"><span id=\"932eb7bb-0b88-44b2-a86e-168158eab0d8\" class=\"GINGER_SOFTWARE_mark\"><\/span><\/span><\/span>) <span style=\"color: #ff0000;\">(M9-M13)<\/span><\/p>\n<p><strong>2.3<\/strong> Sastanak konzorcijuma na P8 &#8211; Segedin &#8211; prezentacija i komentarisanje predloga silabusa, nastavnih metoda i materijala, procedura za obezbe\u0111enje i proveru kvaliteta (Aktivnost 6.4); uklju\u010duje i profesionalni razvoj univerzitetskih nastavnika kao i sastanak Upravnog odbora projekta <span style=\"color: #ff0000;\">(M14)<\/span><\/p>\n<p><strong>2.4<\/strong> Revizija i zavr\u0161etak finalnih verzija silabusa, nastavnih metoda i materijala na osnovu prethodnih preporuka i istra\u017eiva\u010dkih nalaza\u00a0 <span style=\"color: #ff0000;\">(M15-M16)<\/span><\/p>\n<p><strong>2.5<\/strong> Nabavka opreme <span style=\"color: #ff0000;\">(M14)<\/span>, javna nabavka, instalacija opreme i nabavka knjiga <span style=\"color: #ff0000;\">(M17-M18)<\/span><\/p>\n<p>&nbsp;<\/p>\n<p>&nbsp;<\/p>\n<p><strong>3.1<\/strong> Selekcija univerzitetskih nastavnika koji \u0107e biti anga\u017eovani na master akademskim studijama i programima stru\u010dnog usavr\u0161avanja (25), selekcija direktora mentora (25) mentora zaposlenih u regionalnim \u0161kolskim upravama (25) odabir mentora za pru\u017eanje prakti\u010dne obuke studentima master akademskih studija i polaznicima programa stru\u010dnog usavr\u0161avanja <span style=\"color: #ff0000;\">(M9)<\/span><\/p>\n<p><strong>3.2<\/strong> Obuka 75 univerzitetskih nastavnika i budu\u0107ih mentora od strane inostranih partnera <span style=\"color: #ff0000;\">(M11-M18)<\/span><\/p>\n<p><strong>3.3<\/strong> Sastanak konzorcijuma na P7 &#8211; Univerzitet u Juvaskuli &#8211; dorada i finalizacija nastavnih predmeta \/ programa stru\u010dnog usavr\u0161avanja,\u00a0 pronala\u017eenje i prevazila\u017eenje prepreka i smetnji u vezi sa implementacijom master akademskih studija i programa stru\u010dnog usavr\u0161avanja;\u00a0uklju\u010duje i profesionalni razvoj univerzitetskih nastavnika kao i sastanak Upravnog odbora projekta <span style=\"color: #ff0000;\">(M19)<\/span><\/p>\n<p>&nbsp;<\/p>\n<p>&nbsp;<\/p>\n<p><strong>4.1<\/strong> Uspostavljanje kriterijuma za upis na master akademske studije, procedura selektovanja i upisivanja 50 studenata na master akademske studije i 25 studenata na programe profesionalnog usavr\u0161avanja <span style=\"color: #ff0000;\">(M22)<\/span><\/p>\n<p><strong>4.2<\/strong> Implementacija master akademskih studija i programa stru\u010dnog usavr\u0161avanja <span style=\"color: #ff0000;\">(M23-M36)<\/span><\/p>\n<p><strong>4.3<\/strong> Seminari \/ radonice inostranih predava\u010da u Srbiji <span style=\"color: #ff0000;\">(M24, M28)<\/span><\/p>\n<p><strong>4.4<\/strong> Organizovanje studijskih putovanja u partnerske zemlje iz EU (20) <span style=\"color: #ff0000;\">(M29-M30)<\/span><\/p>\n<p>&nbsp;<\/p>\n<p>&nbsp;<\/p>\n<p><strong>5.1<\/strong> Osnivanje Mre\u017ee lidera u obrazovanju me\u0111u partnerima <span style=\"color: #ff0000;\">(M11)<\/span><\/p>\n<p><strong>5.2<\/strong> Identifikovanje glavnih pitanja, smetnji i prepreka za liderstvo u obrazovanju u Srbiji kao i zainteresovanih strana za razvoj liderstva u obrazovanju <span style=\"color: #ff0000;\">(M15-M16, M19-M20, M23-M24, M27-M28, M31-M32, M35-M36)<\/span><\/p>\n<p><strong>5.3<\/strong> Sastanak sa kreatorima obrazovnih politika i\u00a0donosiocima odluka u cilju razmene iskustava, utvr\u0111ivanja preporuka i otklanjanja smetni i prepreka u liderstvu u obrazovanju u Srbiji <span style=\"color: #ff0000;\">(M22, M26, M30, M34)<\/span><\/p>\n<p>&nbsp;<\/p>\n<p>&nbsp;<\/p>\n<p><strong>6.1<\/strong> Formativna evaluacija projekta (kurikulum, silabusi,nastavne metode i materijali, programi obuka, implementacija) u okviru partnerskih institucija <span style=\"color: #ff0000;\">(M6, M13, M18, M25, M32-M33)<\/span><\/p>\n<p><strong>6.2<\/strong> Evaluacija projekta (kurikulum, silabusi, nastavne metode i materijali, procedure za obezbe\u0111enje i proveru kvaliteta,obuke implementacija) od strane inostranih ekperata <span style=\"color: #ff0000;\">(M9, M17, M27, M32-M33, M35)<\/span><\/p>\n<p><strong>6.3<\/strong> Me\u0111uprojekatsko savetovanje (inter-Tempus coaching) <span style=\"color: #ff0000;\">(M18)<\/span><\/p>\n<p><strong>6.4<\/strong> Razvoj, usvajanje i primena procedura obezbe\u0111enja i provere kvaliteta\u00a0 <span style=\"color: #ff0000;\">(M4-M5, M14, M16-M17, M28-M29)<\/span><\/p>\n<p>&nbsp;<\/p>\n<p>&nbsp;<\/p>\n<p><strong>7.1<\/strong> Izrada veb-sajta, odr\u017eavanje i a\u017euriranje <span style=\"color: #ff0000;\">(M3-M36)<\/span><\/p>\n<p><strong>7.2<\/strong> Priprema <span style=\"color: #ff0000;\">(M16-M17)<\/span> i distribucija priru\u010dnika &#8211; <em>Liderstvo u obrazovanju &#8211; primeri dobre prakse\u00a0<\/em> <span style=\"color: #ff0000;\">(M18-M19, M22, M30-M31, M34)<\/span><\/p>\n<p><strong>7.3<\/strong> Priprema <span style=\"color: #ff0000;\">(M17)<\/span> i distribucija bro\u0161ure &#8211; <em>Master akademske studije Liderstvo u obrazovanju<\/em> <em>i programi stru\u010dnog usavr\u0161avanja<\/em> <span style=\"color: #ff0000;\">(M18-M19, M22, M30-M31, M34)<\/span><\/p>\n<p><strong>7.4<\/strong> Promocija master akademskih studija, programa stru\u010dnog usavr\u0161avanja, Mre\u017ee lidera u obrazovanju na obrazovnim konferencijama i srodnim doga\u0111ajima (organizovanim od strane Ministarstva prosvete, nauke i tehnolo\u0161kog razvoja, regionalnih obrazovnih insistucija i centrima za profesionalni razvoj<span id=\"3217ba23-3aa2-4320-926e-9d1924daf1b6\" class=\"GINGER_SOFTWARE_mark\"><span id=\"8e41c662-178d-430b-87d9-6c382b9e3cfb\" class=\"GINGER_SOFTWARE_mark\"><span id=\"fa671fdf-20c8-41d9-a150-42085160723e\" class=\"GINGER_SOFTWARE_mark\"><\/span><\/span><\/span><span id=\"27a4d20a-22b7-4ea2-a4dd-f73a130f48cd\" class=\"GINGER_SOFTWARE_mark\"><span id=\"ee7775d7-e01b-4a2d-b37e-1d7235a1149a\" class=\"GINGER_SOFTWARE_mark\"><span id=\"941a5521-105d-42d6-a7ee-16cc8a08fa76\" class=\"GINGER_SOFTWARE_mark\"><\/span><\/span><\/span>)\u00a0 <span style=\"color: #ff0000;\">(M18-M36)<\/span><\/p>\n<p><strong>7.5<\/strong> Konferencije u cilju diseminacije \/ Info dani za studente <span style=\"color: #ff0000;\">M18-M19, M22, M30-M31, M34)<\/span><\/p>\n<p><strong>7.6<\/strong> Zavr\u0161na konferencija <span style=\"color: #ff0000;\">(M34)<\/span><\/p>\n<p>&nbsp;<\/p>\n<p>&nbsp;<\/p>\n<p><strong>8.1<\/strong> Priprema i podno\u0161enje akreditacione dokumentacije za master akademske studije <span style=\"color: #ff0000;\">(M16-M17)<\/span><\/p>\n<p><strong>8.2<\/strong>\u00a0 Priprema i podno\u0161enje akreditacione dokumentacije za <em>Katalog programa stalnog stru\u010dnog usavr\u0161avanja nastavnika, vaspita\u010da i stru\u010dnih saradnika \u00a0<\/em> <span style=\"color: #ff0000;\">(M16-M17)<\/span><\/p>\n<p><strong>8.3<\/strong> Institucionalizacija master akademskih studija u saradnji sa visoko\u0161kolskim partnerima na projektu osnivanjem nadzornih tela u cilju definisanja obaveza i prava u vezi sa zajedni\u010dkim master akademskim studijama <span style=\"color: #ff0000;\">(M16-M17)<\/span>; eventualna revizija ranijih dogovora <span style=\"color: #ff0000;\">(M28-M29)<\/span><\/p>\n<p><strong>8.4<\/strong> Nastavak rada na slede\u0107im aktivnostima: <span id=\"f1e366ca-f97a-49f1-a9b9-86a8fb082f6e\" class=\"GINGER_SOFTWARE_mark\">Izrada i a\u017euriranje veb-sajta<\/span>; Distribucija bro\u0161ure; Promocija master akademskih studija i programa stru\u010dnog usavr\u0161avanja, dani otvorenih vrata i info dani za studente; rad Mre\u017ee obrazovnih lidera; Evaluacija programa <span style=\"color: #ff0000;\">(M16-M36)<\/span><\/p>\n<p>&nbsp;<\/p>\n<p>&nbsp;<\/p>\n<p><strong>9.1<\/strong> Sastanak partnera viskoko\u0161kolskih institucija u cilju koordinacije, menad\u017ementa i rada na projekatskim aktivnostima <span style=\"color: #ff0000;\">(M1-M36)<\/span><\/p>\n<p><strong>9.2<\/strong> Uvodni sastanak i sastanci Upravnog odbora <span style=\"color: #ff0000;\">(M2, M7, M14, M19, M26<\/span> &#8211; preko video konferencije, <span style=\"color: #ff0000;\">M34)<\/span><\/p>\n<p><strong>9.3<\/strong> Pra\u0107enje projekta <span style=\"color: #ff0000;\">(M1-M36)<\/span><\/p>\n<p><strong>9.4<\/strong> Izve\u0161tavanje (<span id=\"e9c9557e-2a75-4c5c-83ee-a17f5ecf788d\" class=\"GINGER_SOFTWARE_mark\"><span id=\"95902ebb-5600-4c46-a8b0-0d477de98ed0\" class=\"GINGER_SOFTWARE_mark\"><span id=\"72e2726f-d2b7-4b0f-842e-a9b9a3c410ff\" class=\"GINGER_SOFTWARE_mark\">\u010detiri interna izve\u0161taja<\/span><\/span><\/span> <span style=\"color: #ff0000;\">(M6, M12, M24, M30)<\/span>, Izve\u0161taj napretka <span style=\"color: #ff0000;\">(M17-M18)<\/span>, Izve\u0161taj revizije <span style=\"color: #ff0000;\">(M35-M36)<\/span>, Zavr\u0161ni izve\u0161taj <span style=\"color: #ff0000;\">(M35-M36))<\/span><\/p>\n<p>&nbsp;<\/p>\n","protected":false},"excerpt":{"rendered":"<p>&nbsp; 1.1 Analiza potreba i stanja liderstva u obrazovanju u Srbiji &#8211; 120 direktora i stru\u010dnih saradnika (M3-M5); Izve\u0161taj (M6) 1.2 Pregled aktuelne teorije i empirijskih nalaza, kao i pripremnih programa za obrazovanje lidera u obrazovanju (M3-M5); Izve\u0161taj (M6) 1.3 Sastanak konzorcijuma na P6 (NSO) &#8211; analiza nalaza i prikupljanje relevantnih informacija u vezi sa liderstvom u obrazovanju u Srbiji;<\/p>\n","protected":false},"author":1,"featured_media":0,"parent":0,"menu_order":0,"comment_status":"open","ping_status":"closed","template":"","meta":{"footnotes":""},"class_list":["post-46","page","type-page","status-publish","hentry"],"_links":{"self":[{"href":"http:\/\/edlead.pefja.kg.ac.rs\/sr\/wp-json\/wp\/v2\/pages\/46","targetHints":{"allow":["GET"]}}],"collection":[{"href":"http:\/\/edlead.pefja.kg.ac.rs\/sr\/wp-json\/wp\/v2\/pages"}],"about":[{"href":"http:\/\/edlead.pefja.kg.ac.rs\/sr\/wp-json\/wp\/v2\/types\/page"}],"author":[{"embeddable":true,"href":"http:\/\/edlead.pefja.kg.ac.rs\/sr\/wp-json\/wp\/v2\/users\/1"}],"replies":[{"embeddable":true,"href":"http:\/\/edlead.pefja.kg.ac.rs\/sr\/wp-json\/wp\/v2\/comments?post=46"}],"version-history":[{"count":5,"href":"http:\/\/edlead.pefja.kg.ac.rs\/sr\/wp-json\/wp\/v2\/pages\/46\/revisions"}],"predecessor-version":[{"id":558,"href":"http:\/\/edlead.pefja.kg.ac.rs\/sr\/wp-json\/wp\/v2\/pages\/46\/revisions\/558"}],"wp:attachment":[{"href":"http:\/\/edlead.pefja.kg.ac.rs\/sr\/wp-json\/wp\/v2\/media?parent=46"}],"curies":[{"name":"wp","href":"https:\/\/api.w.org\/{rel}","templated":true}]}}